{"id":2787,"date":"2022-03-20T11:49:08","date_gmt":"2022-03-20T10:49:08","guid":{"rendered":"https:\/\/www.canjosep.com\/?page_id=2787"},"modified":"2024-04-02T16:27:31","modified_gmt":"2024-04-02T14:27:31","slug":"service-spa-massage","status":"publish","type":"page","link":"https:\/\/www.canjosep.com\/fr\/service-spa-massage\/","title":{"rendered":"SPA et massages"},"content":{"rendered":"<p>Nous avons un SPA avec cascades, jacuzzi et bain turc, o\u00f9 vous pourrez vous d\u00e9tendre pendant votre s\u00e9jour \u00e0 l&rsquo;<strong>H\u00f4tel Can Josep<\/strong> et profiter des excellentes vues qu&rsquo;il offre. Acc\u00e8s de 50 minutes inclus avec votre r\u00e9servation.<br \/>\nNous offrons \u00e9galement un service de massage, vous pouvez voir le menu ci-dessous. La r\u00e9servation pr\u00e9alable est obligatoire via le formulaire ci-dessous.<\/p>\n<p>Pour plus d&rsquo;informations et r\u00e9servations, vous pouvez remplir le formulaire ou nous appeler au <strong>977 428 240<\/strong><\/p>\n<div style=\"text-align:right;\"><a style=\"margin-left: 20px; margin-right: 20px;\" href=\"https:\/\/www.canjosep.com\/fr\/service-spa-massage\/#reservar\" class=\"button-standard large \"><span class=\"icon-leaf\"> <\/span> R\u00e9serveur un massage<\/a><\/div>\n<h3 class=\"titol_massatges\">CARTE DE MASSAGE ET TRAITEMENTS<\/h3>\n<p class=\"subtitol_massatges\">D\u00e9tendez votre corps et r\u00e9confortez votre \u00e2me<\/p>\n<p><center><img loading=\"lazy\" decoding=\"async\" class=\"wp-image-2939 aligncenter\" src=\"https:\/\/www.canjosep.com\/wp-content\/uploads\/2022\/05\/divider_can_josep-1024x66.png\" alt=\"\" width=\"716\" height=\"46\" srcset=\"https:\/\/www.canjosep.com\/wp-content\/uploads\/2022\/05\/divider_can_josep-1024x66.png 1024w, https:\/\/www.canjosep.com\/wp-content\/uploads\/2022\/05\/divider_can_josep-300x19.png 300w, https:\/\/www.canjosep.com\/wp-content\/uploads\/2022\/05\/divider_can_josep-768x50.png 768w, https:\/\/www.canjosep.com\/wp-content\/uploads\/2022\/05\/divider_can_josep-1536x100.png 1536w, https:\/\/www.canjosep.com\/wp-content\/uploads\/2022\/05\/divider_can_josep-2048x133.png 2048w\" sizes=\"(max-width: 716px) 100vw, 716px\" \/><\/center><br \/>\n<div class='eight columns'><\/p>\n<h5><\/h5>\n<h5 class=\"titol_massatge\">Massage relaxant du corps entier 50&prime;<\/h5>\n<p style=\"text-align: center;\">C&rsquo;est un massage relaxant du corps entier aux essences de lavande et de menthe<br \/>\nD\u00e9tendez votre corps et votre esprit et cr\u00e9ez une sensation de bien-\u00eatre<\/p>\n<p style=\"text-align: center;\"><strong>Tarif massage par personne: 65\u20ac<\/strong><\/p>\n<hr class=\"separador_massatges\">\n<h5><\/h5>\n<h5 class=\"titol_massatge\">R\u00e9flexologie des pieds 35\u2019<\/h5>\n<p style=\"text-align: center;\">Technique th\u00e9rapeutique bas\u00e9e sur la stimulation manuelle de certains points des pieds afin de provoquer des effets b\u00e9n\u00e9fiques sur d&rsquo;autres parties du corps.<br \/>\nCette th\u00e9rapie aide \u00e0 \u00e9quilibrer les niveaux d&rsquo;\u00e9nergie.<\/p>\n<p style=\"text-align: center;\"><strong>Tarif massage: 55\u20ac<\/strong><\/p>\n<hr class=\"separador_massatges\">\n<h5><\/h5>\n<h5 class=\"titol_massatge\">Massage relaxant 45\u2019<\/h5>\n<p style=\"text-align: center;\">Massage du corps entier qui aide \u00e0 r\u00e9duire les douleurs musculaires<br \/>\nD\u00e9tendez votre corps et votre esprit et cr\u00e9ez une sensation de bien-\u00eatre<\/p>\n<p style=\"text-align: center;\"><strong>Tarif massage par personne: 70\u20ac<\/strong><\/p>\n<hr class=\"separador_massatges\">\n<h5><\/h5>\n<h5 class=\"titol_massatge\">Massage avec partenaire<\/h5>\n<p style=\"text-align: center;\">Massage relaxant du corps entier con\u00e7u pour une journ\u00e9e de d\u00e9tente<br \/>\n25&prime; de massage par personne<br \/>\nD\u00e9tendez votre corps et votre esprit et cr\u00e9ez une sensation de bien-\u00eatre<\/p>\n<p style=\"text-align: center;\"><strong>Prix \u200b\u200bdu massage pour les couples: 110\u20ac<\/strong><\/p>\n<hr class=\"separador_massatges\" \/>\n<h5><\/h5>\n<h5 class=\"titol_massatge\">SPA<\/h5>\n<h5 class=\"subtitol_massatge\">Trouver la sant\u00e9 gr\u00e2ce \u00e0 l&rsquo;eau<\/h5>\n<p style=\"text-align: center;\">Compl\u00e9tez votre exp\u00e9rience avec un acc\u00e8s de 50&prime; \u00e0 notre SPA :<\/p>\n<p style=\"text-align: center;\"><strong>SPA partag\u00e9 50&prime; : 25 \u20ac par personne<\/strong><\/p>\n<p style=\"text-align: center;\"><strong>SPA priv\u00e9 de 50&prime;, avec cava et chocolats : 65 \u20ac par couple<\/strong><\/p>\n<p><\/div><\/p>\n<div class='eight columns'><\/p>\n<h5 class=\"titol_massatge\">Soin visage revitalisant 50&prime;<\/h5>\n<p style=\"text-align: center;\">Traitement revitalisant qui apporte \u00e0 la peau une recharge en vitamines et min\u00e9raux, r\u00e9tablissant l&rsquo;\u00e9quilibre perdu au fil du temps.<\/p>\n<p style=\"text-align: center;\">Hygi\u00e8ne du visage en profondeur.<\/p>\n<p style=\"text-align: center;\">Laissez votre peau d\u00e9couvrir le plaisir d&rsquo;une exp\u00e9rience personnalis\u00e9e.<\/p>\n<p style=\"text-align: center;\"><strong>Tarif soin : 65\u20ac<\/strong><\/p>\n<hr class=\"separador_massatges\" \/>\n<h5><\/h5>\n<h5 class=\"titol_massatge\">Soin corps sans gommage \u00e0 l&rsquo;olive 100&#215;100 BIO 70&prime;<\/h5>\n<p style=\"text-align: center;\">Soin hydratant et nourrissant.<\/p>\n<p style=\"text-align: center;\">D\u00e9tendez votre corps et votre esprit en vous plongeant dans le plaisir des sens.<\/p>\n<p style=\"text-align: center;\">Le gommage \u00e0 l&rsquo;olive \u00ab <strong>L&rsquo;or liquide de notre terre<\/strong> \u00bb, \u00e0 l&rsquo;ar\u00f4me de caf\u00e9 et de menthe, renouvelle la peau, la laissant douce avec une hydratation suppl\u00e9mentaire.<\/p>\n<p style=\"text-align: center;\">Massage complet du corps avec des huiles corporelles hydratantes, permettant une relaxation compl\u00e8te du corps et de l&rsquo;esprit.<\/p>\n<p style=\"text-align: center;\"><strong>Tarif soin: 110\u20ac<\/strong><\/p>\n<hr class=\"separador_massatges\" \/>\n<h5><\/h5>\n<h5 class=\"titol_massatge\">Soin Corps Nourrissant au Gommage aux P\u00e9pins de Raisin Cabernet 70&prime;<\/h5>\n<p style=\"text-align: center;\">D\u00e9tendez votre corps et votre esprit en vous plongeant dans le plaisir des sens.<\/p>\n<p style=\"text-align: center;\">Soin exfoliant \u00ab <strong>P\u00e9pins de Raisin Cabernet<\/strong> \u00bb qui \u00e9limine en douceur les cellules mortes, r\u00e9duit les irr\u00e9gularit\u00e9s cutan\u00e9es et la nourrit, produisant un effet peau neuve imm\u00e9diat, laissant la peau lisse et nourrie.<\/p>\n<p style=\"text-align: center;\">Massage complet du corps avec \u00ab <strong>Hyaluronic Nourishing Vine Tie<\/strong> \u00bb, laisse la peau d\u00e9licatement parfum\u00e9e de notes de musc blanc, de n\u00e9roli et de gingembre, pour une peau plus douce, plus souple et lumineuse.<\/p>\n<p style=\"text-align: center;\"><strong>Tarif soin: 110\u20ac<\/strong><\/p>\n<p><\/div><div class='clear'><\/div>\n<p>* Les tarifs sont valables pour les clients s\u00e9journant et non s\u00e9journant.<br \/>\n<div class='eight columns'><br \/>\n<a href=\"https:\/\/www.canjosep.com\/wp-content\/uploads\/2015\/06\/spa_canjosep_piscina.jpg\" rel=\"lightbox[2787]\"><img loading=\"lazy\" decoding=\"async\" class=\"alignnone wp-image-2771 size-large\" src=\"https:\/\/www.canjosep.com\/wp-content\/uploads\/2015\/06\/spa_canjosep_piscina.jpg\" alt=\"\" width=\"1024\" height=\"569\"><\/a> <a href=\"https:\/\/www.canjosep.com\/wp-content\/uploads\/2015\/06\/spa_canjosep_massatges.jpg\" rel=\"lightbox[2787]\"><img loading=\"lazy\" decoding=\"async\" class=\"alignnone size-large wp-image-2766\" src=\"https:\/\/www.canjosep.com\/wp-content\/uploads\/2015\/06\/spa_canjosep_massatges.jpg\" alt=\"\" width=\"1024\" height=\"569\"><\/a><br \/>\n<\/div><br \/>\n<div class='eight columns'><br \/>\n<a name=\"reservar\"><\/a><\/p>\n<h4 style=\"text-align: center; margin-top:-30px;\">R\u00c9SERVER SPA ET MASSAGES<\/h4>\n<p>Il est indispensable de faire une demande de r\u00e9servation. Une fois re\u00e7u, nous vous contacterons (par email ou par t\u00e9l\u00e9phone) pour confirmer la r\u00e9servation.<br \/>\n\n<div class=\"wpcf7 no-js\" id=\"wpcf7-f2980-o1\" lang=\"ca\" dir=\"ltr\">\n<div class=\"screen-reader-response\"><p role=\"status\" aria-live=\"polite\" aria-atomic=\"true\"><\/p> <ul><\/ul><\/div>\n<form action=\"\/fr\/wp-json\/wp\/v2\/pages\/2787#wpcf7-f2980-o1\" method=\"post\" class=\"wpcf7-form init\" aria-label=\"Formulari de contacte\" novalidate=\"novalidate\" data-status=\"init\">\n<div style=\"display: none;\">\n<input type=\"hidden\" name=\"_wpcf7\" value=\"2980\" \/>\n<input type=\"hidden\" name=\"_wpcf7_version\" value=\"5.8.6\" \/>\n<input type=\"hidden\" name=\"_wpcf7_locale\" value=\"ca\" \/>\n<input type=\"hidden\" name=\"_wpcf7_unit_tag\" value=\"wpcf7-f2980-o1\" \/>\n<input type=\"hidden\" name=\"_wpcf7_container_post\" value=\"0\" \/>\n<input type=\"hidden\" name=\"_wpcf7_posted_data_hash\" value=\"\" \/>\n<input type=\"hidden\" name=\"_wpcf7_recaptcha_response\" value=\"\" \/>\n<\/div>\n<p>Pr\u00e9nom: <span class=\"wpcf7-form-control-wrap\" data-name=\"your-name\"><input size=\"40\" class=\"wpcf7-form-control wpcf7-text wpcf7-validates-as-required\" aria-required=\"true\" aria-invalid=\"false\" placeholder=\"Entrez votre nom\" value=\"\" type=\"text\" name=\"your-name\" \/><\/span>\n<\/p>\n<p>Email: <span class=\"wpcf7-form-control-wrap\" data-name=\"your-email\"><input size=\"40\" class=\"wpcf7-form-control wpcf7-email wpcf7-validates-as-required wpcf7-text wpcf7-validates-as-email\" aria-required=\"true\" aria-invalid=\"false\" placeholder=\"Entrez votre email\" value=\"\" type=\"email\" name=\"your-email\" \/><\/span>\n<\/p>\n<p>T\u00e9l\u00e9phoner: <span class=\"wpcf7-form-control-wrap\" data-name=\"your-phone\"><input size=\"40\" class=\"wpcf7-form-control wpcf7-tel wpcf7-validates-as-required wpcf7-text wpcf7-validates-as-tel\" aria-required=\"true\" aria-invalid=\"false\" placeholder=\"Entrez votre t\u00e9l\u00e9phone\" value=\"\" type=\"tel\" name=\"your-phone\" \/><\/span>\n<\/p>\n<p>Type de massage: <span class=\"wpcf7-form-control-wrap\" data-name=\"massatge\"><select class=\"wpcf7-form-control wpcf7-select wpcf7-validates-as-required\" aria-required=\"true\" aria-invalid=\"false\" name=\"massatge\"><option value=\"Massage relaxant du corps entier 50&#039;\">Massage relaxant du corps entier 50&#039;<\/option><option value=\"R\u00e9flexologie des pieds 35&#039;\">R\u00e9flexologie des pieds 35&#039;<\/option><option value=\"Massage relaxant 45&#039;\">Massage relaxant 45&#039;<\/option><option value=\"Massage avec partenaire\">Massage avec partenaire<\/option><option value=\"SPA 50&#039;\">SPA 50&#039;<\/option><option value=\"SPA priv\u00e9 avec cava et chocolats 50&#039;\">SPA priv\u00e9 avec cava et chocolats 50&#039;<\/option><option value=\"Soin visage revitalisant 50&#039;\">Soin visage revitalisant 50&#039;<\/option><option value=\"Soin corps sans gommage \u00e0 l&#039;olive 70&#039;\">Soin corps sans gommage \u00e0 l&#039;olive 70&#039;<\/option><option value=\"Soin Corps aux P\u00e9pins de Raisin Cabernet 70&#039;\">Soin Corps aux P\u00e9pins de Raisin Cabernet 70&#039;<\/option><\/select><\/span>\n<\/p>\n<p>Vous souhaitez acc\u00e9der au SPA ?: <span class=\"wpcf7-form-control-wrap\" data-name=\"spa\"><span class=\"wpcf7-form-control wpcf7-radio\"><span class=\"wpcf7-list-item first\"><label><input type=\"radio\" name=\"spa\" value=\"Non\" checked=\"checked\" \/><span class=\"wpcf7-list-item-label\">Non<\/span><\/label><\/span><span class=\"wpcf7-list-item last\"><label><input type=\"radio\" name=\"spa\" value=\"Oui\" \/><span class=\"wpcf7-list-item-label\">Oui<\/span><\/label><\/span><\/span><\/span>\n<\/p>\n<p>Date et l'heure: <span class=\"wpcf7-form-control-wrap\" data-name=\"data_reserva\"><input class=\"wpcf7-form-control wpcf7-date wpcf7-validates-as-required wpcf7-validates-as-date\" aria-required=\"true\" aria-invalid=\"false\" value=\"\" type=\"date\" name=\"data_reserva\" \/><\/span><span class=\"wpcf7-form-control-wrap\" data-name=\"hora_reserva\"><select class=\"wpcf7-form-control wpcf7-select wpcf7-validates-as-required\" aria-required=\"true\" aria-invalid=\"false\" name=\"hora_reserva\"><option value=\"16h\">16h<\/option><option value=\"17h\">17h<\/option><option value=\"18h\">18h<\/option><option value=\"19h\">19h<\/option><\/select><\/span>\n<\/p>\n<p><label for=\"privacy\" class=\"privacy-label\"><span class=\"wpcf7-form-control-wrap\" data-name=\"proteccio-dades\"><span class=\"wpcf7-form-control wpcf7-acceptance\"><span class=\"wpcf7-list-item\"><input type=\"checkbox\" name=\"proteccio-dades\" value=\"1\" id=\"privacy\" aria-invalid=\"false\" \/><\/span><\/span><\/span> J'ai lu et accepte le <a href=\"http:\/\/canjosep.com\/proteccio-dades-personals-4\/\" target=\"_blank\">Clause d'information sur la protection des donn\u00e9es.<\/a><\/label>\n<\/p>\n<p><button type=\"submit\" id=\"submit-button\">Envoyer <span class=\"icon-envelope\"><\/span><\/button>\n<\/p><div class=\"wpcf7-response-output\" aria-hidden=\"true\"><\/div>\n<\/form>\n<\/div>\n<br \/>\n<\/div><div class='clear'><\/div><\/p>\n","protected":false},"excerpt":{"rendered":"<p>Nous avons un SPA avec cascades, jacuzzi et bain turc, o\u00f9 vous pourrez vous d\u00e9tendre pendant votre s\u00e9jour \u00e0 l&rsquo;H\u00f4tel Can Josep et profiter des excellentes vues qu&rsquo;il offre. Acc\u00e8s de 50 minutes inclus avec votre r\u00e9servation. Nous offrons \u00e9galement un service de massage, vous pouvez voir le menu ci-dessous. La r\u00e9servation pr\u00e9alable est obligatoire via le formulaire ci-dessous. Pour plus d&rsquo;informations et r\u00e9servations, vous pouvez remplir le formulaire ou nous appeler au 977 428 240 CARTE DE MASSAGE ET TRAITEMENTS D\u00e9tendez votre corps et r\u00e9confortez votre \u00e2me * Les tarifs sont valables pour les clients s\u00e9journant et non s\u00e9journant.<\/p>\n","protected":false},"author":5,"featured_media":0,"parent":0,"menu_order":0,"comment_status":"open","ping_status":"open","template":"page-fullwidth.php","meta":{"footnotes":""},"yoast_head":"<!-- This site is optimized with the Yoast SEO plugin v21.9.1 - https:\/\/yoast.com\/wordpress\/plugins\/seo\/ -->\n<title>SPA et massages - Hotel - Restaurant Can Josep<\/title>\n<meta name=\"robots\" content=\"index, follow, max-snippet:-1, max-image-preview:large, max-video-preview:-1\" \/>\n<link rel=\"canonical\" href=\"https:\/\/www.canjosep.com\/fr\/service-spa-massage\/\" \/>\n<meta property=\"og:locale\" content=\"fr_FR\" \/>\n<meta property=\"og:type\" content=\"article\" \/>\n<meta property=\"og:title\" content=\"SPA et massages - Hotel - Restaurant Can Josep\" \/>\n<meta property=\"og:description\" content=\"Nous avons un SPA avec cascades, jacuzzi et bain turc, o\u00f9 vous pourrez vous d\u00e9tendre pendant votre s\u00e9jour \u00e0 l&rsquo;H\u00f4tel Can Josep et profiter des excellentes vues qu&rsquo;il offre. Acc\u00e8s de 50 minutes inclus avec votre r\u00e9servation. Nous offrons \u00e9galement un service de massage, vous pouvez voir le menu ci-dessous. La r\u00e9servation pr\u00e9alable est obligatoire via le formulaire ci-dessous. Pour plus d&rsquo;informations et r\u00e9servations, vous pouvez remplir le formulaire ou nous appeler au 977 428 240 CARTE DE MASSAGE ET TRAITEMENTS D\u00e9tendez votre corps et r\u00e9confortez votre \u00e2me * Les tarifs sont valables pour les clients s\u00e9journant et non s\u00e9journant.\" \/>\n<meta property=\"og:url\" content=\"https:\/\/www.canjosep.com\/fr\/service-spa-massage\/\" \/>\n<meta property=\"og:site_name\" content=\"Hotel - Restaurant Can Josep\" \/>\n<meta property=\"article:modified_time\" content=\"2024-04-02T14:27:31+00:00\" \/>\n<meta property=\"og:image\" content=\"https:\/\/www.canjosep.com\/wp-content\/uploads\/2022\/05\/divider_can_josep-1024x66.png\" \/>\n<meta name=\"twitter:card\" content=\"summary_large_image\" \/>\n<meta name=\"twitter:label1\" content=\"Dur\u00e9e de lecture estim\u00e9e\" \/>\n\t<meta name=\"twitter:data1\" content=\"4 minutes\" \/>\n<script type=\"application\/ld+json\" class=\"yoast-schema-graph\">{\"@context\":\"https:\/\/schema.org\",\"@graph\":[{\"@type\":\"WebPage\",\"@id\":\"https:\/\/www.canjosep.com\/fr\/service-spa-massage\/\",\"url\":\"https:\/\/www.canjosep.com\/fr\/service-spa-massage\/\",\"name\":\"SPA et massages - Hotel - Restaurant Can Josep\",\"isPartOf\":{\"@id\":\"https:\/\/www.canjosep.com\/#website\"},\"datePublished\":\"2022-03-20T10:49:08+00:00\",\"dateModified\":\"2024-04-02T14:27:31+00:00\",\"breadcrumb\":{\"@id\":\"https:\/\/www.canjosep.com\/fr\/service-spa-massage\/#breadcrumb\"},\"inLanguage\":\"fr-FR\",\"potentialAction\":[{\"@type\":\"ReadAction\",\"target\":[\"https:\/\/www.canjosep.com\/fr\/service-spa-massage\/\"]}]},{\"@type\":\"BreadcrumbList\",\"@id\":\"https:\/\/www.canjosep.com\/fr\/service-spa-massage\/#breadcrumb\",\"itemListElement\":[{\"@type\":\"ListItem\",\"position\":1,\"name\":\"Inici\",\"item\":\"https:\/\/www.canjosep.com\/fr\/\"},{\"@type\":\"ListItem\",\"position\":2,\"name\":\"SPA et massages\"}]},{\"@type\":\"WebSite\",\"@id\":\"https:\/\/www.canjosep.com\/#website\",\"url\":\"https:\/\/www.canjosep.com\/\",\"name\":\"Hotel - Restaurant Can Josep\",\"description\":\"\",\"potentialAction\":[{\"@type\":\"SearchAction\",\"target\":{\"@type\":\"EntryPoint\",\"urlTemplate\":\"https:\/\/www.canjosep.com\/?s={search_term_string}\"},\"query-input\":\"required name=search_term_string\"}],\"inLanguage\":\"fr-FR\"}]}<\/script>\n<!-- \/ Yoast SEO plugin. -->","yoast_head_json":{"title":"SPA et massages - Hotel - Restaurant Can Josep","robots":{"index":"index","follow":"follow","max-snippet":"max-snippet:-1","max-image-preview":"max-image-preview:large","max-video-preview":"max-video-preview:-1"},"canonical":"https:\/\/www.canjosep.com\/fr\/service-spa-massage\/","og_locale":"fr_FR","og_type":"article","og_title":"SPA et massages - Hotel - Restaurant Can Josep","og_description":"Nous avons un SPA avec cascades, jacuzzi et bain turc, o\u00f9 vous pourrez vous d\u00e9tendre pendant votre s\u00e9jour \u00e0 l&rsquo;H\u00f4tel Can Josep et profiter des excellentes vues qu&rsquo;il offre. Acc\u00e8s de 50 minutes inclus avec votre r\u00e9servation. Nous offrons \u00e9galement un service de massage, vous pouvez voir le menu ci-dessous. La r\u00e9servation pr\u00e9alable est obligatoire via le formulaire ci-dessous. Pour plus d&rsquo;informations et r\u00e9servations, vous pouvez remplir le formulaire ou nous appeler au 977 428 240 CARTE DE MASSAGE ET TRAITEMENTS D\u00e9tendez votre corps et r\u00e9confortez votre \u00e2me * Les tarifs sont valables pour les clients s\u00e9journant et non s\u00e9journant.","og_url":"https:\/\/www.canjosep.com\/fr\/service-spa-massage\/","og_site_name":"Hotel - Restaurant Can Josep","article_modified_time":"2024-04-02T14:27:31+00:00","og_image":[{"url":"https:\/\/www.canjosep.com\/wp-content\/uploads\/2022\/05\/divider_can_josep-1024x66.png"}],"twitter_card":"summary_large_image","twitter_misc":{"Dur\u00e9e de lecture estim\u00e9e":"4 minutes"},"schema":{"@context":"https:\/\/schema.org","@graph":[{"@type":"WebPage","@id":"https:\/\/www.canjosep.com\/fr\/service-spa-massage\/","url":"https:\/\/www.canjosep.com\/fr\/service-spa-massage\/","name":"SPA et massages - Hotel - Restaurant Can Josep","isPartOf":{"@id":"https:\/\/www.canjosep.com\/#website"},"datePublished":"2022-03-20T10:49:08+00:00","dateModified":"2024-04-02T14:27:31+00:00","breadcrumb":{"@id":"https:\/\/www.canjosep.com\/fr\/service-spa-massage\/#breadcrumb"},"inLanguage":"fr-FR","potentialAction":[{"@type":"ReadAction","target":["https:\/\/www.canjosep.com\/fr\/service-spa-massage\/"]}]},{"@type":"BreadcrumbList","@id":"https:\/\/www.canjosep.com\/fr\/service-spa-massage\/#breadcrumb","itemListElement":[{"@type":"ListItem","position":1,"name":"Inici","item":"https:\/\/www.canjosep.com\/fr\/"},{"@type":"ListItem","position":2,"name":"SPA et massages"}]},{"@type":"WebSite","@id":"https:\/\/www.canjosep.com\/#website","url":"https:\/\/www.canjosep.com\/","name":"Hotel - Restaurant Can Josep","description":"","potentialAction":[{"@type":"SearchAction","target":{"@type":"EntryPoint","urlTemplate":"https:\/\/www.canjosep.com\/?s={search_term_string}"},"query-input":"required name=search_term_string"}],"inLanguage":"fr-FR"}]}},"_links":{"self":[{"href":"https:\/\/www.canjosep.com\/fr\/wp-json\/wp\/v2\/pages\/2787"}],"collection":[{"href":"https:\/\/www.canjosep.com\/fr\/wp-json\/wp\/v2\/pages"}],"about":[{"href":"https:\/\/www.canjosep.com\/fr\/wp-json\/wp\/v2\/types\/page"}],"author":[{"embeddable":true,"href":"https:\/\/www.canjosep.com\/fr\/wp-json\/wp\/v2\/users\/5"}],"replies":[{"embeddable":true,"href":"https:\/\/www.canjosep.com\/fr\/wp-json\/wp\/v2\/comments?post=2787"}],"version-history":[{"count":9,"href":"https:\/\/www.canjosep.com\/fr\/wp-json\/wp\/v2\/pages\/2787\/revisions"}],"predecessor-version":[{"id":3434,"href":"https:\/\/www.canjosep.com\/fr\/wp-json\/wp\/v2\/pages\/2787\/revisions\/3434"}],"wp:attachment":[{"href":"https:\/\/www.canjosep.com\/fr\/wp-json\/wp\/v2\/media?parent=2787"}],"curies":[{"name":"wp","href":"https:\/\/api.w.org\/{rel}","templated":true}]}}