{"id":1253,"date":"2015-07-06T16:16:59","date_gmt":"2015-07-06T14:16:59","guid":{"rendered":"http:\/\/canjosep.com\/menjador-amb-vistes-2\/"},"modified":"2022-10-26T16:56:47","modified_gmt":"2022-10-26T14:56:47","slug":"une-salle-a-manger-avec-vue","status":"publish","type":"page","link":"https:\/\/www.canjosep.com\/fr\/une-salle-a-manger-avec-vue\/","title":{"rendered":"Une salle \u00e0 manger avec vue"},"content":{"rendered":"<p>\n\t\t\t<!-- START Menjador Vistes REVOLUTION SLIDER 6.4.11 --><p class=\"rs-p-wp-fix\"><\/p>\n\t\t\t<rs-module-wrap id=\"rev_slider_4_1_wrapper\" data-source=\"gallery\" data-aimg=\"\"  style=\"background:#E9E9E9;padding:0;margin:0px auto;margin-top:0;margin-bottom:0;\">\n\t\t\t\t<rs-module id=\"rev_slider_4_1\" style=\"\" data-version=\"6.4.11\">\n\t\t\t\t\t<rs-slides>\n\t\t\t\t\t\t<rs-slide data-key=\"rs-13\" data-title=\"Slide 1\" data-anim=\"ms:300;\" data-in=\"o:0;x:100%;\" data-out=\"a:false;\">\n\t\t\t\t\t\t\t<img loading=\"lazy\" decoding=\"async\" src=\"\/\/www.canjosep.com\/wp-content\/uploads\/2015\/07\/IMG_5555.jpg\" alt=\"Menjador amb vistes\" title=\"IMG_5555\" width=\"1200\" height=\"898\" class=\"rev-slidebg tp-rs-img\" data-no-retina>\n<!---->\t\t\t\t\t\t<\/rs-slide>\n\t\t\t\t\t\t<rs-slide data-key=\"rs-14\" data-title=\"Slide 2\" data-anim=\"ms:300;\" data-in=\"o:0;x:100%;\" data-out=\"a:false;\">\n\t\t\t\t\t\t\t<img loading=\"lazy\" decoding=\"async\" src=\"\/\/www.canjosep.com\/wp-content\/uploads\/2015\/06\/canjosep_menjador_rellotge.jpg\" title=\"canjosep_menjador_rellotge\" width=\"1200\" height=\"800\" class=\"rev-slidebg tp-rs-img\" data-bg=\"p:center bottom;\" data-no-retina>\n<!---->\t\t\t\t\t\t<\/rs-slide>\n\t\t\t\t\t\t<rs-slide data-key=\"rs-15\" data-title=\"Slide 3\" data-anim=\"ms:300;\" data-in=\"o:0;x:100%;\" data-out=\"a:false;\">\n\t\t\t\t\t\t\t<img loading=\"lazy\" decoding=\"async\" src=\"\/\/www.canjosep.com\/wp-content\/uploads\/2015\/06\/IMG_7625.jpg\" alt=\"Menjador amb Vistes\" title=\"IMG_7625\" width=\"1200\" height=\"800\" class=\"rev-slidebg tp-rs-img\" data-bg=\"p:center top;\" data-no-retina>\n<!---->\t\t\t\t\t\t<\/rs-slide>\n\t\t\t\t\t\t<rs-slide data-key=\"rs-16\" data-title=\"Slide 4\" data-anim=\"ms:300;\" data-in=\"o:0;x:100%;\" data-out=\"a:false;\">\n\t\t\t\t\t\t\t<img loading=\"lazy\" decoding=\"async\" src=\"\/\/www.canjosep.com\/wp-content\/uploads\/2015\/06\/IMG_6035.jpg\" alt=\"Menjador amb Vistes\" title=\"IMG_6035\" width=\"1200\" height=\"955\" class=\"rev-slidebg tp-rs-img\" data-bg=\"p:center top;\" data-no-retina>\n<!---->\t\t\t\t\t\t<\/rs-slide>\n\t\t\t\t\t\t<rs-slide data-key=\"rs-17\" data-title=\"Slide 5\" data-anim=\"ms:300;\" data-in=\"o:0;x:100%;\" data-out=\"a:false;\">\n\t\t\t\t\t\t\t<img loading=\"lazy\" decoding=\"async\" src=\"\/\/www.canjosep.com\/wp-content\/uploads\/2015\/06\/IMG_6260.jpg\" alt=\"Menjador amb Vistes\" title=\"IMG_6260\" width=\"1200\" height=\"911\" class=\"rev-slidebg tp-rs-img\" data-bg=\"p:center top;\" data-no-retina>\n<!---->\t\t\t\t\t\t<\/rs-slide>\n\t\t\t\t\t\t<rs-slide data-key=\"rs-18\" data-title=\"Slide 6\" data-anim=\"ms:300;\" data-in=\"o:0;x:100%;\" data-out=\"a:false;\">\n\t\t\t\t\t\t\t<img loading=\"lazy\" decoding=\"async\" src=\"\/\/www.canjosep.com\/wp-content\/uploads\/2015\/06\/IMG_6163.jpg\" alt=\"Menjador amb Vistes\" title=\"IMG_6163\" width=\"1200\" height=\"728\" class=\"rev-slidebg tp-rs-img\" data-bg=\"p:center top;\" data-no-retina>\n<!---->\t\t\t\t\t\t<\/rs-slide>\n\t\t\t\t\t<\/rs-slides>\n\t\t\t\t<\/rs-module>\n\t\t\t\t<script type=\"text\/javascript\">\n\t\t\t\t\tsetREVStartSize({c: 'rev_slider_4_1',rl:[1240,1024,778,480],el:[900],gw:[1200],gh:[900],type:'standard',justify:'',layout:'fullwidth',mh:\"900\"});\n\t\t\t\t\tvar\trevapi4,\n\t\t\t\t\t\ttpj;\n\t\t\t\t\tfunction revinit_revslider41() {\n\t\t\t\t\tjQuery(function() {\n\t\t\t\t\t\ttpj = jQuery;\n\t\t\t\t\t\trevapi4 = tpj(\"#rev_slider_4_1\");\n\t\t\t\t\t\ttpj.noConflict();\n\t\t\t\t\t\tif(revapi4==undefined || revapi4.revolution == undefined){\n\t\t\t\t\t\t\trevslider_showDoubleJqueryError(\"rev_slider_4_1\");\n\t\t\t\t\t\t}else{\n\t\t\t\t\t\t\trevapi4.revolution({\n\t\t\t\t\t\t\t\tDPR:\"dpr\",\n\t\t\t\t\t\t\t\tsliderLayout:\"fullwidth\",\n\t\t\t\t\t\t\t\tduration:4000,\n\t\t\t\t\t\t\t\tvisibilityLevels:\"1240,1024,778,480\",\n\t\t\t\t\t\t\t\tgridwidth:1200,\n\t\t\t\t\t\t\t\tgridheight:900,\n\t\t\t\t\t\t\t\tminHeight:900,\n\t\t\t\t\t\t\t\tspinner:\"spinner0\",\n\t\t\t\t\t\t\t\tperspective:600,\n\t\t\t\t\t\t\t\tperspectiveType:\"local\",\n\t\t\t\t\t\t\t\teditorheight:\"900,768,960,720\",\n\t\t\t\t\t\t\t\tresponsiveLevels:\"1240,1024,778,480\",\n\t\t\t\t\t\t\t\tshadow:2,\n\t\t\t\t\t\t\t\tprogressBar: {\n\t\t\t\t\t\t\t\t\tcolor:\"#FFFFFF\",\n\t\t\t\t\t\t\t\t\tvertical:\"top\",\n\t\t\t\t\t\t\t\t\tsize:5,\n\t\t\t\t\t\t\t\t\tx:0,\n\t\t\t\t\t\t\t\t\ty:0\n\t\t\t\t\t\t\t\t},\n\t\t\t\t\t\t\t\tnavigation: {\n\t\t\t\t\t\t\t\t\tmouseScrollNavigation:false,\n\t\t\t\t\t\t\t\t\twheelCallDelay:1000,\n\t\t\t\t\t\t\t\t\ttouch: {\n\t\t\t\t\t\t\t\t\t\ttouchenabled:true\n\t\t\t\t\t\t\t\t\t}\n\t\t\t\t\t\t\t\t},\n\t\t\t\t\t\t\t\tfallbacks: {\n\t\t\t\t\t\t\t\t\tallowHTML5AutoPlayOnAndroid:true\n\t\t\t\t\t\t\t\t},\n\t\t\t\t\t\t\t});\n\t\t\t\t\t\t}\n\t\t\t\t\t\t\n\t\t\t\t\t});\n\t\t\t\t\t} \/\/ End of RevInitScript\n\t\t\t\tvar once_revslider41 = false;\n\t\t\t\tif (document.readyState === \"loading\") {document.addEventListener('readystatechange',function() { if((document.readyState === \"interactive\" || document.readyState === \"complete\") && !once_revslider41 ) { once_revslider41 = true; revinit_revslider41();}});} else {once_revslider41 = true; revinit_revslider41();}\n\t\t\t\t<\/script>\n\t\t\t<\/rs-module-wrap>\n\t\t\t<!-- END REVOLUTION SLIDER -->\n<br \/>\n<div class='eight columns'><br \/>\n<h3> R\u00c9SERVEZ VOTRE TABLE&nbsp;<\/h3><\/p>\n<p><!--&#091;contact-form-7 id=\"1264\" title=\"Restaurant: R\u00e9servez Votre Table\"&#093;--><\/p>\n<p><strong>Temporairement, pour r\u00e9server une table, appelez le 977 428 240<\/strong><\/p>\n<p><\/div><\/p>\n<div class='eight columns'><\/p>\n<p class=\"p1\"><span class=\"s1\">Un salon pouvant accueillir un maximum de 40 personnes, o\u00f9 profiter d&rsquo;une cuisine fond\u00e9e sur la qualit\u00e9 de nos produits de proximit\u00e9. La truffe d&rsquo;Els Ports, les principale Appellations d&rsquo;Origine de notre r\u00e9gion, le vin, les fruits et l\u00e9gumes, le riz, la vari\u00e9t\u00e9 des huiles d&rsquo;olive, les produits de la mer&#8230; tout ce qui donne la saveur de la Terra \u00e0 nos plats.<\/span><\/p>\n<p><!--\n&#091;header type=\"h3\"&#093; MENU DU JOUR: &#091;\/header&#093;\n\n\n<p class=\"p1\"><span class=\"s1\">\n\n\n<ul>\n \t\n\n<li>Menu du lundi au vendredi 14,85 \u20ac - TTC<\/li>\n\n\n \t\n\n<li>Menu de fin de semaine 20 \u20ac - TTC<\/li>\n\n\n<\/ul>\n\n\n<\/span><\/p>\n\n\n\n--><\/p>\n<p><h3>HORAIRES DU RESTAURANT:<\/h3><\/p>\n<ul>\n<li>Automne, hiver et printemps.<\/li>\n<li>Service de petit-d\u00e9jeuner et de d\u00eener pour les clients s\u00e9journant.<\/li>\n<li>Il n&rsquo;y aura pas de service le midi.<\/li>\n<\/ul>\n<p class=\"p1\"><span class=\"s1\"><em>Les d\u00eeners seront servis de 20h \u00e0 22h.<\/em><\/span><\/p>\n<p><\/div><div class='clear'><\/div>\n","protected":false},"excerpt":{"rendered":"","protected":false},"author":1,"featured_media":0,"parent":0,"menu_order":0,"comment_status":"open","ping_status":"open","template":"page-fullwidth.php","meta":{"footnotes":""},"yoast_head":"<!-- This site is optimized with the Yoast SEO plugin v21.9.1 - https:\/\/yoast.com\/wordpress\/plugins\/seo\/ -->\n<title>Une salle \u00e0 manger avec vue - Hotel - Restaurant Can Josep<\/title>\n<meta name=\"robots\" content=\"index, follow, max-snippet:-1, max-image-preview:large, max-video-preview:-1\" \/>\n<link rel=\"canonical\" href=\"https:\/\/www.canjosep.com\/fr\/une-salle-a-manger-avec-vue\/\" \/>\n<meta property=\"og:locale\" content=\"fr_FR\" \/>\n<meta property=\"og:type\" content=\"article\" \/>\n<meta property=\"og:title\" content=\"Une salle \u00e0 manger avec vue - Hotel - Restaurant Can Josep\" \/>\n<meta property=\"og:url\" content=\"https:\/\/www.canjosep.com\/fr\/une-salle-a-manger-avec-vue\/\" \/>\n<meta property=\"og:site_name\" content=\"Hotel - Restaurant Can Josep\" \/>\n<meta property=\"article:modified_time\" content=\"2022-10-26T14:56:47+00:00\" \/>\n<meta name=\"twitter:card\" content=\"summary_large_image\" \/>\n<meta name=\"twitter:label1\" content=\"Dur\u00e9e de lecture estim\u00e9e\" \/>\n\t<meta name=\"twitter:data1\" content=\"1 minute\" \/>\n<script type=\"application\/ld+json\" class=\"yoast-schema-graph\">{\"@context\":\"https:\/\/schema.org\",\"@graph\":[{\"@type\":\"WebPage\",\"@id\":\"https:\/\/www.canjosep.com\/fr\/une-salle-a-manger-avec-vue\/\",\"url\":\"https:\/\/www.canjosep.com\/fr\/une-salle-a-manger-avec-vue\/\",\"name\":\"Une salle \u00e0 manger avec vue - Hotel - Restaurant Can Josep\",\"isPartOf\":{\"@id\":\"https:\/\/www.canjosep.com\/#website\"},\"datePublished\":\"2015-07-06T14:16:59+00:00\",\"dateModified\":\"2022-10-26T14:56:47+00:00\",\"breadcrumb\":{\"@id\":\"https:\/\/www.canjosep.com\/fr\/une-salle-a-manger-avec-vue\/#breadcrumb\"},\"inLanguage\":\"fr-FR\",\"potentialAction\":[{\"@type\":\"ReadAction\",\"target\":[\"https:\/\/www.canjosep.com\/fr\/une-salle-a-manger-avec-vue\/\"]}]},{\"@type\":\"BreadcrumbList\",\"@id\":\"https:\/\/www.canjosep.com\/fr\/une-salle-a-manger-avec-vue\/#breadcrumb\",\"itemListElement\":[{\"@type\":\"ListItem\",\"position\":1,\"name\":\"Inici\",\"item\":\"https:\/\/www.canjosep.com\/fr\/\"},{\"@type\":\"ListItem\",\"position\":2,\"name\":\"Une salle \u00e0 manger avec vue\"}]},{\"@type\":\"WebSite\",\"@id\":\"https:\/\/www.canjosep.com\/#website\",\"url\":\"https:\/\/www.canjosep.com\/\",\"name\":\"Hotel - Restaurant Can Josep\",\"description\":\"\",\"potentialAction\":[{\"@type\":\"SearchAction\",\"target\":{\"@type\":\"EntryPoint\",\"urlTemplate\":\"https:\/\/www.canjosep.com\/?s={search_term_string}\"},\"query-input\":\"required name=search_term_string\"}],\"inLanguage\":\"fr-FR\"}]}<\/script>\n<!-- \/ Yoast SEO plugin. -->","yoast_head_json":{"title":"Une salle \u00e0 manger avec vue - Hotel - Restaurant Can Josep","robots":{"index":"index","follow":"follow","max-snippet":"max-snippet:-1","max-image-preview":"max-image-preview:large","max-video-preview":"max-video-preview:-1"},"canonical":"https:\/\/www.canjosep.com\/fr\/une-salle-a-manger-avec-vue\/","og_locale":"fr_FR","og_type":"article","og_title":"Une salle \u00e0 manger avec vue - Hotel - Restaurant Can Josep","og_url":"https:\/\/www.canjosep.com\/fr\/une-salle-a-manger-avec-vue\/","og_site_name":"Hotel - Restaurant Can Josep","article_modified_time":"2022-10-26T14:56:47+00:00","twitter_card":"summary_large_image","twitter_misc":{"Dur\u00e9e de lecture estim\u00e9e":"1 minute"},"schema":{"@context":"https:\/\/schema.org","@graph":[{"@type":"WebPage","@id":"https:\/\/www.canjosep.com\/fr\/une-salle-a-manger-avec-vue\/","url":"https:\/\/www.canjosep.com\/fr\/une-salle-a-manger-avec-vue\/","name":"Une salle \u00e0 manger avec vue - Hotel - Restaurant Can Josep","isPartOf":{"@id":"https:\/\/www.canjosep.com\/#website"},"datePublished":"2015-07-06T14:16:59+00:00","dateModified":"2022-10-26T14:56:47+00:00","breadcrumb":{"@id":"https:\/\/www.canjosep.com\/fr\/une-salle-a-manger-avec-vue\/#breadcrumb"},"inLanguage":"fr-FR","potentialAction":[{"@type":"ReadAction","target":["https:\/\/www.canjosep.com\/fr\/une-salle-a-manger-avec-vue\/"]}]},{"@type":"BreadcrumbList","@id":"https:\/\/www.canjosep.com\/fr\/une-salle-a-manger-avec-vue\/#breadcrumb","itemListElement":[{"@type":"ListItem","position":1,"name":"Inici","item":"https:\/\/www.canjosep.com\/fr\/"},{"@type":"ListItem","position":2,"name":"Une salle \u00e0 manger avec vue"}]},{"@type":"WebSite","@id":"https:\/\/www.canjosep.com\/#website","url":"https:\/\/www.canjosep.com\/","name":"Hotel - Restaurant Can Josep","description":"","potentialAction":[{"@type":"SearchAction","target":{"@type":"EntryPoint","urlTemplate":"https:\/\/www.canjosep.com\/?s={search_term_string}"},"query-input":"required name=search_term_string"}],"inLanguage":"fr-FR"}]}},"_links":{"self":[{"href":"https:\/\/www.canjosep.com\/fr\/wp-json\/wp\/v2\/pages\/1253"}],"collection":[{"href":"https:\/\/www.canjosep.com\/fr\/wp-json\/wp\/v2\/pages"}],"about":[{"href":"https:\/\/www.canjosep.com\/fr\/wp-json\/wp\/v2\/types\/page"}],"author":[{"embeddable":true,"href":"https:\/\/www.canjosep.com\/fr\/wp-json\/wp\/v2\/users\/1"}],"replies":[{"embeddable":true,"href":"https:\/\/www.canjosep.com\/fr\/wp-json\/wp\/v2\/comments?post=1253"}],"version-history":[{"count":13,"href":"https:\/\/www.canjosep.com\/fr\/wp-json\/wp\/v2\/pages\/1253\/revisions"}],"predecessor-version":[{"id":3151,"href":"https:\/\/www.canjosep.com\/fr\/wp-json\/wp\/v2\/pages\/1253\/revisions\/3151"}],"wp:attachment":[{"href":"https:\/\/www.canjosep.com\/fr\/wp-json\/wp\/v2\/media?parent=1253"}],"curies":[{"name":"wp","href":"https:\/\/api.w.org\/{rel}","templated":true}]}}