{"id":1220,"date":"2013-12-23T10:45:13","date_gmt":"2013-12-23T09:45:13","guid":{"rendered":"http:\/\/canjosep.com\/serveis-2\/"},"modified":"2022-10-26T15:40:46","modified_gmt":"2022-10-26T13:40:46","slug":"services","status":"publish","type":"page","link":"https:\/\/www.canjosep.com\/fr\/services\/","title":{"rendered":"Services"},"content":{"rendered":"<div class='eight columns'><\/p>\n<p><ul class='list painted with-divider'><li><span class='icon-star'><\/span>SPA avec cascades jacuzzi et bain turc. Acc\u00e8s de 50 minutes inclus avec votre r\u00e9servation<\/li><li><span class='icon-star'><\/span>Service de massage sur r\u00e9servation pr\u00e9alable<\/li><li><span class='icon-star'><\/span>Un salon pour se reposer ou discuter autour d'un caf\u00e9 et lire la presse quotidienne<\/li><li><span class='icon-star'><\/span>Il est \u00e9galement possible de consulter l'ordinateur ou de regarder la t\u00e9l\u00e9vision<\/li><li><span class='icon-star'><\/span>WiFi - Acc\u00e8s \u00e0 internet sans fil<\/li><li><span class='icon-star'><\/span>Informations touristiques et r\u00e9servation d'activit\u00e9s<\/li><li><span class='icon-star'><\/span>Informations et services propos\u00e9s autour de l'observation des oiseaux<\/li><li><span class='icon-star'><\/span> ou \u00ab birdwatching \u00bb<\/li><li><span class='icon-star'><\/span><br \/>\nSafari-photo pour l'observation de la ch\u00e8vre hispanique et de la faune de la r\u00e9gion<\/li><li><span class='icon-star'><\/span>Enotourisme - visites de caves d\u00e9gustation et mariages de vins<\/li><li><span class='icon-star'><\/span>Piscine municipale \u00e0 50 m.<\/li><li><span class='icon-star'><\/span>Voie Verte \u00e0 25 m.<\/li><li><span class='icon-star'><\/span>Presse quotidienne<\/li><li><span class='icon-star'><\/span>Parking et garage pour v\u00e9los<\/li><li><span class='icon-star'><\/span>Service de v\u00e9los avec acc\u00e8s facile \u00e0 la Via Verda - Consulter les prix<\/li><li><span class='icon-star'><\/span>Service de Restaurant - il est recommand\u00e9 de r\u00e9server<\/li><li><span class='icon-star'><\/span>Les animaux de compagnie ne sont pas admis<\/li><\/ul><\/p>\n<p><\/div>\n<div class='eight columns'><\/p>\n<p><a href=\"https:\/\/www.canjosep.com\/wp-content\/uploads\/2015\/06\/spa_canjosep_piscina.jpg\" rel=\"lightbox[1220]\"><img loading=\"lazy\" decoding=\"async\" class=\"alignnone wp-image-3066\" src=\"https:\/\/www.canjosep.com\/wp-content\/uploads\/2015\/06\/spa_canjosep_piscina.jpg\" alt=\"\" width=\"290\" height=\"193\" srcset=\"https:\/\/www.canjosep.com\/wp-content\/uploads\/2015\/06\/spa_canjosep_piscina.jpg 1024w, https:\/\/www.canjosep.com\/wp-content\/uploads\/2015\/06\/spa_canjosep_piscina-300x200.jpg 300w, https:\/\/www.canjosep.com\/wp-content\/uploads\/2015\/06\/spa_canjosep_piscina-768x512.jpg 768w, https:\/\/www.canjosep.com\/wp-content\/uploads\/2015\/06\/spa_canjosep_piscina-375x249.jpg 375w, https:\/\/www.canjosep.com\/wp-content\/uploads\/2015\/06\/spa_canjosep_piscina-500x332.jpg 500w, https:\/\/www.canjosep.com\/wp-content\/uploads\/2015\/06\/spa_canjosep_piscina-450x299.jpg 450w\" sizes=\"(max-width: 290px) 100vw, 290px\" \/><\/a> <a href=\"https:\/\/www.canjosep.com\/wp-content\/uploads\/2015\/06\/spa_canjosep_massatges.jpg\" rel=\"lightbox[1220]\"><img loading=\"lazy\" decoding=\"async\" class=\"alignnone wp-image-3056\" src=\"https:\/\/www.canjosep.com\/wp-content\/uploads\/2015\/06\/spa_canjosep_massatges.jpg\" alt=\"\" width=\"290\" height=\"193\" srcset=\"https:\/\/www.canjosep.com\/wp-content\/uploads\/2015\/06\/spa_canjosep_massatges.jpg 1024w, https:\/\/www.canjosep.com\/wp-content\/uploads\/2015\/06\/spa_canjosep_massatges-300x200.jpg 300w, https:\/\/www.canjosep.com\/wp-content\/uploads\/2015\/06\/spa_canjosep_massatges-768x512.jpg 768w, https:\/\/www.canjosep.com\/wp-content\/uploads\/2015\/06\/spa_canjosep_massatges-375x249.jpg 375w, https:\/\/www.canjosep.com\/wp-content\/uploads\/2015\/06\/spa_canjosep_massatges-500x332.jpg 500w, https:\/\/www.canjosep.com\/wp-content\/uploads\/2015\/06\/spa_canjosep_massatges-450x299.jpg 450w\" sizes=\"(max-width: 290px) 100vw, 290px\" \/><\/a><a href=\"https:\/\/www.canjosep.com\/wp-content\/uploads\/2022\/10\/canjosep_salaestar2.jpg\" rel=\"lightbox[1220]\"><img loading=\"lazy\" decoding=\"async\" class=\"alignnone wp-image-3100\" src=\"https:\/\/www.canjosep.com\/wp-content\/uploads\/2022\/10\/canjosep_salaestar2.jpg\" alt=\"\" width=\"290\" height=\"193\" srcset=\"https:\/\/www.canjosep.com\/wp-content\/uploads\/2022\/10\/canjosep_salaestar2.jpg 1024w, https:\/\/www.canjosep.com\/wp-content\/uploads\/2022\/10\/canjosep_salaestar2-300x200.jpg 300w, https:\/\/www.canjosep.com\/wp-content\/uploads\/2022\/10\/canjosep_salaestar2-768x512.jpg 768w, https:\/\/www.canjosep.com\/wp-content\/uploads\/2022\/10\/canjosep_salaestar2-375x249.jpg 375w, https:\/\/www.canjosep.com\/wp-content\/uploads\/2022\/10\/canjosep_salaestar2-500x332.jpg 500w, https:\/\/www.canjosep.com\/wp-content\/uploads\/2022\/10\/canjosep_salaestar2-450x299.jpg 450w\" sizes=\"(max-width: 290px) 100vw, 290px\" \/><\/a> <a href=\"https:\/\/www.canjosep.com\/wp-content\/uploads\/2022\/10\/canjosep_salaestar1.jpg\" rel=\"lightbox[1220]\"><img loading=\"lazy\" decoding=\"async\" class=\"alignnone wp-image-3105\" src=\"https:\/\/www.canjosep.com\/wp-content\/uploads\/2022\/10\/canjosep_salaestar1.jpg\" alt=\"\" width=\"289\" height=\"193\" srcset=\"https:\/\/www.canjosep.com\/wp-content\/uploads\/2022\/10\/canjosep_salaestar1.jpg 1024w, https:\/\/www.canjosep.com\/wp-content\/uploads\/2022\/10\/canjosep_salaestar1-300x200.jpg 300w, https:\/\/www.canjosep.com\/wp-content\/uploads\/2022\/10\/canjosep_salaestar1-768x512.jpg 768w, https:\/\/www.canjosep.com\/wp-content\/uploads\/2022\/10\/canjosep_salaestar1-375x249.jpg 375w, https:\/\/www.canjosep.com\/wp-content\/uploads\/2022\/10\/canjosep_salaestar1-500x332.jpg 500w, https:\/\/www.canjosep.com\/wp-content\/uploads\/2022\/10\/canjosep_salaestar1-450x299.jpg 450w\" sizes=\"(max-width: 289px) 100vw, 289px\" \/><\/a> <a href=\"https:\/\/www.canjosep.com\/wp-content\/uploads\/2022\/10\/canjosep_barra_bar.jpg\" rel=\"lightbox[1220]\"><img loading=\"lazy\" decoding=\"async\" class=\"alignnone wp-image-3095\" src=\"https:\/\/www.canjosep.com\/wp-content\/uploads\/2022\/10\/canjosep_barra_bar.jpg\" alt=\"\" width=\"290\" height=\"193\" srcset=\"https:\/\/www.canjosep.com\/wp-content\/uploads\/2022\/10\/canjosep_barra_bar.jpg 1024w, https:\/\/www.canjosep.com\/wp-content\/uploads\/2022\/10\/canjosep_barra_bar-300x200.jpg 300w, https:\/\/www.canjosep.com\/wp-content\/uploads\/2022\/10\/canjosep_barra_bar-768x512.jpg 768w, https:\/\/www.canjosep.com\/wp-content\/uploads\/2022\/10\/canjosep_barra_bar-375x249.jpg 375w, https:\/\/www.canjosep.com\/wp-content\/uploads\/2022\/10\/canjosep_barra_bar-500x332.jpg 500w, https:\/\/www.canjosep.com\/wp-content\/uploads\/2022\/10\/canjosep_barra_bar-450x299.jpg 450w\" sizes=\"(max-width: 290px) 100vw, 290px\" \/><\/a> <a href=\"http:\/\/canjosep.com\/\/wp-content\/uploads\/2013\/12\/IMG_5606.jpg\" rel=\"lightbox\"><img loading=\"lazy\" decoding=\"async\" class=\"alignnone wp-image-877\" src=\"https:\/\/canjosep.com\/\/wp-content\/uploads\/2013\/12\/IMG_5606-1024x683.jpg\" alt=\"Tast de vins\" width=\"290\" height=\"193\" srcset=\"https:\/\/www.canjosep.com\/wp-content\/uploads\/2013\/12\/IMG_5606-1024x683.jpg 1024w, https:\/\/www.canjosep.com\/wp-content\/uploads\/2013\/12\/IMG_5606-300x200.jpg 300w, https:\/\/www.canjosep.com\/wp-content\/uploads\/2013\/12\/IMG_5606-375x249.jpg 375w, https:\/\/www.canjosep.com\/wp-content\/uploads\/2013\/12\/IMG_5606-500x332.jpg 500w, https:\/\/www.canjosep.com\/wp-content\/uploads\/2013\/12\/IMG_5606-450x299.jpg 450w, https:\/\/www.canjosep.com\/wp-content\/uploads\/2013\/12\/IMG_5606.jpg 1200w\" sizes=\"(max-width: 290px) 100vw, 290px\" \/><\/a> <a href=\"http:\/\/canjosep.com\/\/wp-content\/uploads\/2013\/12\/IMG_7132.jpg\" rel=\"lightbox\"><img loading=\"lazy\" decoding=\"async\" class=\"alignnone wp-image-881\" src=\"https:\/\/canjosep.com\/\/wp-content\/uploads\/2013\/12\/IMG_7132-1024x683.jpg\" alt=\"Birdwatching\" width=\"290\" height=\"193\" srcset=\"https:\/\/www.canjosep.com\/wp-content\/uploads\/2013\/12\/IMG_7132-1024x683.jpg 1024w, https:\/\/www.canjosep.com\/wp-content\/uploads\/2013\/12\/IMG_7132-300x200.jpg 300w, https:\/\/www.canjosep.com\/wp-content\/uploads\/2013\/12\/IMG_7132-375x249.jpg 375w, https:\/\/www.canjosep.com\/wp-content\/uploads\/2013\/12\/IMG_7132-500x332.jpg 500w, https:\/\/www.canjosep.com\/wp-content\/uploads\/2013\/12\/IMG_7132-450x299.jpg 450w, https:\/\/www.canjosep.com\/wp-content\/uploads\/2013\/12\/IMG_7132.jpg 1200w\" sizes=\"(max-width: 290px) 100vw, 290px\" \/><\/a> <a href=\"https:\/\/www.canjosep.com\/wp-content\/uploads\/2022\/10\/canjosep_servei_bicis.jpg\" rel=\"lightbox[1220]\"><img loading=\"lazy\" decoding=\"async\" class=\"alignnone wp-image-3110\" src=\"https:\/\/www.canjosep.com\/wp-content\/uploads\/2022\/10\/canjosep_servei_bicis-1024x683.jpg\" alt=\"\" width=\"290\" height=\"193\" srcset=\"https:\/\/www.canjosep.com\/wp-content\/uploads\/2022\/10\/canjosep_servei_bicis-1024x683.jpg 1024w, https:\/\/www.canjosep.com\/wp-content\/uploads\/2022\/10\/canjosep_servei_bicis-300x200.jpg 300w, https:\/\/www.canjosep.com\/wp-content\/uploads\/2022\/10\/canjosep_servei_bicis-768x512.jpg 768w, https:\/\/www.canjosep.com\/wp-content\/uploads\/2022\/10\/canjosep_servei_bicis-375x249.jpg 375w, https:\/\/www.canjosep.com\/wp-content\/uploads\/2022\/10\/canjosep_servei_bicis-500x332.jpg 500w, https:\/\/www.canjosep.com\/wp-content\/uploads\/2022\/10\/canjosep_servei_bicis-450x299.jpg 450w, https:\/\/www.canjosep.com\/wp-content\/uploads\/2022\/10\/canjosep_servei_bicis.jpg 1200w\" sizes=\"(max-width: 290px) 100vw, 290px\" \/><\/a><\/p>\n<p><\/div><div class='clear'><\/div>\n","protected":false},"excerpt":{"rendered":"","protected":false},"author":1,"featured_media":0,"parent":0,"menu_order":0,"comment_status":"open","ping_status":"open","template":"page-fullwidth.php","meta":{"footnotes":""},"yoast_head":"<!-- This site is optimized with the Yoast SEO plugin v21.9.1 - https:\/\/yoast.com\/wordpress\/plugins\/seo\/ -->\n<title>Services - Hotel - Restaurant Can Josep<\/title>\n<meta name=\"robots\" content=\"index, follow, max-snippet:-1, max-image-preview:large, max-video-preview:-1\" \/>\n<link rel=\"canonical\" href=\"https:\/\/www.canjosep.com\/fr\/services\/\" \/>\n<meta property=\"og:locale\" content=\"fr_FR\" \/>\n<meta property=\"og:type\" content=\"article\" \/>\n<meta property=\"og:title\" content=\"Services - Hotel - Restaurant Can Josep\" \/>\n<meta property=\"og:url\" content=\"https:\/\/www.canjosep.com\/fr\/services\/\" \/>\n<meta property=\"og:site_name\" content=\"Hotel - Restaurant Can Josep\" \/>\n<meta property=\"article:modified_time\" content=\"2022-10-26T13:40:46+00:00\" \/>\n<meta property=\"og:image\" content=\"https:\/\/www.canjosep.com\/wp-content\/uploads\/2015\/06\/spa_canjosep_piscina.jpg\" \/>\n<meta name=\"twitter:card\" content=\"summary_large_image\" \/>\n<meta name=\"twitter:label1\" content=\"Dur\u00e9e de lecture estim\u00e9e\" \/>\n\t<meta name=\"twitter:data1\" content=\"3 minutes\" \/>\n<script type=\"application\/ld+json\" class=\"yoast-schema-graph\">{\"@context\":\"https:\/\/schema.org\",\"@graph\":[{\"@type\":\"WebPage\",\"@id\":\"https:\/\/www.canjosep.com\/fr\/services\/\",\"url\":\"https:\/\/www.canjosep.com\/fr\/services\/\",\"name\":\"Services - Hotel - Restaurant Can Josep\",\"isPartOf\":{\"@id\":\"https:\/\/www.canjosep.com\/#website\"},\"datePublished\":\"2013-12-23T09:45:13+00:00\",\"dateModified\":\"2022-10-26T13:40:46+00:00\",\"breadcrumb\":{\"@id\":\"https:\/\/www.canjosep.com\/fr\/services\/#breadcrumb\"},\"inLanguage\":\"fr-FR\",\"potentialAction\":[{\"@type\":\"ReadAction\",\"target\":[\"https:\/\/www.canjosep.com\/fr\/services\/\"]}]},{\"@type\":\"BreadcrumbList\",\"@id\":\"https:\/\/www.canjosep.com\/fr\/services\/#breadcrumb\",\"itemListElement\":[{\"@type\":\"ListItem\",\"position\":1,\"name\":\"Inici\",\"item\":\"https:\/\/www.canjosep.com\/fr\/\"},{\"@type\":\"ListItem\",\"position\":2,\"name\":\"Services\"}]},{\"@type\":\"WebSite\",\"@id\":\"https:\/\/www.canjosep.com\/#website\",\"url\":\"https:\/\/www.canjosep.com\/\",\"name\":\"Hotel - Restaurant Can Josep\",\"description\":\"\",\"potentialAction\":[{\"@type\":\"SearchAction\",\"target\":{\"@type\":\"EntryPoint\",\"urlTemplate\":\"https:\/\/www.canjosep.com\/?s={search_term_string}\"},\"query-input\":\"required name=search_term_string\"}],\"inLanguage\":\"fr-FR\"}]}<\/script>\n<!-- \/ Yoast SEO plugin. -->","yoast_head_json":{"title":"Services - Hotel - Restaurant Can Josep","robots":{"index":"index","follow":"follow","max-snippet":"max-snippet:-1","max-image-preview":"max-image-preview:large","max-video-preview":"max-video-preview:-1"},"canonical":"https:\/\/www.canjosep.com\/fr\/services\/","og_locale":"fr_FR","og_type":"article","og_title":"Services - Hotel - Restaurant Can Josep","og_url":"https:\/\/www.canjosep.com\/fr\/services\/","og_site_name":"Hotel - Restaurant Can Josep","article_modified_time":"2022-10-26T13:40:46+00:00","og_image":[{"url":"https:\/\/www.canjosep.com\/wp-content\/uploads\/2015\/06\/spa_canjosep_piscina.jpg"}],"twitter_card":"summary_large_image","twitter_misc":{"Dur\u00e9e de lecture estim\u00e9e":"3 minutes"},"schema":{"@context":"https:\/\/schema.org","@graph":[{"@type":"WebPage","@id":"https:\/\/www.canjosep.com\/fr\/services\/","url":"https:\/\/www.canjosep.com\/fr\/services\/","name":"Services - Hotel - Restaurant Can Josep","isPartOf":{"@id":"https:\/\/www.canjosep.com\/#website"},"datePublished":"2013-12-23T09:45:13+00:00","dateModified":"2022-10-26T13:40:46+00:00","breadcrumb":{"@id":"https:\/\/www.canjosep.com\/fr\/services\/#breadcrumb"},"inLanguage":"fr-FR","potentialAction":[{"@type":"ReadAction","target":["https:\/\/www.canjosep.com\/fr\/services\/"]}]},{"@type":"BreadcrumbList","@id":"https:\/\/www.canjosep.com\/fr\/services\/#breadcrumb","itemListElement":[{"@type":"ListItem","position":1,"name":"Inici","item":"https:\/\/www.canjosep.com\/fr\/"},{"@type":"ListItem","position":2,"name":"Services"}]},{"@type":"WebSite","@id":"https:\/\/www.canjosep.com\/#website","url":"https:\/\/www.canjosep.com\/","name":"Hotel - Restaurant Can Josep","description":"","potentialAction":[{"@type":"SearchAction","target":{"@type":"EntryPoint","urlTemplate":"https:\/\/www.canjosep.com\/?s={search_term_string}"},"query-input":"required name=search_term_string"}],"inLanguage":"fr-FR"}]}},"_links":{"self":[{"href":"https:\/\/www.canjosep.com\/fr\/wp-json\/wp\/v2\/pages\/1220"}],"collection":[{"href":"https:\/\/www.canjosep.com\/fr\/wp-json\/wp\/v2\/pages"}],"about":[{"href":"https:\/\/www.canjosep.com\/fr\/wp-json\/wp\/v2\/types\/page"}],"author":[{"embeddable":true,"href":"https:\/\/www.canjosep.com\/fr\/wp-json\/wp\/v2\/users\/1"}],"replies":[{"embeddable":true,"href":"https:\/\/www.canjosep.com\/fr\/wp-json\/wp\/v2\/comments?post=1220"}],"version-history":[{"count":10,"href":"https:\/\/www.canjosep.com\/fr\/wp-json\/wp\/v2\/pages\/1220\/revisions"}],"predecessor-version":[{"id":3118,"href":"https:\/\/www.canjosep.com\/fr\/wp-json\/wp\/v2\/pages\/1220\/revisions\/3118"}],"wp:attachment":[{"href":"https:\/\/www.canjosep.com\/fr\/wp-json\/wp\/v2\/media?parent=1220"}],"curies":[{"name":"wp","href":"https:\/\/api.w.org\/{rel}","templated":true}]}}