{"id":2843,"date":"2022-04-10T21:25:09","date_gmt":"2022-04-10T19:25:09","guid":{"rendered":"https:\/\/www.canjosep.com\/?page_id=2843"},"modified":"2022-11-13T09:59:00","modified_gmt":"2022-11-13T08:59:00","slug":"experiencia-relax-spa","status":"publish","type":"page","link":"https:\/\/www.canjosep.com\/es\/experiencia-relax-spa\/","title":{"rendered":"Experi\u00e8ncia Relax &#038; SPA"},"content":{"rendered":"<h5> EXPERI\u00c8NCIA RELAX &amp; SPA (1 o 2 nits) <\/h5>\n<p style=\"align: JUSTIFY;\">Sorpr\u00e8n la teva parella amb una escapada rom\u00e0ntica amb sopar Gourmet en el Restaurant Can Josep. Relaxa&#8217;t al nostre SPA amb vistes.<\/p>\n<div class='eight columns'><\/p>\n<p style=\"align: JUSTIFY;\"><strong>Pack 1 nit. 2 persones<\/strong><br \/>\nInclou:<\/p>\n<p><ul class='list painted'><li><span class='icon-star'><\/span>1 nit d'habitaci\u00f3 superior amb esmorzar<\/li><li><span class='icon-star'><\/span>1 Sopar Gourmet 2 persones amb degustaci\u00f3 de vins de la Terra Alta<\/li><li><span class='icon-star'><\/span>Entrada a l'SPA 2 persones. 50 minuts<\/li><\/ul><\/p>\n<p style=\"text-align: center;\"><a href=\"https:\/\/www.canjosep.com\/es\/reservas-y-tarifas\/?idiomaid=es&amp;channelkey=79746C45-07E5-060B-E053-B5935B0A4308&amp;desde=24\/04\/26&amp;hasta=25\/04\/26&amp;paisid=1&amp;fullintegration=1vscroll=1&amp;size=100%25\" class=\"button-standard large \">Reservar <span class=\"icon-suitcase\"><\/span><\/a><a style=\"margin-left: 20px;\" href=\"https:\/\/www.canjosep.com\/es\/servicio-spa-masaje\/\" class=\"button-standard large \"><span class=\"icon-leaf\"> <\/span> A\u00f1adir masaje<\/a><\/p>\n<p><\/div>\n<div class='eight columns'><\/p>\n<p style=\"align: JUSTIFY;\"><strong>Pack 1 nit. 2 persones<\/strong><br \/>\nInclou:<\/p>\n<p><ul class='list painted'><li><span class='icon-star'><\/span>2 nits d'habitaci\u00f3 superior amb esmorzar<\/li><li><span class='icon-star'><\/span>1 Sopar Gourmet 2 persones amb degustaci\u00f3 de vins de la Terra Alta<\/li><li><span class='icon-star'><\/span>Entrada a l'SPA 2 persones. 2 dies 50 minuts\/dia<\/li><\/ul><\/p>\n<p style=\"text-align: center;\"><a href=\"https:\/\/www.canjosep.com\/es\/reservas-y-tarifas\/?idiomaid=es&amp;channelkey=79746C45-07E5-060B-E053-B5935B0A4308&amp;desde=24\/04\/26&amp;hasta=26\/04\/26&amp;paisid=1&amp;fullintegration=1vscroll=1&amp;size=100%25\" class=\"button-standard large \">Reservar <span class=\"icon-suitcase\"><\/span><\/a><a style=\"margin-left: 20px;\" href=\"https:\/\/www.canjosep.com\/es\/servicio-spa-masaje\/\" class=\"button-standard large \"><span class=\"icon-leaf\"> <\/span> A\u00f1adir masaje<\/a><\/p>\n<p><\/div><div class='clear'><\/div>\n\n\t\t<style type=\"text\/css\">\n\t\t\t#gallery-1 {\n\t\t\t\tmargin: auto;\n\t\t\t}\n\t\t\t#gallery-1 .gallery-item {\n\t\t\t\tfloat: left;\n\t\t\t\tmargin-top: 10px;\n\t\t\t\ttext-align: center;\n\t\t\t\twidth: 33%;\n\t\t\t}\n\t\t\t#gallery-1 img {\n\t\t\t\tborder: 2px solid #cfcfcf;\n\t\t\t}\n\t\t\t#gallery-1 .gallery-caption {\n\t\t\t\tmargin-left: 0;\n\t\t\t}\n\t\t\t\/* see gallery_shortcode() in wp-includes\/media.php *\/\n\t\t<\/style>\n\t\t<div id='gallery-1' class='gallery galleryid-2843 gallery-columns-3 gallery-size-medium'><dl class='gallery-item'>\n\t\t\t<dt class='gallery-icon landscape'>\n\t\t\t\t<a href='https:\/\/www.canjosep.com\/wp-content\/uploads\/2015\/06\/spa_canjosep_piscina.jpg' rel=\"lightbox[2843]\"><img loading=\"lazy\" decoding=\"async\" width=\"300\" height=\"200\" src=\"https:\/\/www.canjosep.com\/wp-content\/uploads\/2015\/06\/spa_canjosep_piscina-300x200.jpg\" class=\"attachment-medium size-medium\" alt=\"\" srcset=\"https:\/\/www.canjosep.com\/wp-content\/uploads\/2015\/06\/spa_canjosep_piscina-300x200.jpg 300w, https:\/\/www.canjosep.com\/wp-content\/uploads\/2015\/06\/spa_canjosep_piscina-768x512.jpg 768w, https:\/\/www.canjosep.com\/wp-content\/uploads\/2015\/06\/spa_canjosep_piscina-375x249.jpg 375w, https:\/\/www.canjosep.com\/wp-content\/uploads\/2015\/06\/spa_canjosep_piscina-500x332.jpg 500w, https:\/\/www.canjosep.com\/wp-content\/uploads\/2015\/06\/spa_canjosep_piscina-450x299.jpg 450w, https:\/\/www.canjosep.com\/wp-content\/uploads\/2015\/06\/spa_canjosep_piscina.jpg 1024w\" sizes=\"(max-width: 300px) 100vw, 300px\" \/><\/a>\n\t\t\t<\/dt><\/dl><dl class='gallery-item'>\n\t\t\t<dt class='gallery-icon landscape'>\n\t\t\t\t<a href='https:\/\/www.canjosep.com\/wp-content\/uploads\/2015\/06\/spa_canjosep_massatges.jpg' rel=\"lightbox[2843]\"><img loading=\"lazy\" decoding=\"async\" width=\"300\" height=\"200\" src=\"https:\/\/www.canjosep.com\/wp-content\/uploads\/2015\/06\/spa_canjosep_massatges-300x200.jpg\" class=\"attachment-medium size-medium\" alt=\"\" srcset=\"https:\/\/www.canjosep.com\/wp-content\/uploads\/2015\/06\/spa_canjosep_massatges-300x200.jpg 300w, https:\/\/www.canjosep.com\/wp-content\/uploads\/2015\/06\/spa_canjosep_massatges-768x512.jpg 768w, https:\/\/www.canjosep.com\/wp-content\/uploads\/2015\/06\/spa_canjosep_massatges-375x249.jpg 375w, https:\/\/www.canjosep.com\/wp-content\/uploads\/2015\/06\/spa_canjosep_massatges-500x332.jpg 500w, https:\/\/www.canjosep.com\/wp-content\/uploads\/2015\/06\/spa_canjosep_massatges-450x299.jpg 450w, https:\/\/www.canjosep.com\/wp-content\/uploads\/2015\/06\/spa_canjosep_massatges.jpg 1024w\" sizes=\"(max-width: 300px) 100vw, 300px\" \/><\/a>\n\t\t\t<\/dt><\/dl><dl class='gallery-item'>\n\t\t\t<dt class='gallery-icon landscape'>\n\t\t\t\t<a href='https:\/\/www.canjosep.com\/wp-content\/uploads\/2015\/06\/home-via-verda.jpg' rel=\"lightbox[2843]\"><img loading=\"lazy\" decoding=\"async\" width=\"300\" height=\"190\" src=\"https:\/\/www.canjosep.com\/wp-content\/uploads\/2015\/06\/home-via-verda-300x190.jpg\" class=\"attachment-medium size-medium\" alt=\"\" srcset=\"https:\/\/www.canjosep.com\/wp-content\/uploads\/2015\/06\/home-via-verda-300x190.jpg 300w, https:\/\/www.canjosep.com\/wp-content\/uploads\/2015\/06\/home-via-verda.jpg 947w\" sizes=\"(max-width: 300px) 100vw, 300px\" \/><\/a>\n\t\t\t<\/dt><\/dl><br style=\"clear: both\" \/><dl class='gallery-item'>\n\t\t\t<dt class='gallery-icon landscape'>\n\t\t\t\t<a href='https:\/\/www.canjosep.com\/wp-content\/uploads\/2019\/01\/IMG_5555.jpg' rel=\"lightbox[2843]\"><img loading=\"lazy\" decoding=\"async\" width=\"300\" height=\"185\" src=\"https:\/\/www.canjosep.com\/wp-content\/uploads\/2019\/01\/IMG_5555-300x185.jpg\" class=\"attachment-medium size-medium\" alt=\"\" srcset=\"https:\/\/www.canjosep.com\/wp-content\/uploads\/2019\/01\/IMG_5555-300x185.jpg 300w, https:\/\/www.canjosep.com\/wp-content\/uploads\/2019\/01\/IMG_5555-768x474.jpg 768w, https:\/\/www.canjosep.com\/wp-content\/uploads\/2019\/01\/IMG_5555-1024x631.jpg 1024w, https:\/\/www.canjosep.com\/wp-content\/uploads\/2019\/01\/IMG_5555.jpg 1200w\" sizes=\"(max-width: 300px) 100vw, 300px\" \/><\/a>\n\t\t\t<\/dt><\/dl><dl class='gallery-item'>\n\t\t\t<dt class='gallery-icon landscape'>\n\t\t\t\t<a href='https:\/\/www.canjosep.com\/wp-content\/uploads\/2015\/06\/IMG_5961.jpg' rel=\"lightbox[2843]\"><img loading=\"lazy\" decoding=\"async\" width=\"300\" height=\"185\" src=\"https:\/\/www.canjosep.com\/wp-content\/uploads\/2015\/06\/IMG_5961-300x185.jpg\" class=\"attachment-medium size-medium\" alt=\"\" srcset=\"https:\/\/www.canjosep.com\/wp-content\/uploads\/2015\/06\/IMG_5961-300x185.jpg 300w, https:\/\/www.canjosep.com\/wp-content\/uploads\/2015\/06\/IMG_5961-1024x631.jpg 1024w, https:\/\/www.canjosep.com\/wp-content\/uploads\/2015\/06\/IMG_5961.jpg 1200w\" sizes=\"(max-width: 300px) 100vw, 300px\" \/><\/a>\n\t\t\t<\/dt><\/dl><dl class='gallery-item'>\n\t\t\t<dt class='gallery-icon landscape'>\n\t\t\t\t<a href='https:\/\/www.canjosep.com\/wp-content\/uploads\/2019\/01\/IMG_7416.jpg' rel=\"lightbox[2843]\"><img loading=\"lazy\" decoding=\"async\" width=\"300\" height=\"185\" src=\"https:\/\/www.canjosep.com\/wp-content\/uploads\/2019\/01\/IMG_7416-300x185.jpg\" class=\"attachment-medium size-medium\" alt=\"\" srcset=\"https:\/\/www.canjosep.com\/wp-content\/uploads\/2019\/01\/IMG_7416-300x185.jpg 300w, https:\/\/www.canjosep.com\/wp-content\/uploads\/2019\/01\/IMG_7416-768x474.jpg 768w, https:\/\/www.canjosep.com\/wp-content\/uploads\/2019\/01\/IMG_7416-1024x631.jpg 1024w, https:\/\/www.canjosep.com\/wp-content\/uploads\/2019\/01\/IMG_7416.jpg 1200w\" sizes=\"(max-width: 300px) 100vw, 300px\" \/><\/a>\n\t\t\t<\/dt><\/dl><br style=\"clear: both\" \/>\n\t\t<\/div>\n\n","protected":false},"excerpt":{"rendered":"<p>Sorpr\u00e8n la teva parella amb una escapada rom\u00e0ntica amb sopar Gourmet en el Restaurant Can Josep. Relaxa&#8217;t al nostre SPA amb vistes.<\/p>\n","protected":false},"author":5,"featured_media":0,"parent":0,"menu_order":0,"comment_status":"open","ping_status":"open","template":"page-fullwidth.php","meta":{"footnotes":""},"yoast_head":"<!-- This site is optimized with the Yoast SEO plugin v21.9.1 - https:\/\/yoast.com\/wordpress\/plugins\/seo\/ -->\n<title>Experi\u00e8ncia Relax &amp; SPA - Hotel - Restaurant Can Josep<\/title>\n<meta name=\"robots\" content=\"index, follow, max-snippet:-1, max-image-preview:large, max-video-preview:-1\" \/>\n<link rel=\"canonical\" href=\"https:\/\/www.canjosep.com\/es\/experiencia-relax-spa\/\" \/>\n<meta property=\"og:locale\" content=\"es_ES\" \/>\n<meta property=\"og:type\" content=\"article\" \/>\n<meta property=\"og:title\" content=\"Experi\u00e8ncia Relax &amp; SPA - Hotel - Restaurant Can Josep\" \/>\n<meta property=\"og:description\" content=\"Sorpr\u00e8n la teva parella amb una escapada rom\u00e0ntica amb sopar Gourmet en el Restaurant Can Josep. Relaxa&#8217;t al nostre SPA amb vistes.\" \/>\n<meta property=\"og:url\" content=\"https:\/\/www.canjosep.com\/es\/experiencia-relax-spa\/\" \/>\n<meta property=\"og:site_name\" content=\"Hotel - Restaurant Can Josep\" \/>\n<meta property=\"article:modified_time\" content=\"2022-11-13T08:59:00+00:00\" \/>\n<meta property=\"og:image\" content=\"https:\/\/www.canjosep.com\/wp-content\/uploads\/2015\/06\/spa_canjosep_piscina-300x200.jpg\" \/>\n<meta name=\"twitter:card\" content=\"summary_large_image\" \/>\n<meta name=\"twitter:label1\" content=\"Tiempo de lectura\" \/>\n\t<meta name=\"twitter:data1\" content=\"1 minuto\" \/>\n<script type=\"application\/ld+json\" class=\"yoast-schema-graph\">{\"@context\":\"https:\/\/schema.org\",\"@graph\":[{\"@type\":\"WebPage\",\"@id\":\"https:\/\/www.canjosep.com\/es\/experiencia-relax-spa\/\",\"url\":\"https:\/\/www.canjosep.com\/es\/experiencia-relax-spa\/\",\"name\":\"Experi\u00e8ncia Relax & SPA - Hotel - Restaurant Can Josep\",\"isPartOf\":{\"@id\":\"https:\/\/www.canjosep.com\/#website\"},\"datePublished\":\"2022-04-10T19:25:09+00:00\",\"dateModified\":\"2022-11-13T08:59:00+00:00\",\"breadcrumb\":{\"@id\":\"https:\/\/www.canjosep.com\/es\/experiencia-relax-spa\/#breadcrumb\"},\"inLanguage\":\"es\",\"potentialAction\":[{\"@type\":\"ReadAction\",\"target\":[\"https:\/\/www.canjosep.com\/es\/experiencia-relax-spa\/\"]}]},{\"@type\":\"BreadcrumbList\",\"@id\":\"https:\/\/www.canjosep.com\/es\/experiencia-relax-spa\/#breadcrumb\",\"itemListElement\":[{\"@type\":\"ListItem\",\"position\":1,\"name\":\"Inici\",\"item\":\"https:\/\/www.canjosep.com\/es\/\"},{\"@type\":\"ListItem\",\"position\":2,\"name\":\"Experi\u00e8ncia Relax &#038; SPA\"}]},{\"@type\":\"WebSite\",\"@id\":\"https:\/\/www.canjosep.com\/#website\",\"url\":\"https:\/\/www.canjosep.com\/\",\"name\":\"Hotel - Restaurant Can Josep\",\"description\":\"\",\"potentialAction\":[{\"@type\":\"SearchAction\",\"target\":{\"@type\":\"EntryPoint\",\"urlTemplate\":\"https:\/\/www.canjosep.com\/?s={search_term_string}\"},\"query-input\":\"required name=search_term_string\"}],\"inLanguage\":\"es\"}]}<\/script>\n<!-- \/ Yoast SEO plugin. -->","yoast_head_json":{"title":"Experi\u00e8ncia Relax & SPA - Hotel - Restaurant Can Josep","robots":{"index":"index","follow":"follow","max-snippet":"max-snippet:-1","max-image-preview":"max-image-preview:large","max-video-preview":"max-video-preview:-1"},"canonical":"https:\/\/www.canjosep.com\/es\/experiencia-relax-spa\/","og_locale":"es_ES","og_type":"article","og_title":"Experi\u00e8ncia Relax & SPA - Hotel - Restaurant Can Josep","og_description":"Sorpr\u00e8n la teva parella amb una escapada rom\u00e0ntica amb sopar Gourmet en el Restaurant Can Josep. Relaxa&#8217;t al nostre SPA amb vistes.","og_url":"https:\/\/www.canjosep.com\/es\/experiencia-relax-spa\/","og_site_name":"Hotel - Restaurant Can Josep","article_modified_time":"2022-11-13T08:59:00+00:00","og_image":[{"url":"https:\/\/www.canjosep.com\/wp-content\/uploads\/2015\/06\/spa_canjosep_piscina-300x200.jpg"}],"twitter_card":"summary_large_image","twitter_misc":{"Tiempo de lectura":"1 minuto"},"schema":{"@context":"https:\/\/schema.org","@graph":[{"@type":"WebPage","@id":"https:\/\/www.canjosep.com\/es\/experiencia-relax-spa\/","url":"https:\/\/www.canjosep.com\/es\/experiencia-relax-spa\/","name":"Experi\u00e8ncia Relax & SPA - Hotel - Restaurant Can Josep","isPartOf":{"@id":"https:\/\/www.canjosep.com\/#website"},"datePublished":"2022-04-10T19:25:09+00:00","dateModified":"2022-11-13T08:59:00+00:00","breadcrumb":{"@id":"https:\/\/www.canjosep.com\/es\/experiencia-relax-spa\/#breadcrumb"},"inLanguage":"es","potentialAction":[{"@type":"ReadAction","target":["https:\/\/www.canjosep.com\/es\/experiencia-relax-spa\/"]}]},{"@type":"BreadcrumbList","@id":"https:\/\/www.canjosep.com\/es\/experiencia-relax-spa\/#breadcrumb","itemListElement":[{"@type":"ListItem","position":1,"name":"Inici","item":"https:\/\/www.canjosep.com\/es\/"},{"@type":"ListItem","position":2,"name":"Experi\u00e8ncia Relax &#038; SPA"}]},{"@type":"WebSite","@id":"https:\/\/www.canjosep.com\/#website","url":"https:\/\/www.canjosep.com\/","name":"Hotel - Restaurant Can Josep","description":"","potentialAction":[{"@type":"SearchAction","target":{"@type":"EntryPoint","urlTemplate":"https:\/\/www.canjosep.com\/?s={search_term_string}"},"query-input":"required name=search_term_string"}],"inLanguage":"es"}]}},"_links":{"self":[{"href":"https:\/\/www.canjosep.com\/es\/wp-json\/wp\/v2\/pages\/2843"}],"collection":[{"href":"https:\/\/www.canjosep.com\/es\/wp-json\/wp\/v2\/pages"}],"about":[{"href":"https:\/\/www.canjosep.com\/es\/wp-json\/wp\/v2\/types\/page"}],"author":[{"embeddable":true,"href":"https:\/\/www.canjosep.com\/es\/wp-json\/wp\/v2\/users\/5"}],"replies":[{"embeddable":true,"href":"https:\/\/www.canjosep.com\/es\/wp-json\/wp\/v2\/comments?post=2843"}],"version-history":[{"count":4,"href":"https:\/\/www.canjosep.com\/es\/wp-json\/wp\/v2\/pages\/2843\/revisions"}],"predecessor-version":[{"id":3226,"href":"https:\/\/www.canjosep.com\/es\/wp-json\/wp\/v2\/pages\/2843\/revisions\/3226"}],"wp:attachment":[{"href":"https:\/\/www.canjosep.com\/es\/wp-json\/wp\/v2\/media?parent=2843"}],"curies":[{"name":"wp","href":"https:\/\/api.w.org\/{rel}","templated":true}]}}