{"id":2789,"date":"2022-03-20T11:49:08","date_gmt":"2022-03-20T10:49:08","guid":{"rendered":"https:\/\/www.canjosep.com\/?page_id=2789"},"modified":"2024-04-02T16:26:50","modified_gmt":"2024-04-02T14:26:50","slug":"servicio-spa-masajes","status":"publish","type":"page","link":"https:\/\/www.canjosep.com\/es\/servicio-spa-masajes\/","title":{"rendered":"SPA y masajes"},"content":{"rendered":"<p>Disponemos de SPA con cascadas, jacuzzi y ba\u00f1o turco, donde podr\u00e1 relajarse durante su estancia en el <strong>Hotel Can Josep<\/strong> y disfrutar de las excelentes vistas que ofrece. Acceso de 50 minutos incluido con su reserva.<br \/>\nTambi\u00e9n ofrecemos un servicio de masajes, puede ver la carta debajo. Es necesario realizar una reserva previa mediante el formulario de m\u00e1s abajo.<\/p>\n<p>Para m\u00e1s informaci\u00f3n y reservas puede rellenar el formulario o llamarnos al <strong>977 428 240<\/strong><\/p>\n<div style=\"text-align:right;\"><a style=\"margin-left: 20px; margin-right: 20px;\" href=\"https:\/\/www.canjosep.com\/es\/servicio-spa-masaje\/#reservar\" class=\"button-standard large \"><span class=\"icon-leaf\"> <\/span> Reservar masaje<\/a><\/div>\n<h3 class=\"titol_massatges\">CARTA DE MASAJES Y TRATAMIENTOS<\/h3>\n<p class=\"subtitol_massatges\">Relaja tu cuerpo y reconforta tu alma<\/p>\n<p><center><img loading=\"lazy\" decoding=\"async\" class=\"wp-image-2939 aligncenter\" src=\"https:\/\/www.canjosep.com\/wp-content\/uploads\/2022\/05\/divider_can_josep-1024x66.png\" alt=\"\" width=\"716\" height=\"46\" srcset=\"https:\/\/www.canjosep.com\/wp-content\/uploads\/2022\/05\/divider_can_josep-1024x66.png 1024w, https:\/\/www.canjosep.com\/wp-content\/uploads\/2022\/05\/divider_can_josep-300x19.png 300w, https:\/\/www.canjosep.com\/wp-content\/uploads\/2022\/05\/divider_can_josep-768x50.png 768w, https:\/\/www.canjosep.com\/wp-content\/uploads\/2022\/05\/divider_can_josep-1536x100.png 1536w, https:\/\/www.canjosep.com\/wp-content\/uploads\/2022\/05\/divider_can_josep-2048x133.png 2048w\" sizes=\"(max-width: 716px) 100vw, 716px\" \/><\/center><br \/>\n<div class='eight columns'><\/p>\n<h5><\/h5>\n<h5 class=\"titol_massatge\">Masaje relajante cuerpo entero 50&#8242;<\/h5>\n<p style=\"text-align: center;\">Es un masaje relajante de cuerpo entero con esencias de lavanda y menta<br \/>\nRelaja tu cuerpo y tu mente y crea un sentimiento de bienestar<\/p>\n<p style=\"text-align: center;\"><strong>Precio del masaje por persona: 65\u20ac<\/strong><\/p>\n<hr class=\"separador_massatges\">\n<h5><\/h5>\n<h5 class=\"titol_massatge\">Reflexolog\u00eda podal 35\u2019<\/h5>\n<p style=\"text-align: center;\">T\u00e9cnica terap\u00e9utica basada en la estimulaci\u00f3n manual de determinados puntos de los pies con el objetivo de provocar efectos benficiosos en otras partes del cuerpo.<br \/>\nEsta terapia contribuye a equilibrar los niveles de energ\u00eda.<\/p>\n<p style=\"text-align: center;\"><strong>Precio del masaje: 55\u20ac<\/strong><\/p>\n<hr class=\"separador_massatges\">\n<h5><\/h5>\n<h5 class=\"titol_massatge\">Masaje descontracturante 45\u2019<\/h5>\n<p style=\"text-align: center;\">Masaje de cuerpo entero que contribuye a reducir el dolor muscular<br \/>\nRelaja tu cuerpo y tu mente y crea un sentimiento de bienestar<\/p>\n<p style=\"text-align: center;\"><strong>Precio del masaje por persona: 70\u20ac<\/strong><\/p>\n<hr class=\"separador_massatges\">\n<h5><\/h5>\n<h5 class=\"titol_massatge\">Masaje con pareja<\/h5>\n<p style=\"text-align: center;\">Masaje relajante de cuerpo entero pensado para un d\u00eda de relax<br \/>\nMasaje de 25\u2032 por persona<br \/>\nRelaja tu cuerpo y tu mente y crea un sentimiento de bienestar<\/p>\n<p style=\"text-align: center;\"><strong>Precio del masaje en pareja: 110\u20ac<\/strong><\/p>\n<hr class=\"separador_massatges\" \/>\n<h5><\/h5>\n<h5 class=\"titol_massatge\">SPA<\/h5>\n<h5 class=\"subtitol_massatge\">Encuentra la salud a trav\u00e9s del agua<\/h5>\n<p style=\"text-align: center;\">Completa tu experiencia con acceso de 50&#8242; a nuestro SPA:<\/p>\n<p style=\"text-align: center;\"><strong>50&#8242; SPA compartido: 25\u20ac por persona<\/strong><\/p>\n<p style=\"text-align: center;\"><strong>50&#8242; SPA privado, con cava y bombones: 65\u20ac la pareja<\/strong><\/p>\n<p><\/div><\/p>\n<div class='eight columns'><\/p>\n<h5 class=\"titol_massatge\">Tratamiento facial revitalizante 50&#8242;<\/h5>\n<p style=\"text-align: center;\">Tratamiento revitalizante que aporta a la piel una recarga de vitaminas y minerales, restableciendo el equilibrio perdido por el paso del tiempo.<\/p>\n<p style=\"text-align: center;\">Higiene facial profunda.<\/p>\n<p style=\"text-align: center;\">Deja que tu piel descubra el placer de una experiencia personalizada.<\/p>\n<p style=\"text-align: center;\"><strong>Precio del tratamiento: 65\u20ac<\/strong><\/p>\n<hr class=\"separador_massatges\" \/>\n<h5><\/h5>\n<h5 class=\"titol_massatge\">Tratamiento corporal de cuerpo sin exfoliante de aceituna 100&#215;100 BIO 70&#8242;<\/h5>\n<p style=\"text-align: center;\">Tratamiento hidratante y nutritivo.<\/p>\n<p style=\"text-align: center;\">Relaja tu cuerpo y tu mente adentr\u00e1ndote en el placer de los sentidos.<\/p>\n<p style=\"text-align: center;\">Exfoliante de oliva \u201c<strong>El Oro l\u00edquido de nuestra tierra<\/strong>\u201d, con aroma a caf\u00e9 y menta, renueva la piel dej\u00e1ndola suave con un extra de hidrataci\u00f3n.<\/p>\n<p style=\"text-align: center;\">Masaje de cuerpo entero con aceites corporales hidratantes, consiguiendo una relajaci\u00f3n completa de cuerpo y mente.<\/p>\n<p style=\"text-align: center;\"><strong>Precio del tratamiento: 110\u20ac<\/strong><\/p>\n<hr class=\"separador_massatges\" \/>\n<h5><\/h5>\n<h5 class=\"titol_massatge\">Tratamiento corporal de cuerpo sin nutritivo con exfoliante de semillas de uva Cabernet 70&#8242;<\/h5>\n<p style=\"text-align: center;\">Relaja tu cuerpo y tu mente adentr\u00e1ndote en el placer de los sentidos.<\/p>\n<p style=\"text-align: center;\">Tratamiento exfoliante de \u201c<strong>Semillas de uva Cabernet<\/strong>\u201d que elimina con suavidad las c\u00e9lulas muertas reduciendo las irregularidades de la piel y la nutre, produciendo un efecto de piel nueva de inmediato quedando una piel lisa y nutrida.<\/p>\n<p style=\"text-align: center;\">Masaje de cuerpo entero con \u201c<strong>Tie de Vi\u00f1a nutritivo hialur\u00f3nico<\/strong>\u201d, deja la piel delicadamente perfumada con notas de almizcle blanco, neroli y jengibre consiguiendo una piel m\u00e1s suave, flexible y luminosa.<\/p>\n<p style=\"text-align: center;\"><strong>Precio del tratamiento: 110\u20ac<\/strong><\/p>\n<p><\/div><div class='clear'><\/div>\n<p>* Las tarifas son v\u00e1lidas tanto para clientes alojados como para los que no est\u00e1n alojados.<br \/>\n<div class='eight columns'><\/p>\n<p><a href=\"https:\/\/www.canjosep.com\/wp-content\/uploads\/2015\/06\/spa_canjosep_piscina.jpg\" rel=\"lightbox[2789]\"><img loading=\"lazy\" decoding=\"async\" class=\"alignnone wp-image-2771 size-large\" src=\"https:\/\/www.canjosep.com\/wp-content\/uploads\/2015\/06\/spa_canjosep_piscina.jpg\" alt=\"\" width=\"1024\" height=\"569\"><\/a> <a href=\"https:\/\/www.canjosep.com\/wp-content\/uploads\/2015\/06\/spa_canjosep_massatges.jpg\" rel=\"lightbox[2789]\"><img loading=\"lazy\" decoding=\"async\" class=\"alignnone size-large wp-image-2766\" src=\"https:\/\/www.canjosep.com\/wp-content\/uploads\/2015\/06\/spa_canjosep_massatges.jpg\" alt=\"\" width=\"1024\" height=\"569\"><\/a><br \/>\n<\/div><br \/>\n<div class='eight columns'><br \/>\n<a name=\"reservar\"><\/a><\/p>\n<h4 style=\"text-align: center; margin-top:-30px;\">RESERVAR SPA Y MASAJES<\/h4>\n<p>Es imprescindible realizar una solicitud de reserva. Una vez recibida, nos pondremos en contacto contigo (por email o tel\u00e9fono) para confirmar la reserva.<br \/>\n\n<div class=\"wpcf7 no-js\" id=\"wpcf7-f2970-o1\" lang=\"ca\" dir=\"ltr\">\n<div class=\"screen-reader-response\"><p role=\"status\" aria-live=\"polite\" aria-atomic=\"true\"><\/p> <ul><\/ul><\/div>\n<form action=\"\/es\/wp-json\/wp\/v2\/pages\/2789#wpcf7-f2970-o1\" method=\"post\" class=\"wpcf7-form init\" aria-label=\"Formulari de contacte\" novalidate=\"novalidate\" data-status=\"init\">\n<div style=\"display: none;\">\n<input type=\"hidden\" name=\"_wpcf7\" value=\"2970\" \/>\n<input type=\"hidden\" name=\"_wpcf7_version\" value=\"5.8.6\" \/>\n<input type=\"hidden\" name=\"_wpcf7_locale\" value=\"ca\" \/>\n<input type=\"hidden\" name=\"_wpcf7_unit_tag\" value=\"wpcf7-f2970-o1\" \/>\n<input type=\"hidden\" name=\"_wpcf7_container_post\" value=\"0\" \/>\n<input type=\"hidden\" name=\"_wpcf7_posted_data_hash\" value=\"\" \/>\n<input type=\"hidden\" name=\"_wpcf7_recaptcha_response\" value=\"\" \/>\n<\/div>\n<p>Nombre: <span class=\"wpcf7-form-control-wrap\" data-name=\"your-name\"><input size=\"40\" class=\"wpcf7-form-control wpcf7-text wpcf7-validates-as-required\" aria-required=\"true\" aria-invalid=\"false\" placeholder=\"Introduzca su nombre\" value=\"\" type=\"text\" name=\"your-name\" \/><\/span>\n<\/p>\n<p>Email: <span class=\"wpcf7-form-control-wrap\" data-name=\"your-email\"><input size=\"40\" class=\"wpcf7-form-control wpcf7-email wpcf7-validates-as-required wpcf7-text wpcf7-validates-as-email\" aria-required=\"true\" aria-invalid=\"false\" placeholder=\"Introduzca su email\" value=\"\" type=\"email\" name=\"your-email\" \/><\/span>\n<\/p>\n<p>Tel\u00e9fono: <span class=\"wpcf7-form-control-wrap\" data-name=\"your-phone\"><input size=\"40\" class=\"wpcf7-form-control wpcf7-tel wpcf7-validates-as-required wpcf7-text wpcf7-validates-as-tel\" aria-required=\"true\" aria-invalid=\"false\" placeholder=\"Introduzca tel\u00e9fono\" value=\"\" type=\"tel\" name=\"your-phone\" \/><\/span>\n<\/p>\n<p>Tipo de masaje: <span class=\"wpcf7-form-control-wrap\" data-name=\"massatge\"><select class=\"wpcf7-form-control wpcf7-select wpcf7-validates-as-required\" aria-required=\"true\" aria-invalid=\"false\" name=\"massatge\"><option value=\"Masaje relajante cuerpo entero 50&#039;\">Masaje relajante cuerpo entero 50&#039;<\/option><option value=\"Reflexolog\u00eda podal 35&#039;\">Reflexolog\u00eda podal 35&#039;<\/option><option value=\"Masaje descontracturante 45&#039;\">Masaje descontracturante 45&#039;<\/option><option value=\"Masaje con pareja\">Masaje con pareja<\/option><option value=\"SPA 50&#039;\">SPA 50&#039;<\/option><option value=\"SPA privado con cava y bombones 50&#039;\">SPA privado con cava y bombones 50&#039;<\/option><option value=\"Tratamiento facial revitalizante 50&#039;\">Tratamiento facial revitalizante 50&#039;<\/option><option value=\"Tratamiento corporal exfoliante aceituna 70&#039;\">Tratamiento corporal exfoliante aceituna 70&#039;<\/option><option value=\"Tratamiento corporal exfoliante semillas de uva 70&#039;\">Tratamiento corporal exfoliante semillas de uva 70&#039;<\/option><\/select><\/span>\n<\/p>\n<p>Quieres acceder al SPA?: <span class=\"wpcf7-form-control-wrap\" data-name=\"spa\"><span class=\"wpcf7-form-control wpcf7-radio\"><span class=\"wpcf7-list-item first\"><label><input type=\"radio\" name=\"spa\" value=\"No\" checked=\"checked\" \/><span class=\"wpcf7-list-item-label\">No<\/span><\/label><\/span><span class=\"wpcf7-list-item last\"><label><input type=\"radio\" name=\"spa\" value=\"S\u00ed\" \/><span class=\"wpcf7-list-item-label\">S\u00ed<\/span><\/label><\/span><\/span><\/span>\n<\/p>\n<p>Fecha y Hora: <span class=\"wpcf7-form-control-wrap\" data-name=\"data_reserva\"><input class=\"wpcf7-form-control wpcf7-date wpcf7-validates-as-required wpcf7-validates-as-date\" aria-required=\"true\" aria-invalid=\"false\" value=\"\" type=\"date\" name=\"data_reserva\" \/><\/span><span class=\"wpcf7-form-control-wrap\" data-name=\"hora_reserva\"><select class=\"wpcf7-form-control wpcf7-select wpcf7-validates-as-required\" aria-required=\"true\" aria-invalid=\"false\" name=\"hora_reserva\"><option value=\"16h\">16h<\/option><option value=\"17h\">17h<\/option><option value=\"18h\">18h<\/option><option value=\"19h\">19h<\/option><\/select><\/span>\n<\/p>\n<p><label for=\"privacy\" class=\"privacy-label\"><span class=\"wpcf7-form-control-wrap\" data-name=\"proteccio-dades\"><span class=\"wpcf7-form-control wpcf7-acceptance\"><span class=\"wpcf7-list-item\"><input type=\"checkbox\" name=\"proteccio-dades\" value=\"1\" id=\"privacy\" aria-invalid=\"false\" \/><\/span><\/span><\/span> He leido y acepto la <a href=\"http:\/\/canjosep.com\/proteccio-dades-personals-4\/\" target=\"_blank\">cl\u00e1usula de Informaci\u00f3n sobre Protecci\u00f3n de Datos.<\/a><\/label>\n<\/p>\n<p><button type=\"submit\" id=\"submit-button\">Enviar <span class=\"icon-envelope\"><\/span><\/button>\n<\/p><div class=\"wpcf7-response-output\" aria-hidden=\"true\"><\/div>\n<\/form>\n<\/div>\n<br \/>\n<\/div><div class='clear'><\/div><\/p>\n","protected":false},"excerpt":{"rendered":"<p>Disponemos de SPA con cascadas, jacuzzi y ba\u00f1o turco, donde podr\u00e1 relajarse durante su estancia en el Hotel Can Josep y disfrutar de las excelentes vistas que ofrece. Acceso de 50 minutos incluido con su reserva. Tambi\u00e9n ofrecemos un servicio de masajes, puede ver la carta debajo. Es necesario realizar una reserva previa mediante el formulario de m\u00e1s abajo. Para m\u00e1s informaci\u00f3n y reservas puede rellenar el formulario o llamarnos al 977 428 240 CARTA DE MASAJES Y TRATAMIENTOS Relaja tu cuerpo y reconforta tu alma * Las tarifas son v\u00e1lidas tanto para clientes alojados como para los que no est\u00e1n alojados.<\/p>\n","protected":false},"author":5,"featured_media":0,"parent":0,"menu_order":0,"comment_status":"open","ping_status":"open","template":"page-fullwidth.php","meta":{"footnotes":""},"yoast_head":"<!-- This site is optimized with the Yoast SEO plugin v21.9.1 - https:\/\/yoast.com\/wordpress\/plugins\/seo\/ -->\n<title>SPA y masajes - Hotel - Restaurant Can Josep<\/title>\n<meta name=\"robots\" content=\"index, follow, max-snippet:-1, max-image-preview:large, max-video-preview:-1\" \/>\n<link rel=\"canonical\" href=\"https:\/\/www.canjosep.com\/es\/servicio-spa-masajes\/\" \/>\n<meta property=\"og:locale\" content=\"es_ES\" \/>\n<meta property=\"og:type\" content=\"article\" \/>\n<meta property=\"og:title\" content=\"SPA y masajes - Hotel - Restaurant Can Josep\" \/>\n<meta property=\"og:description\" content=\"Disponemos de SPA con cascadas, jacuzzi y ba\u00f1o turco, donde podr\u00e1 relajarse durante su estancia en el Hotel Can Josep y disfrutar de las excelentes vistas que ofrece. Acceso de 50 minutos incluido con su reserva. Tambi\u00e9n ofrecemos un servicio de masajes, puede ver la carta debajo. Es necesario realizar una reserva previa mediante el formulario de m\u00e1s abajo. Para m\u00e1s informaci\u00f3n y reservas puede rellenar el formulario o llamarnos al 977 428 240 CARTA DE MASAJES Y TRATAMIENTOS Relaja tu cuerpo y reconforta tu alma * Las tarifas son v\u00e1lidas tanto para clientes alojados como para los que no est\u00e1n alojados.\" \/>\n<meta property=\"og:url\" content=\"https:\/\/www.canjosep.com\/es\/servicio-spa-masajes\/\" \/>\n<meta property=\"og:site_name\" content=\"Hotel - Restaurant Can Josep\" \/>\n<meta property=\"article:modified_time\" content=\"2024-04-02T14:26:50+00:00\" \/>\n<meta property=\"og:image\" content=\"https:\/\/www.canjosep.com\/wp-content\/uploads\/2022\/05\/divider_can_josep-1024x66.png\" \/>\n<meta name=\"twitter:card\" content=\"summary_large_image\" \/>\n<meta name=\"twitter:label1\" content=\"Tiempo de lectura\" \/>\n\t<meta name=\"twitter:data1\" content=\"4 minutos\" \/>\n<script type=\"application\/ld+json\" class=\"yoast-schema-graph\">{\"@context\":\"https:\/\/schema.org\",\"@graph\":[{\"@type\":\"WebPage\",\"@id\":\"https:\/\/www.canjosep.com\/es\/servicio-spa-masajes\/\",\"url\":\"https:\/\/www.canjosep.com\/es\/servicio-spa-masajes\/\",\"name\":\"SPA y masajes - Hotel - Restaurant Can Josep\",\"isPartOf\":{\"@id\":\"https:\/\/www.canjosep.com\/#website\"},\"datePublished\":\"2022-03-20T10:49:08+00:00\",\"dateModified\":\"2024-04-02T14:26:50+00:00\",\"breadcrumb\":{\"@id\":\"https:\/\/www.canjosep.com\/es\/servicio-spa-masajes\/#breadcrumb\"},\"inLanguage\":\"es\",\"potentialAction\":[{\"@type\":\"ReadAction\",\"target\":[\"https:\/\/www.canjosep.com\/es\/servicio-spa-masajes\/\"]}]},{\"@type\":\"BreadcrumbList\",\"@id\":\"https:\/\/www.canjosep.com\/es\/servicio-spa-masajes\/#breadcrumb\",\"itemListElement\":[{\"@type\":\"ListItem\",\"position\":1,\"name\":\"Inici\",\"item\":\"https:\/\/www.canjosep.com\/es\/\"},{\"@type\":\"ListItem\",\"position\":2,\"name\":\"SPA y masajes\"}]},{\"@type\":\"WebSite\",\"@id\":\"https:\/\/www.canjosep.com\/#website\",\"url\":\"https:\/\/www.canjosep.com\/\",\"name\":\"Hotel - Restaurant Can Josep\",\"description\":\"\",\"potentialAction\":[{\"@type\":\"SearchAction\",\"target\":{\"@type\":\"EntryPoint\",\"urlTemplate\":\"https:\/\/www.canjosep.com\/?s={search_term_string}\"},\"query-input\":\"required name=search_term_string\"}],\"inLanguage\":\"es\"}]}<\/script>\n<!-- \/ Yoast SEO plugin. -->","yoast_head_json":{"title":"SPA y masajes - Hotel - Restaurant Can Josep","robots":{"index":"index","follow":"follow","max-snippet":"max-snippet:-1","max-image-preview":"max-image-preview:large","max-video-preview":"max-video-preview:-1"},"canonical":"https:\/\/www.canjosep.com\/es\/servicio-spa-masajes\/","og_locale":"es_ES","og_type":"article","og_title":"SPA y masajes - Hotel - Restaurant Can Josep","og_description":"Disponemos de SPA con cascadas, jacuzzi y ba\u00f1o turco, donde podr\u00e1 relajarse durante su estancia en el Hotel Can Josep y disfrutar de las excelentes vistas que ofrece. Acceso de 50 minutos incluido con su reserva. Tambi\u00e9n ofrecemos un servicio de masajes, puede ver la carta debajo. Es necesario realizar una reserva previa mediante el formulario de m\u00e1s abajo. Para m\u00e1s informaci\u00f3n y reservas puede rellenar el formulario o llamarnos al 977 428 240 CARTA DE MASAJES Y TRATAMIENTOS Relaja tu cuerpo y reconforta tu alma * Las tarifas son v\u00e1lidas tanto para clientes alojados como para los que no est\u00e1n alojados.","og_url":"https:\/\/www.canjosep.com\/es\/servicio-spa-masajes\/","og_site_name":"Hotel - Restaurant Can Josep","article_modified_time":"2024-04-02T14:26:50+00:00","og_image":[{"url":"https:\/\/www.canjosep.com\/wp-content\/uploads\/2022\/05\/divider_can_josep-1024x66.png"}],"twitter_card":"summary_large_image","twitter_misc":{"Tiempo de lectura":"4 minutos"},"schema":{"@context":"https:\/\/schema.org","@graph":[{"@type":"WebPage","@id":"https:\/\/www.canjosep.com\/es\/servicio-spa-masajes\/","url":"https:\/\/www.canjosep.com\/es\/servicio-spa-masajes\/","name":"SPA y masajes - Hotel - Restaurant Can Josep","isPartOf":{"@id":"https:\/\/www.canjosep.com\/#website"},"datePublished":"2022-03-20T10:49:08+00:00","dateModified":"2024-04-02T14:26:50+00:00","breadcrumb":{"@id":"https:\/\/www.canjosep.com\/es\/servicio-spa-masajes\/#breadcrumb"},"inLanguage":"es","potentialAction":[{"@type":"ReadAction","target":["https:\/\/www.canjosep.com\/es\/servicio-spa-masajes\/"]}]},{"@type":"BreadcrumbList","@id":"https:\/\/www.canjosep.com\/es\/servicio-spa-masajes\/#breadcrumb","itemListElement":[{"@type":"ListItem","position":1,"name":"Inici","item":"https:\/\/www.canjosep.com\/es\/"},{"@type":"ListItem","position":2,"name":"SPA y masajes"}]},{"@type":"WebSite","@id":"https:\/\/www.canjosep.com\/#website","url":"https:\/\/www.canjosep.com\/","name":"Hotel - Restaurant Can Josep","description":"","potentialAction":[{"@type":"SearchAction","target":{"@type":"EntryPoint","urlTemplate":"https:\/\/www.canjosep.com\/?s={search_term_string}"},"query-input":"required name=search_term_string"}],"inLanguage":"es"}]}},"_links":{"self":[{"href":"https:\/\/www.canjosep.com\/es\/wp-json\/wp\/v2\/pages\/2789"}],"collection":[{"href":"https:\/\/www.canjosep.com\/es\/wp-json\/wp\/v2\/pages"}],"about":[{"href":"https:\/\/www.canjosep.com\/es\/wp-json\/wp\/v2\/types\/page"}],"author":[{"embeddable":true,"href":"https:\/\/www.canjosep.com\/es\/wp-json\/wp\/v2\/users\/5"}],"replies":[{"embeddable":true,"href":"https:\/\/www.canjosep.com\/es\/wp-json\/wp\/v2\/comments?post=2789"}],"version-history":[{"count":12,"href":"https:\/\/www.canjosep.com\/es\/wp-json\/wp\/v2\/pages\/2789\/revisions"}],"predecessor-version":[{"id":3433,"href":"https:\/\/www.canjosep.com\/es\/wp-json\/wp\/v2\/pages\/2789\/revisions\/3433"}],"wp:attachment":[{"href":"https:\/\/www.canjosep.com\/es\/wp-json\/wp\/v2\/media?parent=2789"}],"curies":[{"name":"wp","href":"https:\/\/api.w.org\/{rel}","templated":true}]}}