{"id":1460,"date":"2015-09-25T18:16:40","date_gmt":"2015-09-25T16:16:40","guid":{"rendered":"http:\/\/canjosep.com\/declaracio-de-privacitat-2\/"},"modified":"2018-01-27T14:35:35","modified_gmt":"2018-01-27T13:35:35","slug":"informacion-adicional-rgpdue","status":"publish","type":"page","link":"https:\/\/www.canjosep.com\/es\/informacion-adicional-rgpdue\/","title":{"rendered":"Informaci\u00f3n adicional RGPDUE"},"content":{"rendered":"<p><strong>PROTECCI\u00d3N DE DATOS PERSONALES (Informaci\u00f3n adicional)<\/strong><\/p>\n<p><em><strong>Textos Legales &#8211; Versi\u00f3n\u00a01 &#8211; 08-2017<\/strong><\/em><\/p>\n<table width=\"709\">\n<tbody>\n<tr>\n<td width=\"47\"><strong>3.0<\/strong><\/td>\n<td colspan=\"3\" width=\"662\"><strong>Informaci\u00f3n adicional (general)<\/strong><\/td>\n<\/tr>\n<tr>\n<td colspan=\"4\" width=\"709\"><strong>PROTECCI\u00d3N DE DATOS PERSONALES (Informaci\u00f3n adicional)<\/strong><\/td>\n<\/tr>\n<tr>\n<td colspan=\"2\" rowspan=\"3\" width=\"113\"><strong>Responsable<br \/>\ndel tratamiento<\/strong><\/td>\n<td width=\"132\"><strong>Datos de contacto<br \/>\ndel responsable<\/strong><\/td>\n<td width=\"463\"><strong>CAN JOSEP TERRA ALTA, S.L.<\/strong><br \/>\nAv. Catalunya, 36 \u2013 43785 BOT (TARRAGONA)<br \/>\nTel. 977 42 82 40 canjosep.com<\/td>\n<\/tr>\n<tr>\n<td width=\"132\"><strong>Datos de contacto del DPO<\/strong><\/td>\n<td width=\"463\"><\/td>\n<\/tr>\n<tr>\n<td width=\"132\"><strong>Per\u00edodo de conservaci\u00f3n<\/strong><\/td>\n<td width=\"463\">La previsi\u00f3n legal que obliga a conservarlos por razones fiscales y contables, y a conservarlos para tenerlos a disposici\u00f3n de una entidad p\u00fablica competente. No obstante, podr\u00e1n conservarse m\u00e1s tiempo con fines de archivo hist\u00f3rico o estad\u00edstico, salvo que se ejerza oposici\u00f3n y\/o cancelaci\u00f3n.<\/td>\n<\/tr>\n<tr>\n<td colspan=\"2\" rowspan=\"6\" width=\"113\"><strong>Destinatarios<\/strong><\/td>\n<td width=\"132\"><strong>Destinatario de la cesi\u00f3n<\/strong><\/td>\n<td width=\"463\">No se prev\u00e9n cesiones de datos, excepto por previsi\u00f3n legal.<\/td>\n<\/tr>\n<tr>\n<td width=\"132\"><strong>Finalidad de la cesi\u00f3n<\/strong><\/td>\n<td width=\"463\">No se prev\u00e9 ninguna cesi\u00f3n.<\/td>\n<\/tr>\n<tr>\n<td width=\"132\"><strong>Legitimaci\u00f3n de la cesi\u00f3n<\/strong><\/td>\n<td width=\"463\">No se prev\u00e9 ninguna cesi\u00f3n.<\/td>\n<\/tr>\n<tr>\n<td width=\"132\"><strong>Movimientos internacionales de datos<\/strong><\/td>\n<td width=\"463\">No se producen.<\/td>\n<\/tr>\n<tr>\n<td width=\"132\"><strong>Transferencia internacional<\/strong><\/td>\n<td width=\"463\">No se producen.<\/td>\n<\/tr>\n<tr>\n<td width=\"132\"><strong>Encargados de tratamiento<\/strong><\/td>\n<td width=\"463\">Los datos podr\u00e1n ser cedidos a proveedores con acceso a datos, con quienes se formaliza las obligaciones y responsabilidades que asumen en el tratamiento de los datos, en calidad de Encargado de Tratamiento.<\/td>\n<\/tr>\n<tr>\n<td colspan=\"2\" rowspan=\"3\" width=\"113\"><strong>Derechos<\/strong><\/td>\n<td width=\"132\"><strong>\u00bfQue derechos tiene?<\/strong><\/td>\n<td width=\"463\">Tiene derecho al hecho que le confirmamos si estamos tratando datos suyos.<br \/>\nDerecho a acceder a sus datos, rectificarlos si son inexactos o suprimirlos particularmente si ya no es necesario tratarlos.<br \/>\nEn determinados casos podr\u00e1 solicitar la limitaci\u00f3n del tratamiento, en este caso los utilizaremos \u00fanicamente para el ejercicio o defensa de reclamaciones.<br \/>\nEn determinados casos podr\u00e1 oponerse al hecho que tratemos sus datos y dejaremos de tratarlos, salvo por motivos leg\u00edtimos imperiosos o el ejercicio o defensa de posibles reclamaciones.<br \/>\nDerecho a revocar el consentimiento.<\/td>\n<\/tr>\n<tr>\n<td width=\"132\"><strong>\u00bfC\u00f3mo puede ejercitarlos?<\/strong><\/td>\n<td width=\"463\">Para ejercitar los derechos deber\u00e1 presentar un escrito en la direcci\u00f3n arriba se\u00f1alada o enviar comunicado al correo electr\u00f3nico info@canjosep.com. Deber\u00e1 especificar cu\u00e1l de estos derechos solicita sea satisfecho y, a su vez, deber\u00e1 acompa\u00f1arse de la fotocopia del DNI o documento identificativo equivalente. En caso de que actuara mediante representante, legal o voluntario, deber\u00e1 aportar tambi\u00e9n documento que acredite la representaci\u00f3n y documento identificativo del mismo.<br \/>\nSi quiere disponer de un modelo para ello podr\u00e1:<br \/>\nUtilizar un modelo oficial de la Agencia: http:\/\/www.agpd.es\/portalwebagpd\/canaldelciudadano\/derechos\/index-ides-idphp.php<br \/>\nSolicitarnos un modelo: info@canjosep.com.<\/td>\n<\/tr>\n<tr>\n<td width=\"132\"><strong>Posibilidad de reclamar ante la AEPD<\/strong><\/td>\n<td width=\"463\">Asimismo, le informamos de que cuando no haya obtenido satisfacci\u00f3n en el ejercicio de sus derechos o la forma de ejercerlos podr\u00e1 presentar una reclamaci\u00f3n ante la Autoridad de Control. Si quiere conocer m\u00e1s informaci\u00f3n sobre este derecho y como ejercerlo puede dirigirse a la AGPD: http:\/\/www.agpd.es\/ Tel. 901 100 099 i 91.266.35.17. C\/Jorge Juan,6 28001-Madrid<\/td>\n<\/tr>\n<\/tbody>\n<\/table>\n<table width=\"709\">\n<tbody>\n<tr>\n<td width=\"47\"><strong>3.1<\/strong><\/td>\n<td colspan=\"3\" width=\"662\"><strong>Formulario 1 \u2013 RESERVAS Y TARIFAS<\/strong><\/td>\n<\/tr>\n<tr>\n<td colspan=\"4\" width=\"709\"><strong>PROTECCI\u00d3N DE DATOS PERSONALES (Informaci\u00f3n adicional)<\/strong><\/td>\n<\/tr>\n<tr>\n<td colspan=\"3\" width=\"246\"><strong>Informaci\u00f3n adicional General<\/strong><\/td>\n<td width=\"463\"><strong><a href=\"http:\/\/legal-compliance.cat\/es\/informacio-addicional-rgpdue\/#3.0\">+info general RGPDUE<\/a><\/strong><\/td>\n<\/tr>\n<tr>\n<td colspan=\"2\" rowspan=\"2\" width=\"123\"><strong>Finalidad, plazo de conservaci\u00f3n y legitimaci\u00f3n<\/strong><\/p>\n<p><strong>\u00a0<\/strong><\/td>\n<td width=\"123\"><strong>Finalidades detalladas<\/strong><\/td>\n<td width=\"463\">Recogida de los datos para recabar datos necesarios para iniciar el proceso de reserva de servicios, suscribirse al bolet\u00edn informativo para recibir informaci\u00f3n de nuestras ofertas de productos, actividades y servicios que sean de su inter\u00e9s, incluso por medios electr\u00f3nicos.<\/td>\n<\/tr>\n<tr>\n<td width=\"123\"><strong>Legitimaci\u00f3n<\/strong><\/td>\n<td width=\"463\">Consentimiento del interesado<\/td>\n<\/tr>\n<\/tbody>\n<\/table>\n<table width=\"709\">\n<tbody>\n<tr>\n<td width=\"47\"><strong>3.2<\/strong><\/td>\n<td colspan=\"3\" width=\"662\"><strong>Formulario 2 \u2013 RESERVE SU MESA<\/strong><\/td>\n<\/tr>\n<tr>\n<td colspan=\"4\" width=\"709\"><strong>PROTECCI\u00d3N DE DATOS PERSONALES (Informaci\u00f3n adicional)<\/strong><\/td>\n<\/tr>\n<tr>\n<td colspan=\"3\" width=\"246\"><strong>Informaci\u00f3n adicional General<\/strong><\/td>\n<td width=\"463\"><strong><a href=\"http:\/\/legal-compliance.cat\/es\/informacio-addicional-rgpdue\/#3.0\">+info general RGPDUE<\/a><\/strong><\/td>\n<\/tr>\n<tr>\n<td colspan=\"2\" rowspan=\"2\" width=\"123\"><strong>Finalidad, plazo de conservaci\u00f3n y legitimaci\u00f3n<\/strong><\/td>\n<td width=\"123\"><strong>Finalidades detalladas<\/strong><\/td>\n<td width=\"463\">Recogida de los datos para recabar datos necesarios para iniciar el proceso de reserva de servicios, suscribirse al bolet\u00edn informativo para recibir informaci\u00f3n de nuestras ofertas de productos, actividades y servicios que sean de su inter\u00e9s, incluso por medios electr\u00f3nicos.<\/td>\n<\/tr>\n<tr>\n<td width=\"123\"><strong>Legitimaci\u00f3n<\/strong><\/td>\n<td width=\"463\">Consentimiento del interesado<\/td>\n<\/tr>\n<\/tbody>\n<\/table>\n<table width=\"709\">\n<tbody>\n<tr>\n<td width=\"47\"><strong>3.3<\/strong><\/td>\n<td colspan=\"3\" width=\"662\"><strong>Formulario 3 \u2013 RESERVE ESTA EXPERIENCIA<\/strong><\/td>\n<\/tr>\n<tr>\n<td colspan=\"4\" width=\"709\"><strong>PROTECCI\u00d3N DE DATOS PERSONALES (Informaci\u00f3n adicional)<\/strong><\/td>\n<\/tr>\n<tr>\n<td colspan=\"3\" width=\"246\"><strong>Informaci\u00f3n adicional General<\/strong><\/td>\n<td width=\"463\"><strong><a href=\"http:\/\/legal-compliance.cat\/es\/informacio-addicional-rgpdue\/#3.0\">+info general RGPDUE<\/a><\/strong><\/td>\n<\/tr>\n<tr>\n<td colspan=\"2\" rowspan=\"2\" width=\"123\"><strong>Finalidad, plazo de conservaci\u00f3n y legitimaci\u00f3n<\/strong><\/td>\n<td width=\"123\"><strong>Finalidades detalladas<\/strong><\/td>\n<td width=\"463\">Recogida de los datos para recabar datos necesarios para iniciar el proceso de reserva de servicios, suscribirse al bolet\u00edn informativo para recibir informaci\u00f3n de nuestras ofertas de productos, actividades y servicios que sean de su inter\u00e9s, incluso por medios electr\u00f3nicos.<\/td>\n<\/tr>\n<tr>\n<td width=\"123\"><strong>Legitimaci\u00f3n<\/strong><\/td>\n<td width=\"463\">Consentimiento del interesado<\/td>\n<\/tr>\n<\/tbody>\n<\/table>\n<table width=\"709\">\n<tbody>\n<tr>\n<td width=\"47\"><strong>3.4<\/strong><\/td>\n<td colspan=\"3\" width=\"662\"><strong>Formulario 4 \u2013 CONTACTE \/ M\u00c1NDENOS UN MENSAJE<\/strong><\/td>\n<\/tr>\n<tr>\n<td colspan=\"4\" width=\"709\"><strong>PROTECCI\u00d3N DE DATOS PERSONALES (Informaci\u00f3n adicional)<\/strong><\/td>\n<\/tr>\n<tr>\n<td colspan=\"3\" width=\"246\"><strong>Informaci\u00f3n adicional General<\/strong><\/td>\n<td width=\"463\"><strong><a href=\"http:\/\/legal-compliance.cat\/es\/informacio-addicional-rgpdue\/#3.0\">+info general RGPDUE<\/a><\/strong><\/td>\n<\/tr>\n<tr>\n<td colspan=\"2\" rowspan=\"2\" width=\"123\"><strong>Finalidad, plazo de conservaci\u00f3n y legitimaci\u00f3n<\/strong><\/td>\n<td width=\"123\"><strong>Finalidades detalladas<\/strong><\/td>\n<td width=\"463\">Recogida de los datos para atender sus consultas y el env\u00edo de informaci\u00f3n peri\u00f3dica de nuestras actividades, productos y servicios, incluso por medios electr\u00f3nicos.<\/td>\n<\/tr>\n<tr>\n<td width=\"123\"><strong>Legitimaci\u00f3n<\/strong><\/td>\n<td width=\"463\">Consentimiento del interesado<\/td>\n<\/tr>\n<\/tbody>\n<\/table>\n<table width=\"709\">\n<tbody>\n<tr>\n<td width=\"47\"><strong>4.1<\/strong><\/td>\n<td colspan=\"3\" width=\"662\"><strong>Formulario 1 -ALTA NEWSLETTER<\/strong><\/td>\n<\/tr>\n<tr>\n<td colspan=\"4\" width=\"709\"><strong>PROTECCI\u00d3N DE DATOS PERSONALES (Informaci\u00f3n adicional)<\/strong><\/td>\n<\/tr>\n<tr>\n<td colspan=\"3\" width=\"246\"><strong>Informaci\u00f3n adicional General<\/strong><\/td>\n<td width=\"463\"><strong><a href=\"http:\/\/legal-compliance.cat\/es\/informacio-addicional-rgpdue\/#3.0\">+info general RGPDUE<\/a><\/strong><\/td>\n<\/tr>\n<tr>\n<td colspan=\"2\" rowspan=\"2\" width=\"123\"><strong>Finalidad, plazo de conservaci\u00f3n y legitimaci\u00f3n<\/strong><\/td>\n<td width=\"123\"><strong>Finalidades detalladas<\/strong><\/td>\n<td width=\"463\">El env\u00edo de informaci\u00f3n peri\u00f3dica de nuestras actividades y servicios, incluso por medios electr\u00f3nicos.<\/td>\n<\/tr>\n<tr>\n<td width=\"123\"><strong>Legitimaci\u00f3n<\/strong><\/td>\n<td width=\"463\">Consentimiento del interesado<\/td>\n<\/tr>\n<tr>\n<td colspan=\"2\" width=\"123\"><strong>Env\u00edo de boletines y comunicaciones comerciales<\/strong><\/td>\n<td colspan=\"2\" width=\"586\">Los datos de los clientes podr\u00e1n ser utilizados para el env\u00edo de boletines (Newsletters) digitales o en papel, informando sobre ofertas o hechos relacionados con la empresa.<\/td>\n<\/tr>\n<\/tbody>\n<\/table>\n","protected":false},"excerpt":{"rendered":"<p>PROTECCI\u00d3N DE DATOS PERSONALES (Informaci\u00f3n adicional) Textos Legales &#8211; Versi\u00f3n\u00a01 &#8211; 08-2017 3.0 Informaci\u00f3n adicional (general) PROTECCI\u00d3N DE DATOS PERSONALES (Informaci\u00f3n adicional) Responsable del tratamiento Datos de contacto del responsable CAN JOSEP TERRA ALTA, S.L. Av. Catalunya, 36 \u2013 43785 BOT (TARRAGONA) Tel. 977 42 82 40 canjosep.com Datos de contacto del DPO Per\u00edodo de conservaci\u00f3n La previsi\u00f3n legal que obliga a conservarlos por razones fiscales y contables, y a conservarlos para tenerlos a disposici\u00f3n de una entidad p\u00fablica competente. No obstante, podr\u00e1n conservarse m\u00e1s tiempo con fines de archivo hist\u00f3rico o estad\u00edstico, salvo que se ejerza oposici\u00f3n y\/o cancelaci\u00f3n. Destinatarios Destinatario de la cesi\u00f3n No se prev\u00e9n cesiones de datos, excepto por previsi\u00f3n legal. Finalidad de la cesi\u00f3n No se prev\u00e9 ninguna cesi\u00f3n. Legitimaci\u00f3n de la cesi\u00f3n No se prev\u00e9 ninguna cesi\u00f3n. Movimientos internacionales de datos No se producen. Transferencia internacional No se producen. Encargados de tratamiento Los datos podr\u00e1n ser cedidos a proveedores con acceso a datos, con quienes se formaliza las obligaciones y responsabilidades que asumen en el tratamiento de los datos, en calidad de Encargado de Tratamiento. Derechos \u00bfQue derechos tiene? Tiene derecho al hecho que le confirmamos si estamos tratando datos suyos. Derecho a acceder [&hellip;]<\/p>\n","protected":false},"author":1,"featured_media":0,"parent":0,"menu_order":0,"comment_status":"closed","ping_status":"closed","template":"","meta":{"footnotes":""},"yoast_head":"<!-- This site is optimized with the Yoast SEO plugin v21.9.1 - https:\/\/yoast.com\/wordpress\/plugins\/seo\/ -->\n<title>Informaci\u00f3n adicional RGPDUE - Hotel - Restaurant Can Josep<\/title>\n<meta name=\"robots\" content=\"index, follow, max-snippet:-1, max-image-preview:large, max-video-preview:-1\" \/>\n<link rel=\"canonical\" href=\"https:\/\/www.canjosep.com\/es\/informacion-adicional-rgpdue\/\" \/>\n<meta property=\"og:locale\" content=\"es_ES\" \/>\n<meta property=\"og:type\" content=\"article\" \/>\n<meta property=\"og:title\" content=\"Informaci\u00f3n adicional RGPDUE - Hotel - Restaurant Can Josep\" \/>\n<meta property=\"og:description\" content=\"PROTECCI\u00d3N DE DATOS PERSONALES (Informaci\u00f3n adicional) Textos Legales &#8211; Versi\u00f3n\u00a01 &#8211; 08-2017 3.0 Informaci\u00f3n adicional (general) PROTECCI\u00d3N DE DATOS PERSONALES (Informaci\u00f3n adicional) Responsable del tratamiento Datos de contacto del responsable CAN JOSEP TERRA ALTA, S.L. Av. Catalunya, 36 \u2013 43785 BOT (TARRAGONA) Tel. 977 42 82 40 canjosep.com Datos de contacto del DPO Per\u00edodo de conservaci\u00f3n La previsi\u00f3n legal que obliga a conservarlos por razones fiscales y contables, y a conservarlos para tenerlos a disposici\u00f3n de una entidad p\u00fablica competente. No obstante, podr\u00e1n conservarse m\u00e1s tiempo con fines de archivo hist\u00f3rico o estad\u00edstico, salvo que se ejerza oposici\u00f3n y\/o cancelaci\u00f3n. Destinatarios Destinatario de la cesi\u00f3n No se prev\u00e9n cesiones de datos, excepto por previsi\u00f3n legal. Finalidad de la cesi\u00f3n No se prev\u00e9 ninguna cesi\u00f3n. Legitimaci\u00f3n de la cesi\u00f3n No se prev\u00e9 ninguna cesi\u00f3n. Movimientos internacionales de datos No se producen. Transferencia internacional No se producen. Encargados de tratamiento Los datos podr\u00e1n ser cedidos a proveedores con acceso a datos, con quienes se formaliza las obligaciones y responsabilidades que asumen en el tratamiento de los datos, en calidad de Encargado de Tratamiento. Derechos \u00bfQue derechos tiene? Tiene derecho al hecho que le confirmamos si estamos tratando datos suyos. Derecho a acceder [&hellip;]\" \/>\n<meta property=\"og:url\" content=\"https:\/\/www.canjosep.com\/es\/informacion-adicional-rgpdue\/\" \/>\n<meta property=\"og:site_name\" content=\"Hotel - Restaurant Can Josep\" \/>\n<meta property=\"article:modified_time\" content=\"2018-01-27T13:35:35+00:00\" \/>\n<meta name=\"twitter:card\" content=\"summary_large_image\" \/>\n<meta name=\"twitter:label1\" content=\"Tiempo de lectura\" \/>\n\t<meta name=\"twitter:data1\" content=\"4 minutos\" \/>\n<script type=\"application\/ld+json\" class=\"yoast-schema-graph\">{\"@context\":\"https:\/\/schema.org\",\"@graph\":[{\"@type\":\"WebPage\",\"@id\":\"https:\/\/www.canjosep.com\/es\/informacion-adicional-rgpdue\/\",\"url\":\"https:\/\/www.canjosep.com\/es\/informacion-adicional-rgpdue\/\",\"name\":\"Informaci\u00f3n adicional RGPDUE - Hotel - Restaurant Can Josep\",\"isPartOf\":{\"@id\":\"https:\/\/www.canjosep.com\/#website\"},\"datePublished\":\"2015-09-25T16:16:40+00:00\",\"dateModified\":\"2018-01-27T13:35:35+00:00\",\"breadcrumb\":{\"@id\":\"https:\/\/www.canjosep.com\/es\/informacion-adicional-rgpdue\/#breadcrumb\"},\"inLanguage\":\"es\",\"potentialAction\":[{\"@type\":\"ReadAction\",\"target\":[\"https:\/\/www.canjosep.com\/es\/informacion-adicional-rgpdue\/\"]}]},{\"@type\":\"BreadcrumbList\",\"@id\":\"https:\/\/www.canjosep.com\/es\/informacion-adicional-rgpdue\/#breadcrumb\",\"itemListElement\":[{\"@type\":\"ListItem\",\"position\":1,\"name\":\"Inici\",\"item\":\"https:\/\/www.canjosep.com\/es\/\"},{\"@type\":\"ListItem\",\"position\":2,\"name\":\"Informaci\u00f3n adicional RGPDUE\"}]},{\"@type\":\"WebSite\",\"@id\":\"https:\/\/www.canjosep.com\/#website\",\"url\":\"https:\/\/www.canjosep.com\/\",\"name\":\"Hotel - Restaurant Can Josep\",\"description\":\"\",\"potentialAction\":[{\"@type\":\"SearchAction\",\"target\":{\"@type\":\"EntryPoint\",\"urlTemplate\":\"https:\/\/www.canjosep.com\/?s={search_term_string}\"},\"query-input\":\"required name=search_term_string\"}],\"inLanguage\":\"es\"}]}<\/script>\n<!-- \/ Yoast SEO plugin. -->","yoast_head_json":{"title":"Informaci\u00f3n adicional RGPDUE - Hotel - Restaurant Can Josep","robots":{"index":"index","follow":"follow","max-snippet":"max-snippet:-1","max-image-preview":"max-image-preview:large","max-video-preview":"max-video-preview:-1"},"canonical":"https:\/\/www.canjosep.com\/es\/informacion-adicional-rgpdue\/","og_locale":"es_ES","og_type":"article","og_title":"Informaci\u00f3n adicional RGPDUE - Hotel - Restaurant Can Josep","og_description":"PROTECCI\u00d3N DE DATOS PERSONALES (Informaci\u00f3n adicional) Textos Legales &#8211; Versi\u00f3n\u00a01 &#8211; 08-2017 3.0 Informaci\u00f3n adicional (general) PROTECCI\u00d3N DE DATOS PERSONALES (Informaci\u00f3n adicional) Responsable del tratamiento Datos de contacto del responsable CAN JOSEP TERRA ALTA, S.L. Av. Catalunya, 36 \u2013 43785 BOT (TARRAGONA) Tel. 977 42 82 40 canjosep.com Datos de contacto del DPO Per\u00edodo de conservaci\u00f3n La previsi\u00f3n legal que obliga a conservarlos por razones fiscales y contables, y a conservarlos para tenerlos a disposici\u00f3n de una entidad p\u00fablica competente. No obstante, podr\u00e1n conservarse m\u00e1s tiempo con fines de archivo hist\u00f3rico o estad\u00edstico, salvo que se ejerza oposici\u00f3n y\/o cancelaci\u00f3n. Destinatarios Destinatario de la cesi\u00f3n No se prev\u00e9n cesiones de datos, excepto por previsi\u00f3n legal. Finalidad de la cesi\u00f3n No se prev\u00e9 ninguna cesi\u00f3n. Legitimaci\u00f3n de la cesi\u00f3n No se prev\u00e9 ninguna cesi\u00f3n. Movimientos internacionales de datos No se producen. Transferencia internacional No se producen. Encargados de tratamiento Los datos podr\u00e1n ser cedidos a proveedores con acceso a datos, con quienes se formaliza las obligaciones y responsabilidades que asumen en el tratamiento de los datos, en calidad de Encargado de Tratamiento. Derechos \u00bfQue derechos tiene? Tiene derecho al hecho que le confirmamos si estamos tratando datos suyos. Derecho a acceder [&hellip;]","og_url":"https:\/\/www.canjosep.com\/es\/informacion-adicional-rgpdue\/","og_site_name":"Hotel - Restaurant Can Josep","article_modified_time":"2018-01-27T13:35:35+00:00","twitter_card":"summary_large_image","twitter_misc":{"Tiempo de lectura":"4 minutos"},"schema":{"@context":"https:\/\/schema.org","@graph":[{"@type":"WebPage","@id":"https:\/\/www.canjosep.com\/es\/informacion-adicional-rgpdue\/","url":"https:\/\/www.canjosep.com\/es\/informacion-adicional-rgpdue\/","name":"Informaci\u00f3n adicional RGPDUE - Hotel - Restaurant Can Josep","isPartOf":{"@id":"https:\/\/www.canjosep.com\/#website"},"datePublished":"2015-09-25T16:16:40+00:00","dateModified":"2018-01-27T13:35:35+00:00","breadcrumb":{"@id":"https:\/\/www.canjosep.com\/es\/informacion-adicional-rgpdue\/#breadcrumb"},"inLanguage":"es","potentialAction":[{"@type":"ReadAction","target":["https:\/\/www.canjosep.com\/es\/informacion-adicional-rgpdue\/"]}]},{"@type":"BreadcrumbList","@id":"https:\/\/www.canjosep.com\/es\/informacion-adicional-rgpdue\/#breadcrumb","itemListElement":[{"@type":"ListItem","position":1,"name":"Inici","item":"https:\/\/www.canjosep.com\/es\/"},{"@type":"ListItem","position":2,"name":"Informaci\u00f3n adicional RGPDUE"}]},{"@type":"WebSite","@id":"https:\/\/www.canjosep.com\/#website","url":"https:\/\/www.canjosep.com\/","name":"Hotel - Restaurant Can Josep","description":"","potentialAction":[{"@type":"SearchAction","target":{"@type":"EntryPoint","urlTemplate":"https:\/\/www.canjosep.com\/?s={search_term_string}"},"query-input":"required name=search_term_string"}],"inLanguage":"es"}]}},"_links":{"self":[{"href":"https:\/\/www.canjosep.com\/es\/wp-json\/wp\/v2\/pages\/1460"}],"collection":[{"href":"https:\/\/www.canjosep.com\/es\/wp-json\/wp\/v2\/pages"}],"about":[{"href":"https:\/\/www.canjosep.com\/es\/wp-json\/wp\/v2\/types\/page"}],"author":[{"embeddable":true,"href":"https:\/\/www.canjosep.com\/es\/wp-json\/wp\/v2\/users\/1"}],"replies":[{"embeddable":true,"href":"https:\/\/www.canjosep.com\/es\/wp-json\/wp\/v2\/comments?post=1460"}],"version-history":[{"count":7,"href":"https:\/\/www.canjosep.com\/es\/wp-json\/wp\/v2\/pages\/1460\/revisions"}],"predecessor-version":[{"id":1790,"href":"https:\/\/www.canjosep.com\/es\/wp-json\/wp\/v2\/pages\/1460\/revisions\/1790"}],"wp:attachment":[{"href":"https:\/\/www.canjosep.com\/es\/wp-json\/wp\/v2\/media?parent=1460"}],"curies":[{"name":"wp","href":"https:\/\/api.w.org\/{rel}","templated":true}]}}