{"id":1290,"date":"2015-07-06T17:01:52","date_gmt":"2015-07-06T15:01:52","guid":{"rendered":"http:\/\/canjosep.com\/menjador-biblioteca-2\/"},"modified":"2024-02-28T15:28:08","modified_gmt":"2024-02-28T14:28:08","slug":"comedor-biblioteca","status":"publish","type":"page","link":"https:\/\/www.canjosep.com\/es\/comedor-biblioteca\/","title":{"rendered":"Biblioteca &#8211; Chimenea"},"content":{"rendered":"\n\t\t\t<!-- START Biblioteca Llar de Foc REVOLUTION SLIDER 6.4.11 --><p class=\"rs-p-wp-fix\"><\/p>\n\t\t\t<rs-module-wrap id=\"rev_slider_10_1_wrapper\" data-source=\"gallery\" data-aimg=\"\"  style=\"background:#E9E9E9;padding:0;margin:0px auto;margin-top:0;margin-bottom:0;\">\n\t\t\t\t<rs-module id=\"rev_slider_10_1\" style=\"\" data-version=\"6.4.11\">\n\t\t\t\t\t<rs-slides>\n\t\t\t\t\t\t<rs-slide data-key=\"rs-43\" data-title=\"Slide 1\" data-anim=\"ms:300;\" data-in=\"o:0;x:100%;\" data-out=\"a:false;\">\n\t\t\t\t\t\t\t<img loading=\"lazy\" decoding=\"async\" src=\"\/\/www.canjosep.com\/wp-content\/uploads\/2015\/06\/llar_foc_1.jpeg\" title=\"llar_foc_1\" width=\"1280\" height=\"853\" class=\"rev-slidebg tp-rs-img\" data-bg=\"p:center bottom;\" data-no-retina>\n<!---->\t\t\t\t\t\t<\/rs-slide>\n\t\t\t\t\t\t<rs-slide data-key=\"rs-47\" data-title=\"Slide 2\" data-anim=\"ms:300;\" data-in=\"o:0;x:100%;\" data-out=\"a:false;\">\n\t\t\t\t\t\t\t<img loading=\"lazy\" decoding=\"async\" src=\"\/\/www.canjosep.com\/wp-content\/uploads\/2015\/06\/llar_foc_2.jpeg\" title=\"llar_foc_2\" width=\"1280\" height=\"853\" class=\"rev-slidebg tp-rs-img\" data-bg=\"p:center bottom;\" data-no-retina>\n<!---->\t\t\t\t\t\t<\/rs-slide>\n\t\t\t\t\t\t<rs-slide data-key=\"rs-48\" data-title=\"Slide 3\" data-anim=\"ms:300;\" data-in=\"o:0;x:100%;\" data-out=\"a:false;\">\n\t\t\t\t\t\t\t<img loading=\"lazy\" decoding=\"async\" src=\"\/\/www.canjosep.com\/wp-content\/uploads\/2015\/06\/llar_foc_3.jpeg\" title=\"llar_foc_3\" width=\"1280\" height=\"853\" class=\"rev-slidebg tp-rs-img\" data-bg=\"p:center bottom;\" data-no-retina>\n<!---->\t\t\t\t\t\t<\/rs-slide>\n\t\t\t\t\t\t<rs-slide data-key=\"rs-49\" data-title=\"Slide 4\" data-anim=\"ms:300;\" data-in=\"o:0;x:100%;\" data-out=\"a:false;\">\n\t\t\t\t\t\t\t<img loading=\"lazy\" decoding=\"async\" src=\"\/\/www.canjosep.com\/wp-content\/uploads\/2015\/06\/IMG_5767.jpg\" alt=\"Menjador Biblioteca\" title=\"IMG_5767\" width=\"1200\" height=\"800\" class=\"rev-slidebg tp-rs-img\" data-bg=\"p:center bottom;\" data-no-retina>\n<!---->\t\t\t\t\t\t<\/rs-slide>\n\t\t\t\t\t<\/rs-slides>\n\t\t\t\t<\/rs-module>\n\t\t\t\t<script type=\"text\/javascript\">\n\t\t\t\t\tsetREVStartSize({c: 'rev_slider_10_1',rl:[1240,1024,778,480],el:[900],gw:[1200],gh:[900],type:'standard',justify:'',layout:'fullwidth',mh:\"900\"});\n\t\t\t\t\tvar\trevapi10,\n\t\t\t\t\t\ttpj;\n\t\t\t\t\tfunction revinit_revslider101() {\n\t\t\t\t\tjQuery(function() {\n\t\t\t\t\t\ttpj = jQuery;\n\t\t\t\t\t\trevapi10 = tpj(\"#rev_slider_10_1\");\n\t\t\t\t\t\ttpj.noConflict();\n\t\t\t\t\t\tif(revapi10==undefined || revapi10.revolution == undefined){\n\t\t\t\t\t\t\trevslider_showDoubleJqueryError(\"rev_slider_10_1\");\n\t\t\t\t\t\t}else{\n\t\t\t\t\t\t\trevapi10.revolution({\n\t\t\t\t\t\t\t\tDPR:\"dpr\",\n\t\t\t\t\t\t\t\tsliderLayout:\"fullwidth\",\n\t\t\t\t\t\t\t\tduration:4000,\n\t\t\t\t\t\t\t\tvisibilityLevels:\"1240,1024,778,480\",\n\t\t\t\t\t\t\t\tgridwidth:1200,\n\t\t\t\t\t\t\t\tgridheight:900,\n\t\t\t\t\t\t\t\tminHeight:900,\n\t\t\t\t\t\t\t\tspinner:\"spinner0\",\n\t\t\t\t\t\t\t\tperspective:600,\n\t\t\t\t\t\t\t\tperspectiveType:\"local\",\n\t\t\t\t\t\t\t\teditorheight:\"900,768,960,720\",\n\t\t\t\t\t\t\t\tresponsiveLevels:\"1240,1024,778,480\",\n\t\t\t\t\t\t\t\tshadow:2,\n\t\t\t\t\t\t\t\tprogressBar: {\n\t\t\t\t\t\t\t\t\tcolor:\"#FFFFFF\",\n\t\t\t\t\t\t\t\t\tvertical:\"top\",\n\t\t\t\t\t\t\t\t\tsize:5,\n\t\t\t\t\t\t\t\t\tx:0,\n\t\t\t\t\t\t\t\t\ty:0\n\t\t\t\t\t\t\t\t},\n\t\t\t\t\t\t\t\tnavigation: {\n\t\t\t\t\t\t\t\t\tmouseScrollNavigation:false,\n\t\t\t\t\t\t\t\t\twheelCallDelay:1000,\n\t\t\t\t\t\t\t\t\ttouch: {\n\t\t\t\t\t\t\t\t\t\ttouchenabled:true\n\t\t\t\t\t\t\t\t\t}\n\t\t\t\t\t\t\t\t},\n\t\t\t\t\t\t\t\tfallbacks: {\n\t\t\t\t\t\t\t\t\tallowHTML5AutoPlayOnAndroid:true\n\t\t\t\t\t\t\t\t},\n\t\t\t\t\t\t\t});\n\t\t\t\t\t\t}\n\t\t\t\t\t\t\n\t\t\t\t\t});\n\t\t\t\t\t} \/\/ End of RevInitScript\n\t\t\t\tvar once_revslider101 = false;\n\t\t\t\tif (document.readyState === \"loading\") {document.addEventListener('readystatechange',function() { if((document.readyState === \"interactive\" || document.readyState === \"complete\") && !once_revslider101 ) { once_revslider101 = true; revinit_revslider101();}});} else {once_revslider101 = true; revinit_revslider101();}\n\t\t\t\t<\/script>\n\t\t\t<\/rs-module-wrap>\n\t\t\t<!-- END REVOLUTION SLIDER -->\n\n<p>&nbsp;<\/p>\n<p class=\"p1\"><span class=\"s1\">Sal\u00f3n privado, con capacidad m\u00e1xima de 20 comensales, donde celebrar, en la intimidad, tanto comidas familiares como reuniones de trabajo.<\/span><\/p>\n<p class=\"p1\"><span class=\"s1\">Confeccionamos men\u00fas a medida para adaptarnos a cualquier tipo de evento y necesidad, preservando los productos de cualidad y la esmerada elaboraci\u00f3n de las recetas.<\/span><\/p>\n<h3>Descanso setmanal del restaurante:<\/h3>\n<p class=\"p1\">\n<ul>\n<li>Cerrado martes y mi\u00e9rcoles todo el d\u00eda.<\/li>\n<\/ul>\n<p class=\"p1\"><span class=\"s1\"><em><strong>Nota:<\/strong> Los clientes alojados en el hotel pueden igualmente cenar en el restaurante, previa reserva, los d\u00edas que \u00e9ste est\u00e1 cerrado.<\/em><\/span><\/p>\n","protected":false},"excerpt":{"rendered":"<p>&nbsp; Sal\u00f3n privado, con capacidad m\u00e1xima de 20 comensales, donde celebrar, en la intimidad, tanto comidas familiares como reuniones de trabajo. Confeccionamos men\u00fas a medida para adaptarnos a cualquier tipo de evento y necesidad, preservando los productos de cualidad y la esmerada elaboraci\u00f3n de las recetas. Cerrado martes y mi\u00e9rcoles todo el d\u00eda. Nota: Los clientes alojados en el hotel pueden igualmente cenar en el restaurante, previa reserva, los d\u00edas que \u00e9ste est\u00e1 cerrado.<\/p>\n","protected":false},"author":1,"featured_media":0,"parent":0,"menu_order":0,"comment_status":"open","ping_status":"open","template":"page-fullwidth.php","meta":{"footnotes":""},"yoast_head":"<!-- This site is optimized with the Yoast SEO plugin v21.9.1 - https:\/\/yoast.com\/wordpress\/plugins\/seo\/ -->\n<title>Biblioteca - Chimenea - Hotel - Restaurant Can Josep<\/title>\n<meta name=\"robots\" content=\"index, follow, max-snippet:-1, max-image-preview:large, max-video-preview:-1\" \/>\n<link rel=\"canonical\" href=\"https:\/\/www.canjosep.com\/es\/comedor-biblioteca\/\" \/>\n<meta property=\"og:locale\" content=\"es_ES\" \/>\n<meta property=\"og:type\" content=\"article\" \/>\n<meta property=\"og:title\" content=\"Biblioteca - Chimenea - Hotel - Restaurant Can Josep\" \/>\n<meta property=\"og:description\" content=\"&nbsp; Sal\u00f3n privado, con capacidad m\u00e1xima de 20 comensales, donde celebrar, en la intimidad, tanto comidas familiares como reuniones de trabajo. Confeccionamos men\u00fas a medida para adaptarnos a cualquier tipo de evento y necesidad, preservando los productos de cualidad y la esmerada elaboraci\u00f3n de las recetas. Cerrado martes y mi\u00e9rcoles todo el d\u00eda. Nota: Los clientes alojados en el hotel pueden igualmente cenar en el restaurante, previa reserva, los d\u00edas que \u00e9ste est\u00e1 cerrado.\" \/>\n<meta property=\"og:url\" content=\"https:\/\/www.canjosep.com\/es\/comedor-biblioteca\/\" \/>\n<meta property=\"og:site_name\" content=\"Hotel - Restaurant Can Josep\" \/>\n<meta property=\"article:modified_time\" content=\"2024-02-28T14:28:08+00:00\" \/>\n<meta name=\"twitter:card\" content=\"summary_large_image\" \/>\n<meta name=\"twitter:label1\" content=\"Tiempo de lectura\" \/>\n\t<meta name=\"twitter:data1\" content=\"1 minuto\" \/>\n<script type=\"application\/ld+json\" class=\"yoast-schema-graph\">{\"@context\":\"https:\/\/schema.org\",\"@graph\":[{\"@type\":\"WebPage\",\"@id\":\"https:\/\/www.canjosep.com\/es\/comedor-biblioteca\/\",\"url\":\"https:\/\/www.canjosep.com\/es\/comedor-biblioteca\/\",\"name\":\"Biblioteca - Chimenea - Hotel - Restaurant Can Josep\",\"isPartOf\":{\"@id\":\"https:\/\/www.canjosep.com\/#website\"},\"datePublished\":\"2015-07-06T15:01:52+00:00\",\"dateModified\":\"2024-02-28T14:28:08+00:00\",\"breadcrumb\":{\"@id\":\"https:\/\/www.canjosep.com\/es\/comedor-biblioteca\/#breadcrumb\"},\"inLanguage\":\"es\",\"potentialAction\":[{\"@type\":\"ReadAction\",\"target\":[\"https:\/\/www.canjosep.com\/es\/comedor-biblioteca\/\"]}]},{\"@type\":\"BreadcrumbList\",\"@id\":\"https:\/\/www.canjosep.com\/es\/comedor-biblioteca\/#breadcrumb\",\"itemListElement\":[{\"@type\":\"ListItem\",\"position\":1,\"name\":\"Inici\",\"item\":\"https:\/\/www.canjosep.com\/es\/\"},{\"@type\":\"ListItem\",\"position\":2,\"name\":\"Biblioteca &#8211; Chimenea\"}]},{\"@type\":\"WebSite\",\"@id\":\"https:\/\/www.canjosep.com\/#website\",\"url\":\"https:\/\/www.canjosep.com\/\",\"name\":\"Hotel - Restaurant Can Josep\",\"description\":\"\",\"potentialAction\":[{\"@type\":\"SearchAction\",\"target\":{\"@type\":\"EntryPoint\",\"urlTemplate\":\"https:\/\/www.canjosep.com\/?s={search_term_string}\"},\"query-input\":\"required name=search_term_string\"}],\"inLanguage\":\"es\"}]}<\/script>\n<!-- \/ Yoast SEO plugin. -->","yoast_head_json":{"title":"Biblioteca - Chimenea - Hotel - Restaurant Can Josep","robots":{"index":"index","follow":"follow","max-snippet":"max-snippet:-1","max-image-preview":"max-image-preview:large","max-video-preview":"max-video-preview:-1"},"canonical":"https:\/\/www.canjosep.com\/es\/comedor-biblioteca\/","og_locale":"es_ES","og_type":"article","og_title":"Biblioteca - Chimenea - Hotel - Restaurant Can Josep","og_description":"&nbsp; Sal\u00f3n privado, con capacidad m\u00e1xima de 20 comensales, donde celebrar, en la intimidad, tanto comidas familiares como reuniones de trabajo. Confeccionamos men\u00fas a medida para adaptarnos a cualquier tipo de evento y necesidad, preservando los productos de cualidad y la esmerada elaboraci\u00f3n de las recetas. Cerrado martes y mi\u00e9rcoles todo el d\u00eda. Nota: Los clientes alojados en el hotel pueden igualmente cenar en el restaurante, previa reserva, los d\u00edas que \u00e9ste est\u00e1 cerrado.","og_url":"https:\/\/www.canjosep.com\/es\/comedor-biblioteca\/","og_site_name":"Hotel - Restaurant Can Josep","article_modified_time":"2024-02-28T14:28:08+00:00","twitter_card":"summary_large_image","twitter_misc":{"Tiempo de lectura":"1 minuto"},"schema":{"@context":"https:\/\/schema.org","@graph":[{"@type":"WebPage","@id":"https:\/\/www.canjosep.com\/es\/comedor-biblioteca\/","url":"https:\/\/www.canjosep.com\/es\/comedor-biblioteca\/","name":"Biblioteca - Chimenea - Hotel - Restaurant Can Josep","isPartOf":{"@id":"https:\/\/www.canjosep.com\/#website"},"datePublished":"2015-07-06T15:01:52+00:00","dateModified":"2024-02-28T14:28:08+00:00","breadcrumb":{"@id":"https:\/\/www.canjosep.com\/es\/comedor-biblioteca\/#breadcrumb"},"inLanguage":"es","potentialAction":[{"@type":"ReadAction","target":["https:\/\/www.canjosep.com\/es\/comedor-biblioteca\/"]}]},{"@type":"BreadcrumbList","@id":"https:\/\/www.canjosep.com\/es\/comedor-biblioteca\/#breadcrumb","itemListElement":[{"@type":"ListItem","position":1,"name":"Inici","item":"https:\/\/www.canjosep.com\/es\/"},{"@type":"ListItem","position":2,"name":"Biblioteca &#8211; Chimenea"}]},{"@type":"WebSite","@id":"https:\/\/www.canjosep.com\/#website","url":"https:\/\/www.canjosep.com\/","name":"Hotel - Restaurant Can Josep","description":"","potentialAction":[{"@type":"SearchAction","target":{"@type":"EntryPoint","urlTemplate":"https:\/\/www.canjosep.com\/?s={search_term_string}"},"query-input":"required name=search_term_string"}],"inLanguage":"es"}]}},"_links":{"self":[{"href":"https:\/\/www.canjosep.com\/es\/wp-json\/wp\/v2\/pages\/1290"}],"collection":[{"href":"https:\/\/www.canjosep.com\/es\/wp-json\/wp\/v2\/pages"}],"about":[{"href":"https:\/\/www.canjosep.com\/es\/wp-json\/wp\/v2\/types\/page"}],"author":[{"embeddable":true,"href":"https:\/\/www.canjosep.com\/es\/wp-json\/wp\/v2\/users\/1"}],"replies":[{"embeddable":true,"href":"https:\/\/www.canjosep.com\/es\/wp-json\/wp\/v2\/comments?post=1290"}],"version-history":[{"count":11,"href":"https:\/\/www.canjosep.com\/es\/wp-json\/wp\/v2\/pages\/1290\/revisions"}],"predecessor-version":[{"id":3408,"href":"https:\/\/www.canjosep.com\/es\/wp-json\/wp\/v2\/pages\/1290\/revisions\/3408"}],"wp:attachment":[{"href":"https:\/\/www.canjosep.com\/es\/wp-json\/wp\/v2\/media?parent=1290"}],"curies":[{"name":"wp","href":"https:\/\/api.w.org\/{rel}","templated":true}]}}