{"id":1243,"date":"2013-12-19T10:05:54","date_gmt":"2013-12-19T09:05:54","guid":{"rendered":"http:\/\/canjosep.com\/entorn-2\/"},"modified":"2018-01-19T12:00:09","modified_gmt":"2018-01-19T11:00:09","slug":"el-entorno","status":"publish","type":"page","link":"https:\/\/www.canjosep.com\/es\/el-entorno\/","title":{"rendered":"El entorno"},"content":{"rendered":"<h4> Bot, en el coraz\u00f3n de la Terra Alta <\/h4>\n<div class='eight columns'><\/p>\n<p><a href=\"http:\/\/canjosep.com\/\/wp-content\/uploads\/2013\/12\/M10-2034_C0000_00043-c\u00f2pia.jpg\" rel=\"lightbox[1243]\"><img loading=\"lazy\" decoding=\"async\" class=\"alignnone wp-image-941 size-full\" src=\"http:\/\/canjosep.com\/\/wp-content\/uploads\/2013\/12\/M10-2034_C0000_00043-c\u00f2pia.jpg\" alt=\"M10-2034_C0000_00043 c\u00f2pia\" width=\"1200\" height=\"510\" srcset=\"https:\/\/www.canjosep.com\/wp-content\/uploads\/2013\/12\/M10-2034_C0000_00043-c\u00f2pia.jpg 1200w, https:\/\/www.canjosep.com\/wp-content\/uploads\/2013\/12\/M10-2034_C0000_00043-c\u00f2pia-300x128.jpg 300w, https:\/\/www.canjosep.com\/wp-content\/uploads\/2013\/12\/M10-2034_C0000_00043-c\u00f2pia-1024x435.jpg 1024w\" sizes=\"(max-width: 1200px) 100vw, 1200px\" \/><\/a><\/p>\n<p><\/div>\n<div class='eight columns'><\/p>\n<p class=\"p1\"><span class=\"s1\">En medio de la naturaleza, en el coraz\u00f3n de la <a title=\"Enlla\u00e7 al lloc web del consell comarcal de la Terra Alta\" href=\"http:\/\/www.terra-alta.org\/index.htm\" target=\"_blank\">Terra Alta<\/a>, encontramos Bot. Para\u00edso de tranquilidad y buena gente. Un pueblo recogido en el interior donde el silencio s\u00f3lo se ve roto por los sonidos de la naturaleza, como el viento o los p\u00e1jaros.<\/span><\/p>\n<p class=\"p1\"><span class=\"s1\">En nuestro pueblo podr\u00e9is disfrutar de la placidez de sus habitantes, desconectar de las aglomeraciones, vivir sin prisas y saborear la gastronom\u00eda aut\u00f3ctona y el buen vino <a title=\"Enlla\u00e7 al web de la 'Denominaci\u00f3 d'Origen' de la Terra Alta\" href=\"http:\/\/www.doterraalta.com\/\" target=\"_blank\"><abbr title=\"Denominaci\u00f3n de Origen\">D.O.<\/abbr> Terra Alta<\/a>. Adem\u00e1s, su situaci\u00f3n, en el coraz\u00f3n de la Terra Alta, os permitir\u00e1 descubrir lugares m\u00e1gicos y planificar infinitud de rutas sin tener que desplazarse en exceso.<\/span><\/p>\n<p class=\"p1\"><span class=\"s1\"><strong>Enlaces interesantes:<\/strong><\/br><\/p>\n<ul>\n<li><a href=\"http:\/\/catedraldelvi.com\/es\/\">Catedral del Vi del Pinell de Brai<\/a><\/li>\n<ul><\/span><\/p>\n<p><\/div><div class='clear'><\/div>\n\n\t\t<style type=\"text\/css\">\n\t\t\t#gallery-1 {\n\t\t\t\tmargin: auto;\n\t\t\t}\n\t\t\t#gallery-1 .gallery-item {\n\t\t\t\tfloat: left;\n\t\t\t\tmargin-top: 10px;\n\t\t\t\ttext-align: center;\n\t\t\t\twidth: 25%;\n\t\t\t}\n\t\t\t#gallery-1 img {\n\t\t\t\tborder: 2px solid #cfcfcf;\n\t\t\t}\n\t\t\t#gallery-1 .gallery-caption {\n\t\t\t\tmargin-left: 0;\n\t\t\t}\n\t\t\t\/* see gallery_shortcode() in wp-includes\/media.php *\/\n\t\t<\/style>\n\t\t<div id='gallery-1' class='gallery galleryid-1243 gallery-columns-4 gallery-size-medium'><dl class='gallery-item'>\n\t\t\t<dt class='gallery-icon landscape'>\n\t\t\t\t<a href='https:\/\/www.canjosep.com\/wp-content\/uploads\/2015\/06\/terres_gandesa_fontcalda_via_verda.jpg' rel=\"lightbox[1243]\"><img loading=\"lazy\" decoding=\"async\" width=\"300\" height=\"200\" src=\"https:\/\/www.canjosep.com\/wp-content\/uploads\/2015\/06\/terres_gandesa_fontcalda_via_verda-300x200.jpg\" class=\"attachment-medium size-medium\" alt=\"\" srcset=\"https:\/\/www.canjosep.com\/wp-content\/uploads\/2015\/06\/terres_gandesa_fontcalda_via_verda-300x200.jpg 300w, https:\/\/www.canjosep.com\/wp-content\/uploads\/2015\/06\/terres_gandesa_fontcalda_via_verda-1024x683.jpg 1024w, https:\/\/www.canjosep.com\/wp-content\/uploads\/2015\/06\/terres_gandesa_fontcalda_via_verda-375x249.jpg 375w, https:\/\/www.canjosep.com\/wp-content\/uploads\/2015\/06\/terres_gandesa_fontcalda_via_verda-500x332.jpg 500w, https:\/\/www.canjosep.com\/wp-content\/uploads\/2015\/06\/terres_gandesa_fontcalda_via_verda-450x299.jpg 450w, https:\/\/www.canjosep.com\/wp-content\/uploads\/2015\/06\/terres_gandesa_fontcalda_via_verda.jpg 1200w\" sizes=\"(max-width: 300px) 100vw, 300px\" \/><\/a>\n\t\t\t<\/dt><\/dl><dl class='gallery-item'>\n\t\t\t<dt class='gallery-icon landscape'>\n\t\t\t\t<a href='https:\/\/www.canjosep.com\/wp-content\/uploads\/2013\/12\/terres_gandesa_cooperativa_arcades_barril.jpg' rel=\"lightbox[1243]\"><img loading=\"lazy\" decoding=\"async\" width=\"300\" height=\"200\" src=\"https:\/\/www.canjosep.com\/wp-content\/uploads\/2013\/12\/terres_gandesa_cooperativa_arcades_barril-300x200.jpg\" class=\"attachment-medium size-medium\" alt=\"\" srcset=\"https:\/\/www.canjosep.com\/wp-content\/uploads\/2013\/12\/terres_gandesa_cooperativa_arcades_barril-300x200.jpg 300w, https:\/\/www.canjosep.com\/wp-content\/uploads\/2013\/12\/terres_gandesa_cooperativa_arcades_barril-1024x682.jpg 1024w, https:\/\/www.canjosep.com\/wp-content\/uploads\/2013\/12\/terres_gandesa_cooperativa_arcades_barril-375x249.jpg 375w, https:\/\/www.canjosep.com\/wp-content\/uploads\/2013\/12\/terres_gandesa_cooperativa_arcades_barril-500x332.jpg 500w, https:\/\/www.canjosep.com\/wp-content\/uploads\/2013\/12\/terres_gandesa_cooperativa_arcades_barril-450x299.jpg 450w, https:\/\/www.canjosep.com\/wp-content\/uploads\/2013\/12\/terres_gandesa_cooperativa_arcades_barril.jpg 1200w\" sizes=\"(max-width: 300px) 100vw, 300px\" \/><\/a>\n\t\t\t<\/dt><\/dl><dl class='gallery-item'>\n\t\t\t<dt class='gallery-icon landscape'>\n\t\t\t\t<a href='https:\/\/www.canjosep.com\/wp-content\/uploads\/2013\/12\/IMG_6805.jpg' rel=\"lightbox[1243]\"><img loading=\"lazy\" decoding=\"async\" width=\"300\" height=\"200\" src=\"https:\/\/www.canjosep.com\/wp-content\/uploads\/2013\/12\/IMG_6805-300x200.jpg\" class=\"attachment-medium size-medium\" alt=\"\" srcset=\"https:\/\/www.canjosep.com\/wp-content\/uploads\/2013\/12\/IMG_6805-300x200.jpg 300w, https:\/\/www.canjosep.com\/wp-content\/uploads\/2013\/12\/IMG_6805-1024x683.jpg 1024w, https:\/\/www.canjosep.com\/wp-content\/uploads\/2013\/12\/IMG_6805-375x249.jpg 375w, https:\/\/www.canjosep.com\/wp-content\/uploads\/2013\/12\/IMG_6805-500x332.jpg 500w, https:\/\/www.canjosep.com\/wp-content\/uploads\/2013\/12\/IMG_6805-450x299.jpg 450w, https:\/\/www.canjosep.com\/wp-content\/uploads\/2013\/12\/IMG_6805.jpg 1200w\" sizes=\"(max-width: 300px) 100vw, 300px\" \/><\/a>\n\t\t\t<\/dt><\/dl><dl class='gallery-item'>\n\t\t\t<dt class='gallery-icon landscape'>\n\t\t\t\t<a href='https:\/\/www.canjosep.com\/wp-content\/uploads\/2013\/12\/IMG_4008.jpg' rel=\"lightbox[1243]\"><img loading=\"lazy\" decoding=\"async\" width=\"300\" height=\"219\" src=\"https:\/\/www.canjosep.com\/wp-content\/uploads\/2013\/12\/IMG_4008-300x219.jpg\" class=\"attachment-medium size-medium\" alt=\"\" srcset=\"https:\/\/www.canjosep.com\/wp-content\/uploads\/2013\/12\/IMG_4008-300x219.jpg 300w, https:\/\/www.canjosep.com\/wp-content\/uploads\/2013\/12\/IMG_4008-1024x747.jpg 1024w, https:\/\/www.canjosep.com\/wp-content\/uploads\/2013\/12\/IMG_4008.jpg 1200w\" sizes=\"(max-width: 300px) 100vw, 300px\" \/><\/a>\n\t\t\t<\/dt><\/dl><br style=\"clear: both\" \/><dl class='gallery-item'>\n\t\t\t<dt class='gallery-icon landscape'>\n\t\t\t\t<a href='https:\/\/www.canjosep.com\/wp-content\/uploads\/2015\/06\/M40A6412.jpg' rel=\"lightbox[1243]\"><img loading=\"lazy\" decoding=\"async\" width=\"300\" height=\"169\" src=\"https:\/\/www.canjosep.com\/wp-content\/uploads\/2015\/06\/M40A6412-300x169.jpg\" class=\"attachment-medium size-medium\" alt=\"\" srcset=\"https:\/\/www.canjosep.com\/wp-content\/uploads\/2015\/06\/M40A6412-300x169.jpg 300w, https:\/\/www.canjosep.com\/wp-content\/uploads\/2015\/06\/M40A6412-1024x577.jpg 1024w, https:\/\/www.canjosep.com\/wp-content\/uploads\/2015\/06\/M40A6412.jpg 1200w\" sizes=\"(max-width: 300px) 100vw, 300px\" \/><\/a>\n\t\t\t<\/dt><\/dl><dl class='gallery-item'>\n\t\t\t<dt class='gallery-icon landscape'>\n\t\t\t\t<a href='https:\/\/www.canjosep.com\/wp-content\/uploads\/2013\/12\/roquesBenet2.jpg' rel=\"lightbox[1243]\"><img loading=\"lazy\" decoding=\"async\" width=\"300\" height=\"170\" src=\"https:\/\/www.canjosep.com\/wp-content\/uploads\/2013\/12\/roquesBenet2-300x170.jpg\" class=\"attachment-medium size-medium\" alt=\"\" srcset=\"https:\/\/www.canjosep.com\/wp-content\/uploads\/2013\/12\/roquesBenet2-300x170.jpg 300w, https:\/\/www.canjosep.com\/wp-content\/uploads\/2013\/12\/roquesBenet2-1024x579.jpg 1024w, https:\/\/www.canjosep.com\/wp-content\/uploads\/2013\/12\/roquesBenet2.jpg 1200w\" sizes=\"(max-width: 300px) 100vw, 300px\" \/><\/a>\n\t\t\t<\/dt><\/dl><dl class='gallery-item'>\n\t\t\t<dt class='gallery-icon landscape'>\n\t\t\t\t<a href='https:\/\/www.canjosep.com\/wp-content\/uploads\/2015\/06\/Panta-de-Riba-roja.jpg' rel=\"lightbox[1243]\"><img loading=\"lazy\" decoding=\"async\" width=\"300\" height=\"162\" src=\"https:\/\/www.canjosep.com\/wp-content\/uploads\/2015\/06\/Panta-de-Riba-roja-300x162.jpg\" class=\"attachment-medium size-medium\" alt=\"\" srcset=\"https:\/\/www.canjosep.com\/wp-content\/uploads\/2015\/06\/Panta-de-Riba-roja-300x162.jpg 300w, https:\/\/www.canjosep.com\/wp-content\/uploads\/2015\/06\/Panta-de-Riba-roja-1024x554.jpg 1024w, https:\/\/www.canjosep.com\/wp-content\/uploads\/2015\/06\/Panta-de-Riba-roja.jpg 1200w\" sizes=\"(max-width: 300px) 100vw, 300px\" \/><\/a>\n\t\t\t<\/dt><\/dl><dl class='gallery-item'>\n\t\t\t<dt class='gallery-icon landscape'>\n\t\t\t\t<a href='https:\/\/www.canjosep.com\/wp-content\/uploads\/2015\/06\/cota-pandols-12.jpg' rel=\"lightbox[1243]\"><img loading=\"lazy\" decoding=\"async\" width=\"300\" height=\"148\" src=\"https:\/\/www.canjosep.com\/wp-content\/uploads\/2015\/06\/cota-pandols-12-300x148.jpg\" class=\"attachment-medium size-medium\" alt=\"\" srcset=\"https:\/\/www.canjosep.com\/wp-content\/uploads\/2015\/06\/cota-pandols-12-300x148.jpg 300w, https:\/\/www.canjosep.com\/wp-content\/uploads\/2015\/06\/cota-pandols-12-1024x505.jpg 1024w, https:\/\/www.canjosep.com\/wp-content\/uploads\/2015\/06\/cota-pandols-12.jpg 1200w\" sizes=\"(max-width: 300px) 100vw, 300px\" \/><\/a>\n\t\t\t<\/dt><\/dl><br style=\"clear: both\" \/><dl class='gallery-item'>\n\t\t\t<dt class='gallery-icon landscape'>\n\t\t\t\t<a href='https:\/\/www.canjosep.com\/wp-content\/uploads\/2013\/12\/vallderoures2.jpg' rel=\"lightbox[1243]\"><img loading=\"lazy\" decoding=\"async\" width=\"300\" height=\"225\" src=\"https:\/\/www.canjosep.com\/wp-content\/uploads\/2013\/12\/vallderoures2-300x225.jpg\" class=\"attachment-medium size-medium\" alt=\"\" srcset=\"https:\/\/www.canjosep.com\/wp-content\/uploads\/2013\/12\/vallderoures2-300x225.jpg 300w, https:\/\/www.canjosep.com\/wp-content\/uploads\/2013\/12\/vallderoures2-1024x768.jpg 1024w, https:\/\/www.canjosep.com\/wp-content\/uploads\/2013\/12\/vallderoures2.jpg 1200w\" sizes=\"(max-width: 300px) 100vw, 300px\" \/><\/a>\n\t\t\t<\/dt><\/dl><dl class='gallery-item'>\n\t\t\t<dt class='gallery-icon landscape'>\n\t\t\t\t<a href='https:\/\/www.canjosep.com\/wp-content\/uploads\/2013\/12\/Horta-St-Joan.jpg' rel=\"lightbox[1243]\"><img loading=\"lazy\" decoding=\"async\" width=\"300\" height=\"225\" src=\"https:\/\/www.canjosep.com\/wp-content\/uploads\/2013\/12\/Horta-St-Joan-300x225.jpg\" class=\"attachment-medium size-medium\" alt=\"\" srcset=\"https:\/\/www.canjosep.com\/wp-content\/uploads\/2013\/12\/Horta-St-Joan-300x225.jpg 300w, https:\/\/www.canjosep.com\/wp-content\/uploads\/2013\/12\/Horta-St-Joan-1024x768.jpg 1024w, https:\/\/www.canjosep.com\/wp-content\/uploads\/2013\/12\/Horta-St-Joan.jpg 1200w\" sizes=\"(max-width: 300px) 100vw, 300px\" \/><\/a>\n\t\t\t<\/dt><\/dl><dl class='gallery-item'>\n\t\t\t<dt class='gallery-icon landscape'>\n\t\t\t\t<a href='https:\/\/www.canjosep.com\/wp-content\/uploads\/2013\/12\/vallderoures.jpg' rel=\"lightbox[1243]\"><img loading=\"lazy\" decoding=\"async\" width=\"300\" height=\"225\" src=\"https:\/\/www.canjosep.com\/wp-content\/uploads\/2013\/12\/vallderoures-300x225.jpg\" class=\"attachment-medium size-medium\" alt=\"\" srcset=\"https:\/\/www.canjosep.com\/wp-content\/uploads\/2013\/12\/vallderoures-300x225.jpg 300w, https:\/\/www.canjosep.com\/wp-content\/uploads\/2013\/12\/vallderoures-1024x768.jpg 1024w, https:\/\/www.canjosep.com\/wp-content\/uploads\/2013\/12\/vallderoures.jpg 1200w\" sizes=\"(max-width: 300px) 100vw, 300px\" \/><\/a>\n\t\t\t<\/dt><\/dl><dl class='gallery-item'>\n\t\t\t<dt class='gallery-icon landscape'>\n\t\t\t\t<a href='https:\/\/www.canjosep.com\/wp-content\/uploads\/2013\/12\/laFresneda.jpg' rel=\"lightbox[1243]\"><img loading=\"lazy\" decoding=\"async\" width=\"300\" height=\"225\" src=\"https:\/\/www.canjosep.com\/wp-content\/uploads\/2013\/12\/laFresneda-300x225.jpg\" class=\"attachment-medium size-medium\" alt=\"\" srcset=\"https:\/\/www.canjosep.com\/wp-content\/uploads\/2013\/12\/laFresneda-300x225.jpg 300w, https:\/\/www.canjosep.com\/wp-content\/uploads\/2013\/12\/laFresneda-1024x768.jpg 1024w, https:\/\/www.canjosep.com\/wp-content\/uploads\/2013\/12\/laFresneda.jpg 1200w\" sizes=\"(max-width: 300px) 100vw, 300px\" \/><\/a>\n\t\t\t<\/dt><\/dl><br style=\"clear: both\" \/><dl class='gallery-item'>\n\t\t\t<dt class='gallery-icon portrait'>\n\t\t\t\t<a href='https:\/\/www.canjosep.com\/wp-content\/uploads\/2013\/12\/barrancs-3.jpg' rel=\"lightbox[1243]\"><img loading=\"lazy\" decoding=\"async\" width=\"216\" height=\"300\" src=\"https:\/\/www.canjosep.com\/wp-content\/uploads\/2013\/12\/barrancs-3-216x300.jpg\" class=\"attachment-medium size-medium\" alt=\"\" srcset=\"https:\/\/www.canjosep.com\/wp-content\/uploads\/2013\/12\/barrancs-3-216x300.jpg 216w, https:\/\/www.canjosep.com\/wp-content\/uploads\/2013\/12\/barrancs-3-737x1024.jpg 737w, https:\/\/www.canjosep.com\/wp-content\/uploads\/2013\/12\/barrancs-3.jpg 864w\" sizes=\"(max-width: 216px) 100vw, 216px\" \/><\/a>\n\t\t\t<\/dt><\/dl><dl class='gallery-item'>\n\t\t\t<dt class='gallery-icon landscape'>\n\t\t\t\t<a href='https:\/\/www.canjosep.com\/wp-content\/uploads\/2013\/12\/vallderoures3.jpg' rel=\"lightbox[1243]\"><img loading=\"lazy\" decoding=\"async\" width=\"300\" height=\"225\" src=\"https:\/\/www.canjosep.com\/wp-content\/uploads\/2013\/12\/vallderoures3-300x225.jpg\" class=\"attachment-medium size-medium\" alt=\"\" srcset=\"https:\/\/www.canjosep.com\/wp-content\/uploads\/2013\/12\/vallderoures3-300x225.jpg 300w, https:\/\/www.canjosep.com\/wp-content\/uploads\/2013\/12\/vallderoures3-1024x768.jpg 1024w, https:\/\/www.canjosep.com\/wp-content\/uploads\/2013\/12\/vallderoures3.jpg 1200w\" sizes=\"(max-width: 300px) 100vw, 300px\" \/><\/a>\n\t\t\t<\/dt><\/dl><dl class='gallery-item'>\n\t\t\t<dt class='gallery-icon landscape'>\n\t\t\t\t<a href='https:\/\/www.canjosep.com\/wp-content\/uploads\/2013\/12\/arnes2.jpg' rel=\"lightbox[1243]\"><img loading=\"lazy\" decoding=\"async\" width=\"300\" height=\"225\" src=\"https:\/\/www.canjosep.com\/wp-content\/uploads\/2013\/12\/arnes2-300x225.jpg\" class=\"attachment-medium size-medium\" alt=\"\" srcset=\"https:\/\/www.canjosep.com\/wp-content\/uploads\/2013\/12\/arnes2-300x225.jpg 300w, https:\/\/www.canjosep.com\/wp-content\/uploads\/2013\/12\/arnes2-1024x768.jpg 1024w, https:\/\/www.canjosep.com\/wp-content\/uploads\/2013\/12\/arnes2.jpg 1200w\" sizes=\"(max-width: 300px) 100vw, 300px\" \/><\/a>\n\t\t\t<\/dt><\/dl><dl class='gallery-item'>\n\t\t\t<dt class='gallery-icon portrait'>\n\t\t\t\t<a href='https:\/\/www.canjosep.com\/wp-content\/uploads\/2013\/12\/beseit.jpg' rel=\"lightbox[1243]\"><img loading=\"lazy\" decoding=\"async\" width=\"225\" height=\"300\" src=\"https:\/\/www.canjosep.com\/wp-content\/uploads\/2013\/12\/beseit-225x300.jpg\" class=\"attachment-medium size-medium\" alt=\"\" srcset=\"https:\/\/www.canjosep.com\/wp-content\/uploads\/2013\/12\/beseit-225x300.jpg 225w, https:\/\/www.canjosep.com\/wp-content\/uploads\/2013\/12\/beseit-768x1024.jpg 768w, https:\/\/www.canjosep.com\/wp-content\/uploads\/2013\/12\/beseit.jpg 900w\" sizes=\"(max-width: 225px) 100vw, 225px\" \/><\/a>\n\t\t\t<\/dt><\/dl><br style=\"clear: both\" \/>\n\t\t<\/div>\n\n<p>&nbsp;<\/p>\n","protected":false},"excerpt":{"rendered":"<p>&nbsp;<\/p>\n","protected":false},"author":1,"featured_media":0,"parent":0,"menu_order":0,"comment_status":"open","ping_status":"open","template":"page-fullwidth.php","meta":{"footnotes":""},"yoast_head":"<!-- This site is optimized with the Yoast SEO plugin v21.9.1 - https:\/\/yoast.com\/wordpress\/plugins\/seo\/ -->\n<title>El entorno - Hotel - Restaurant Can Josep<\/title>\n<meta name=\"robots\" content=\"index, follow, max-snippet:-1, max-image-preview:large, max-video-preview:-1\" \/>\n<link rel=\"canonical\" href=\"https:\/\/www.canjosep.com\/es\/el-entorno\/\" \/>\n<meta property=\"og:locale\" content=\"es_ES\" \/>\n<meta property=\"og:type\" content=\"article\" \/>\n<meta property=\"og:title\" content=\"El entorno - Hotel - Restaurant Can Josep\" \/>\n<meta property=\"og:description\" content=\"&nbsp;\" \/>\n<meta property=\"og:url\" content=\"https:\/\/www.canjosep.com\/es\/el-entorno\/\" \/>\n<meta property=\"og:site_name\" content=\"Hotel - Restaurant Can Josep\" \/>\n<meta property=\"article:modified_time\" content=\"2018-01-19T11:00:09+00:00\" \/>\n<meta property=\"og:image\" content=\"https:\/\/www.canjosep.com\/wp-content\/uploads\/2015\/06\/terres_gandesa_fontcalda_via_verda-300x200.jpg\" \/>\n<meta name=\"twitter:card\" content=\"summary_large_image\" \/>\n<meta name=\"twitter:label1\" content=\"Tiempo de lectura\" \/>\n\t<meta name=\"twitter:data1\" content=\"1 minuto\" \/>\n<script type=\"application\/ld+json\" class=\"yoast-schema-graph\">{\"@context\":\"https:\/\/schema.org\",\"@graph\":[{\"@type\":\"WebPage\",\"@id\":\"https:\/\/www.canjosep.com\/es\/el-entorno\/\",\"url\":\"https:\/\/www.canjosep.com\/es\/el-entorno\/\",\"name\":\"El entorno - Hotel - Restaurant Can Josep\",\"isPartOf\":{\"@id\":\"https:\/\/www.canjosep.com\/#website\"},\"datePublished\":\"2013-12-19T09:05:54+00:00\",\"dateModified\":\"2018-01-19T11:00:09+00:00\",\"breadcrumb\":{\"@id\":\"https:\/\/www.canjosep.com\/es\/el-entorno\/#breadcrumb\"},\"inLanguage\":\"es\",\"potentialAction\":[{\"@type\":\"ReadAction\",\"target\":[\"https:\/\/www.canjosep.com\/es\/el-entorno\/\"]}]},{\"@type\":\"BreadcrumbList\",\"@id\":\"https:\/\/www.canjosep.com\/es\/el-entorno\/#breadcrumb\",\"itemListElement\":[{\"@type\":\"ListItem\",\"position\":1,\"name\":\"Inici\",\"item\":\"https:\/\/www.canjosep.com\/es\/\"},{\"@type\":\"ListItem\",\"position\":2,\"name\":\"El entorno\"}]},{\"@type\":\"WebSite\",\"@id\":\"https:\/\/www.canjosep.com\/#website\",\"url\":\"https:\/\/www.canjosep.com\/\",\"name\":\"Hotel - Restaurant Can Josep\",\"description\":\"\",\"potentialAction\":[{\"@type\":\"SearchAction\",\"target\":{\"@type\":\"EntryPoint\",\"urlTemplate\":\"https:\/\/www.canjosep.com\/?s={search_term_string}\"},\"query-input\":\"required name=search_term_string\"}],\"inLanguage\":\"es\"}]}<\/script>\n<!-- \/ Yoast SEO plugin. -->","yoast_head_json":{"title":"El entorno - Hotel - Restaurant Can Josep","robots":{"index":"index","follow":"follow","max-snippet":"max-snippet:-1","max-image-preview":"max-image-preview:large","max-video-preview":"max-video-preview:-1"},"canonical":"https:\/\/www.canjosep.com\/es\/el-entorno\/","og_locale":"es_ES","og_type":"article","og_title":"El entorno - Hotel - Restaurant Can Josep","og_description":"&nbsp;","og_url":"https:\/\/www.canjosep.com\/es\/el-entorno\/","og_site_name":"Hotel - Restaurant Can Josep","article_modified_time":"2018-01-19T11:00:09+00:00","og_image":[{"url":"https:\/\/www.canjosep.com\/wp-content\/uploads\/2015\/06\/terres_gandesa_fontcalda_via_verda-300x200.jpg"}],"twitter_card":"summary_large_image","twitter_misc":{"Tiempo de lectura":"1 minuto"},"schema":{"@context":"https:\/\/schema.org","@graph":[{"@type":"WebPage","@id":"https:\/\/www.canjosep.com\/es\/el-entorno\/","url":"https:\/\/www.canjosep.com\/es\/el-entorno\/","name":"El entorno - Hotel - Restaurant Can Josep","isPartOf":{"@id":"https:\/\/www.canjosep.com\/#website"},"datePublished":"2013-12-19T09:05:54+00:00","dateModified":"2018-01-19T11:00:09+00:00","breadcrumb":{"@id":"https:\/\/www.canjosep.com\/es\/el-entorno\/#breadcrumb"},"inLanguage":"es","potentialAction":[{"@type":"ReadAction","target":["https:\/\/www.canjosep.com\/es\/el-entorno\/"]}]},{"@type":"BreadcrumbList","@id":"https:\/\/www.canjosep.com\/es\/el-entorno\/#breadcrumb","itemListElement":[{"@type":"ListItem","position":1,"name":"Inici","item":"https:\/\/www.canjosep.com\/es\/"},{"@type":"ListItem","position":2,"name":"El entorno"}]},{"@type":"WebSite","@id":"https:\/\/www.canjosep.com\/#website","url":"https:\/\/www.canjosep.com\/","name":"Hotel - Restaurant Can Josep","description":"","potentialAction":[{"@type":"SearchAction","target":{"@type":"EntryPoint","urlTemplate":"https:\/\/www.canjosep.com\/?s={search_term_string}"},"query-input":"required name=search_term_string"}],"inLanguage":"es"}]}},"_links":{"self":[{"href":"https:\/\/www.canjosep.com\/es\/wp-json\/wp\/v2\/pages\/1243"}],"collection":[{"href":"https:\/\/www.canjosep.com\/es\/wp-json\/wp\/v2\/pages"}],"about":[{"href":"https:\/\/www.canjosep.com\/es\/wp-json\/wp\/v2\/types\/page"}],"author":[{"embeddable":true,"href":"https:\/\/www.canjosep.com\/es\/wp-json\/wp\/v2\/users\/1"}],"replies":[{"embeddable":true,"href":"https:\/\/www.canjosep.com\/es\/wp-json\/wp\/v2\/comments?post=1243"}],"version-history":[{"count":5,"href":"https:\/\/www.canjosep.com\/es\/wp-json\/wp\/v2\/pages\/1243\/revisions"}],"predecessor-version":[{"id":1629,"href":"https:\/\/www.canjosep.com\/es\/wp-json\/wp\/v2\/pages\/1243\/revisions\/1629"}],"wp:attachment":[{"href":"https:\/\/www.canjosep.com\/es\/wp-json\/wp\/v2\/media?parent=1243"}],"curies":[{"name":"wp","href":"https:\/\/api.w.org\/{rel}","templated":true}]}}