{"id":1222,"date":"2013-12-23T10:45:13","date_gmt":"2013-12-23T09:45:13","guid":{"rendered":"http:\/\/canjosep.com\/serveis-2\/"},"modified":"2022-10-26T15:41:08","modified_gmt":"2022-10-26T13:41:08","slug":"servicios","status":"publish","type":"page","link":"https:\/\/www.canjosep.com\/es\/servicios\/","title":{"rendered":"Servicios"},"content":{"rendered":"<div class='eight columns'><\/p>\n<p><ul class='list painted with-divider'><li><span class='icon-star'><\/span>SPA con cascadas jacuzzi y ba\u00f1o turco. Acceso de 50 minutos incluido con su reserva<\/li><li><span class='icon-star'><\/span>Servicio de masajes previa reserva<\/li><li><span class='icon-star'><\/span>Sala de estar para descansar o charlar tomando un caf\u00e9 o leyendo la prensa diaria. Tambi\u00e9n se puede consultar el ordenador o mirar la televisi\u00f3n<\/li><li><span class='icon-star'><\/span>Wifi - acceso sin hilos a Internet<\/li><li><span class='icon-star'><\/span>Informaci\u00f3n tur\u00edstica y reserva de actividades<\/li><li><span class='icon-star'><\/span>Informaci\u00f3n y servicios relacionados con la observaci\u00f3n de aves o \u2018birdwatching\u2019<\/li><li><span class='icon-star'><\/span>Safaris fotogr\u00e1ficos para la observaci\u00f3n de la cabra hisp\u00e1nica y la fauna de zona<\/li><li><span class='icon-star'><\/span>Enoturismo - visitas a bodegas<\/li><li><span class='icon-star'><\/span> cata de vinos y maridajes<\/li><li><span class='icon-star'><\/span>Piscina municipal a 50 m.<\/li><li><span class='icon-star'><\/span>V\u00eda verde a 25 m.<\/li><li><span class='icon-star'><\/span>Prensa diaria<\/li><li><span class='icon-star'><\/span>Parking y guarda bicicletas<\/li><li><span class='icon-star'><\/span>Servicio de bicicletas con f\u00e1cil acceso a la V\u00eda Verde \u2013 Consultar precios<\/li><li><span class='icon-star'><\/span>Servicio de Restaurante - recomendamos hacer reserva<\/li><li><span class='icon-star'><\/span>No esta permitido los animales de compa\u00f1ia<\/li><\/ul><\/p>\n<p><\/div>\n<div class='eight columns'><\/p>\n<p><a href=\"https:\/\/www.canjosep.com\/wp-content\/uploads\/2015\/06\/spa_canjosep_piscina.jpg\" rel=\"lightbox[1222]\"><img loading=\"lazy\" decoding=\"async\" class=\"alignnone wp-image-3066\" src=\"https:\/\/www.canjosep.com\/wp-content\/uploads\/2015\/06\/spa_canjosep_piscina.jpg\" alt=\"\" width=\"290\" height=\"193\" srcset=\"https:\/\/www.canjosep.com\/wp-content\/uploads\/2015\/06\/spa_canjosep_piscina.jpg 1024w, https:\/\/www.canjosep.com\/wp-content\/uploads\/2015\/06\/spa_canjosep_piscina-300x200.jpg 300w, https:\/\/www.canjosep.com\/wp-content\/uploads\/2015\/06\/spa_canjosep_piscina-768x512.jpg 768w, https:\/\/www.canjosep.com\/wp-content\/uploads\/2015\/06\/spa_canjosep_piscina-375x249.jpg 375w, https:\/\/www.canjosep.com\/wp-content\/uploads\/2015\/06\/spa_canjosep_piscina-500x332.jpg 500w, https:\/\/www.canjosep.com\/wp-content\/uploads\/2015\/06\/spa_canjosep_piscina-450x299.jpg 450w\" sizes=\"(max-width: 290px) 100vw, 290px\" \/><\/a> <a href=\"https:\/\/www.canjosep.com\/wp-content\/uploads\/2015\/06\/spa_canjosep_massatges.jpg\" rel=\"lightbox[1222]\"><img loading=\"lazy\" decoding=\"async\" class=\"alignnone wp-image-3056\" src=\"https:\/\/www.canjosep.com\/wp-content\/uploads\/2015\/06\/spa_canjosep_massatges.jpg\" alt=\"\" width=\"290\" height=\"193\" srcset=\"https:\/\/www.canjosep.com\/wp-content\/uploads\/2015\/06\/spa_canjosep_massatges.jpg 1024w, https:\/\/www.canjosep.com\/wp-content\/uploads\/2015\/06\/spa_canjosep_massatges-300x200.jpg 300w, https:\/\/www.canjosep.com\/wp-content\/uploads\/2015\/06\/spa_canjosep_massatges-768x512.jpg 768w, https:\/\/www.canjosep.com\/wp-content\/uploads\/2015\/06\/spa_canjosep_massatges-375x249.jpg 375w, https:\/\/www.canjosep.com\/wp-content\/uploads\/2015\/06\/spa_canjosep_massatges-500x332.jpg 500w, https:\/\/www.canjosep.com\/wp-content\/uploads\/2015\/06\/spa_canjosep_massatges-450x299.jpg 450w\" sizes=\"(max-width: 290px) 100vw, 290px\" \/><\/a><a href=\"https:\/\/www.canjosep.com\/wp-content\/uploads\/2022\/10\/canjosep_salaestar2.jpg\" rel=\"lightbox[1222]\"><img loading=\"lazy\" decoding=\"async\" class=\"alignnone wp-image-3100\" src=\"https:\/\/www.canjosep.com\/wp-content\/uploads\/2022\/10\/canjosep_salaestar2.jpg\" alt=\"\" width=\"290\" height=\"193\" srcset=\"https:\/\/www.canjosep.com\/wp-content\/uploads\/2022\/10\/canjosep_salaestar2.jpg 1024w, https:\/\/www.canjosep.com\/wp-content\/uploads\/2022\/10\/canjosep_salaestar2-300x200.jpg 300w, https:\/\/www.canjosep.com\/wp-content\/uploads\/2022\/10\/canjosep_salaestar2-768x512.jpg 768w, https:\/\/www.canjosep.com\/wp-content\/uploads\/2022\/10\/canjosep_salaestar2-375x249.jpg 375w, https:\/\/www.canjosep.com\/wp-content\/uploads\/2022\/10\/canjosep_salaestar2-500x332.jpg 500w, https:\/\/www.canjosep.com\/wp-content\/uploads\/2022\/10\/canjosep_salaestar2-450x299.jpg 450w\" sizes=\"(max-width: 290px) 100vw, 290px\" \/><\/a> <a href=\"https:\/\/www.canjosep.com\/wp-content\/uploads\/2022\/10\/canjosep_salaestar1.jpg\" rel=\"lightbox[1222]\"><img loading=\"lazy\" decoding=\"async\" class=\"alignnone wp-image-3105\" src=\"https:\/\/www.canjosep.com\/wp-content\/uploads\/2022\/10\/canjosep_salaestar1.jpg\" alt=\"\" width=\"289\" height=\"193\" srcset=\"https:\/\/www.canjosep.com\/wp-content\/uploads\/2022\/10\/canjosep_salaestar1.jpg 1024w, https:\/\/www.canjosep.com\/wp-content\/uploads\/2022\/10\/canjosep_salaestar1-300x200.jpg 300w, https:\/\/www.canjosep.com\/wp-content\/uploads\/2022\/10\/canjosep_salaestar1-768x512.jpg 768w, https:\/\/www.canjosep.com\/wp-content\/uploads\/2022\/10\/canjosep_salaestar1-375x249.jpg 375w, https:\/\/www.canjosep.com\/wp-content\/uploads\/2022\/10\/canjosep_salaestar1-500x332.jpg 500w, https:\/\/www.canjosep.com\/wp-content\/uploads\/2022\/10\/canjosep_salaestar1-450x299.jpg 450w\" sizes=\"(max-width: 289px) 100vw, 289px\" \/><\/a> <a href=\"https:\/\/www.canjosep.com\/wp-content\/uploads\/2022\/10\/canjosep_barra_bar.jpg\" rel=\"lightbox[1222]\"><img loading=\"lazy\" decoding=\"async\" class=\"alignnone wp-image-3095\" src=\"https:\/\/www.canjosep.com\/wp-content\/uploads\/2022\/10\/canjosep_barra_bar.jpg\" alt=\"\" width=\"290\" height=\"193\" srcset=\"https:\/\/www.canjosep.com\/wp-content\/uploads\/2022\/10\/canjosep_barra_bar.jpg 1024w, https:\/\/www.canjosep.com\/wp-content\/uploads\/2022\/10\/canjosep_barra_bar-300x200.jpg 300w, https:\/\/www.canjosep.com\/wp-content\/uploads\/2022\/10\/canjosep_barra_bar-768x512.jpg 768w, https:\/\/www.canjosep.com\/wp-content\/uploads\/2022\/10\/canjosep_barra_bar-375x249.jpg 375w, https:\/\/www.canjosep.com\/wp-content\/uploads\/2022\/10\/canjosep_barra_bar-500x332.jpg 500w, https:\/\/www.canjosep.com\/wp-content\/uploads\/2022\/10\/canjosep_barra_bar-450x299.jpg 450w\" sizes=\"(max-width: 290px) 100vw, 290px\" \/><\/a> <a href=\"http:\/\/canjosep.com\/\/wp-content\/uploads\/2013\/12\/IMG_5606.jpg\" rel=\"lightbox\"><img loading=\"lazy\" decoding=\"async\" class=\"alignnone wp-image-877\" src=\"https:\/\/canjosep.com\/\/wp-content\/uploads\/2013\/12\/IMG_5606-1024x683.jpg\" alt=\"Tast de vins\" width=\"290\" height=\"193\" srcset=\"https:\/\/www.canjosep.com\/wp-content\/uploads\/2013\/12\/IMG_5606-1024x683.jpg 1024w, https:\/\/www.canjosep.com\/wp-content\/uploads\/2013\/12\/IMG_5606-300x200.jpg 300w, https:\/\/www.canjosep.com\/wp-content\/uploads\/2013\/12\/IMG_5606-375x249.jpg 375w, https:\/\/www.canjosep.com\/wp-content\/uploads\/2013\/12\/IMG_5606-500x332.jpg 500w, https:\/\/www.canjosep.com\/wp-content\/uploads\/2013\/12\/IMG_5606-450x299.jpg 450w, https:\/\/www.canjosep.com\/wp-content\/uploads\/2013\/12\/IMG_5606.jpg 1200w\" sizes=\"(max-width: 290px) 100vw, 290px\" \/><\/a> <a href=\"http:\/\/canjosep.com\/\/wp-content\/uploads\/2013\/12\/IMG_7132.jpg\" rel=\"lightbox\"><img loading=\"lazy\" decoding=\"async\" class=\"alignnone wp-image-881\" src=\"https:\/\/canjosep.com\/\/wp-content\/uploads\/2013\/12\/IMG_7132-1024x683.jpg\" alt=\"Birdwatching\" width=\"290\" height=\"193\" srcset=\"https:\/\/www.canjosep.com\/wp-content\/uploads\/2013\/12\/IMG_7132-1024x683.jpg 1024w, https:\/\/www.canjosep.com\/wp-content\/uploads\/2013\/12\/IMG_7132-300x200.jpg 300w, https:\/\/www.canjosep.com\/wp-content\/uploads\/2013\/12\/IMG_7132-375x249.jpg 375w, https:\/\/www.canjosep.com\/wp-content\/uploads\/2013\/12\/IMG_7132-500x332.jpg 500w, https:\/\/www.canjosep.com\/wp-content\/uploads\/2013\/12\/IMG_7132-450x299.jpg 450w, https:\/\/www.canjosep.com\/wp-content\/uploads\/2013\/12\/IMG_7132.jpg 1200w\" sizes=\"(max-width: 290px) 100vw, 290px\" \/><\/a> <a href=\"https:\/\/www.canjosep.com\/wp-content\/uploads\/2022\/10\/canjosep_servei_bicis.jpg\" rel=\"lightbox[1222]\"><img loading=\"lazy\" decoding=\"async\" class=\"alignnone wp-image-3110\" src=\"https:\/\/www.canjosep.com\/wp-content\/uploads\/2022\/10\/canjosep_servei_bicis-1024x683.jpg\" alt=\"\" width=\"290\" height=\"193\" srcset=\"https:\/\/www.canjosep.com\/wp-content\/uploads\/2022\/10\/canjosep_servei_bicis-1024x683.jpg 1024w, https:\/\/www.canjosep.com\/wp-content\/uploads\/2022\/10\/canjosep_servei_bicis-300x200.jpg 300w, https:\/\/www.canjosep.com\/wp-content\/uploads\/2022\/10\/canjosep_servei_bicis-768x512.jpg 768w, https:\/\/www.canjosep.com\/wp-content\/uploads\/2022\/10\/canjosep_servei_bicis-375x249.jpg 375w, https:\/\/www.canjosep.com\/wp-content\/uploads\/2022\/10\/canjosep_servei_bicis-500x332.jpg 500w, https:\/\/www.canjosep.com\/wp-content\/uploads\/2022\/10\/canjosep_servei_bicis-450x299.jpg 450w, https:\/\/www.canjosep.com\/wp-content\/uploads\/2022\/10\/canjosep_servei_bicis.jpg 1200w\" sizes=\"(max-width: 290px) 100vw, 290px\" \/><\/a><\/p>\n<p><\/div><div class='clear'><\/div>\n","protected":false},"excerpt":{"rendered":"","protected":false},"author":1,"featured_media":0,"parent":0,"menu_order":0,"comment_status":"open","ping_status":"open","template":"page-fullwidth.php","meta":{"footnotes":""},"yoast_head":"<!-- This site is optimized with the Yoast SEO plugin v21.9.1 - https:\/\/yoast.com\/wordpress\/plugins\/seo\/ -->\n<title>Servicios - Hotel - Restaurant Can Josep<\/title>\n<meta name=\"robots\" content=\"index, follow, max-snippet:-1, max-image-preview:large, max-video-preview:-1\" \/>\n<link rel=\"canonical\" href=\"https:\/\/www.canjosep.com\/es\/servicios\/\" \/>\n<meta property=\"og:locale\" content=\"es_ES\" \/>\n<meta property=\"og:type\" content=\"article\" \/>\n<meta property=\"og:title\" content=\"Servicios - Hotel - Restaurant Can Josep\" \/>\n<meta property=\"og:url\" content=\"https:\/\/www.canjosep.com\/es\/servicios\/\" \/>\n<meta property=\"og:site_name\" content=\"Hotel - Restaurant Can Josep\" \/>\n<meta property=\"article:modified_time\" content=\"2022-10-26T13:41:08+00:00\" \/>\n<meta property=\"og:image\" content=\"https:\/\/www.canjosep.com\/wp-content\/uploads\/2015\/06\/spa_canjosep_piscina.jpg\" \/>\n<meta name=\"twitter:card\" content=\"summary_large_image\" \/>\n<meta name=\"twitter:label1\" content=\"Tiempo de lectura\" \/>\n\t<meta name=\"twitter:data1\" content=\"2 minutos\" \/>\n<script type=\"application\/ld+json\" class=\"yoast-schema-graph\">{\"@context\":\"https:\/\/schema.org\",\"@graph\":[{\"@type\":\"WebPage\",\"@id\":\"https:\/\/www.canjosep.com\/es\/servicios\/\",\"url\":\"https:\/\/www.canjosep.com\/es\/servicios\/\",\"name\":\"Servicios - Hotel - Restaurant Can Josep\",\"isPartOf\":{\"@id\":\"https:\/\/www.canjosep.com\/#website\"},\"datePublished\":\"2013-12-23T09:45:13+00:00\",\"dateModified\":\"2022-10-26T13:41:08+00:00\",\"breadcrumb\":{\"@id\":\"https:\/\/www.canjosep.com\/es\/servicios\/#breadcrumb\"},\"inLanguage\":\"es\",\"potentialAction\":[{\"@type\":\"ReadAction\",\"target\":[\"https:\/\/www.canjosep.com\/es\/servicios\/\"]}]},{\"@type\":\"BreadcrumbList\",\"@id\":\"https:\/\/www.canjosep.com\/es\/servicios\/#breadcrumb\",\"itemListElement\":[{\"@type\":\"ListItem\",\"position\":1,\"name\":\"Inici\",\"item\":\"https:\/\/www.canjosep.com\/es\/\"},{\"@type\":\"ListItem\",\"position\":2,\"name\":\"Servicios\"}]},{\"@type\":\"WebSite\",\"@id\":\"https:\/\/www.canjosep.com\/#website\",\"url\":\"https:\/\/www.canjosep.com\/\",\"name\":\"Hotel - Restaurant Can Josep\",\"description\":\"\",\"potentialAction\":[{\"@type\":\"SearchAction\",\"target\":{\"@type\":\"EntryPoint\",\"urlTemplate\":\"https:\/\/www.canjosep.com\/?s={search_term_string}\"},\"query-input\":\"required name=search_term_string\"}],\"inLanguage\":\"es\"}]}<\/script>\n<!-- \/ Yoast SEO plugin. -->","yoast_head_json":{"title":"Servicios - Hotel - Restaurant Can Josep","robots":{"index":"index","follow":"follow","max-snippet":"max-snippet:-1","max-image-preview":"max-image-preview:large","max-video-preview":"max-video-preview:-1"},"canonical":"https:\/\/www.canjosep.com\/es\/servicios\/","og_locale":"es_ES","og_type":"article","og_title":"Servicios - Hotel - Restaurant Can Josep","og_url":"https:\/\/www.canjosep.com\/es\/servicios\/","og_site_name":"Hotel - Restaurant Can Josep","article_modified_time":"2022-10-26T13:41:08+00:00","og_image":[{"url":"https:\/\/www.canjosep.com\/wp-content\/uploads\/2015\/06\/spa_canjosep_piscina.jpg"}],"twitter_card":"summary_large_image","twitter_misc":{"Tiempo de lectura":"2 minutos"},"schema":{"@context":"https:\/\/schema.org","@graph":[{"@type":"WebPage","@id":"https:\/\/www.canjosep.com\/es\/servicios\/","url":"https:\/\/www.canjosep.com\/es\/servicios\/","name":"Servicios - Hotel - Restaurant Can Josep","isPartOf":{"@id":"https:\/\/www.canjosep.com\/#website"},"datePublished":"2013-12-23T09:45:13+00:00","dateModified":"2022-10-26T13:41:08+00:00","breadcrumb":{"@id":"https:\/\/www.canjosep.com\/es\/servicios\/#breadcrumb"},"inLanguage":"es","potentialAction":[{"@type":"ReadAction","target":["https:\/\/www.canjosep.com\/es\/servicios\/"]}]},{"@type":"BreadcrumbList","@id":"https:\/\/www.canjosep.com\/es\/servicios\/#breadcrumb","itemListElement":[{"@type":"ListItem","position":1,"name":"Inici","item":"https:\/\/www.canjosep.com\/es\/"},{"@type":"ListItem","position":2,"name":"Servicios"}]},{"@type":"WebSite","@id":"https:\/\/www.canjosep.com\/#website","url":"https:\/\/www.canjosep.com\/","name":"Hotel - Restaurant Can Josep","description":"","potentialAction":[{"@type":"SearchAction","target":{"@type":"EntryPoint","urlTemplate":"https:\/\/www.canjosep.com\/?s={search_term_string}"},"query-input":"required name=search_term_string"}],"inLanguage":"es"}]}},"_links":{"self":[{"href":"https:\/\/www.canjosep.com\/es\/wp-json\/wp\/v2\/pages\/1222"}],"collection":[{"href":"https:\/\/www.canjosep.com\/es\/wp-json\/wp\/v2\/pages"}],"about":[{"href":"https:\/\/www.canjosep.com\/es\/wp-json\/wp\/v2\/types\/page"}],"author":[{"embeddable":true,"href":"https:\/\/www.canjosep.com\/es\/wp-json\/wp\/v2\/users\/1"}],"replies":[{"embeddable":true,"href":"https:\/\/www.canjosep.com\/es\/wp-json\/wp\/v2\/comments?post=1222"}],"version-history":[{"count":8,"href":"https:\/\/www.canjosep.com\/es\/wp-json\/wp\/v2\/pages\/1222\/revisions"}],"predecessor-version":[{"id":3120,"href":"https:\/\/www.canjosep.com\/es\/wp-json\/wp\/v2\/pages\/1222\/revisions\/3120"}],"wp:attachment":[{"href":"https:\/\/www.canjosep.com\/es\/wp-json\/wp\/v2\/media?parent=1222"}],"curies":[{"name":"wp","href":"https:\/\/api.w.org\/{rel}","templated":true}]}}