{"id":1750,"date":"2018-01-23T12:52:20","date_gmt":"2018-01-23T11:52:20","guid":{"rendered":"http:\/\/canjosep.com\/?page_id=1750"},"modified":"2018-01-23T12:53:45","modified_gmt":"2018-01-23T11:53:45","slug":"protection-of-personal-data-4","status":"publish","type":"page","link":"https:\/\/www.canjosep.com\/en\/protection-of-personal-data-4\/","title":{"rendered":"Protection of personal data 4"},"content":{"rendered":"<table width=\"640\">\n<tbody>\n<tr>\n<td width=\"36\"><strong>3.4<\/strong><\/td>\n<td colspan=\"2\" width=\"605\"><strong>Formulario 4 \u2013 CONTACTA \/ M\u00c1NDANOS UN MENSAJE<\/strong><\/td>\n<\/tr>\n<tr>\n<td colspan=\"3\" width=\"640\"><em><strong>Textos Legales Versi\u00f3n\u00a01\u00a0\u00a0 08-2017 <\/strong><\/em><\/td>\n<\/tr>\n<tr>\n<td colspan=\"3\" width=\"640\"><strong>PROTECCI\u00d3N DE DATOS PERSONALES (Informaci\u00f3n b\u00e1sica)<\/strong><\/td>\n<\/tr>\n<tr>\n<td colspan=\"2\" width=\"111\"><strong>Responsable<\/strong><\/td>\n<td width=\"529\">CAN JOSEP TERRA ALTA, S.L.<\/td>\n<\/tr>\n<tr>\n<td colspan=\"2\" width=\"111\"><strong>Finalidad<\/strong><\/td>\n<td width=\"529\">Recogida de los datos para atender sus consultas y el env\u00edo de informaci\u00f3n peri\u00f3dica de nuestras actividades, productos y servicios, incluso por medios electr\u00f3nicos.<\/td>\n<\/tr>\n<tr>\n<td colspan=\"2\" width=\"111\"><strong>Legitimaci\u00f3n<\/strong><\/td>\n<td width=\"529\">Consentimiento del interesado.<\/td>\n<\/tr>\n<tr>\n<td colspan=\"2\" width=\"111\"><strong>Destinatarios <\/strong><\/td>\n<td width=\"529\">No se prev\u00e9n cesiones de datos, excepto por previsi\u00f3n legal.<\/td>\n<\/tr>\n<tr>\n<td colspan=\"2\" width=\"111\"><strong>Derechos<\/strong><\/td>\n<td width=\"529\">Acceder, rectificar y suprimir los datos, as\u00ed como otros derechos como se explica en la informaci\u00f3n adicional.<\/td>\n<\/tr>\n<tr>\n<td colspan=\"2\" width=\"111\"><strong>Informaci\u00f3n adicional<\/strong><\/td>\n<td width=\"529\">Puede consultar la informaci\u00f3n adicional y detallada sobre protecci\u00f3n de datos a nuestra p\u00e1gina web: +info adicional RGPDUE<\/td>\n<\/tr>\n<\/tbody>\n<\/table>\n","protected":false},"excerpt":{"rendered":"<p>3.4 Formulario 4 \u2013 CONTACTA \/ M\u00c1NDANOS UN MENSAJE Textos Legales Versi\u00f3n\u00a01\u00a0\u00a0 08-2017 PROTECCI\u00d3N DE DATOS PERSONALES (Informaci\u00f3n b\u00e1sica) Responsable CAN JOSEP TERRA ALTA, S.L. Finalidad Recogida de los datos para atender sus consultas y el env\u00edo de informaci\u00f3n peri\u00f3dica de nuestras actividades, productos y servicios, incluso por medios electr\u00f3nicos. Legitimaci\u00f3n Consentimiento del interesado. Destinatarios No se prev\u00e9n cesiones de datos, excepto por previsi\u00f3n legal. Derechos Acceder, rectificar y suprimir los datos, as\u00ed como otros derechos como se explica en la informaci\u00f3n adicional. Informaci\u00f3n adicional Puede consultar la informaci\u00f3n adicional y detallada sobre protecci\u00f3n de datos a nuestra p\u00e1gina web: +info adicional RGPDUE<\/p>\n","protected":false},"author":1,"featured_media":0,"parent":0,"menu_order":0,"comment_status":"closed","ping_status":"closed","template":"","meta":{"footnotes":""},"yoast_head":"<!-- This site is optimized with the Yoast SEO plugin v21.9.1 - https:\/\/yoast.com\/wordpress\/plugins\/seo\/ -->\n<title>Protection of personal data 4 - Hotel - Restaurant Can Josep<\/title>\n<meta name=\"robots\" content=\"index, follow, max-snippet:-1, max-image-preview:large, max-video-preview:-1\" \/>\n<link rel=\"canonical\" href=\"https:\/\/www.canjosep.com\/en\/protection-of-personal-data-4\/\" \/>\n<meta property=\"og:locale\" content=\"en_US\" \/>\n<meta property=\"og:type\" content=\"article\" \/>\n<meta property=\"og:title\" content=\"Protection of personal data 4 - Hotel - Restaurant Can Josep\" \/>\n<meta property=\"og:description\" content=\"3.4 Formulario 4 \u2013 CONTACTA \/ M\u00c1NDANOS UN MENSAJE Textos Legales Versi\u00f3n\u00a01\u00a0\u00a0 08-2017 PROTECCI\u00d3N DE DATOS PERSONALES (Informaci\u00f3n b\u00e1sica) Responsable CAN JOSEP TERRA ALTA, S.L. Finalidad Recogida de los datos para atender sus consultas y el env\u00edo de informaci\u00f3n peri\u00f3dica de nuestras actividades, productos y servicios, incluso por medios electr\u00f3nicos. Legitimaci\u00f3n Consentimiento del interesado. Destinatarios No se prev\u00e9n cesiones de datos, excepto por previsi\u00f3n legal. Derechos Acceder, rectificar y suprimir los datos, as\u00ed como otros derechos como se explica en la informaci\u00f3n adicional. Informaci\u00f3n adicional Puede consultar la informaci\u00f3n adicional y detallada sobre protecci\u00f3n de datos a nuestra p\u00e1gina web: +info adicional RGPDUE\" \/>\n<meta property=\"og:url\" content=\"https:\/\/www.canjosep.com\/en\/protection-of-personal-data-4\/\" \/>\n<meta property=\"og:site_name\" content=\"Hotel - Restaurant Can Josep\" \/>\n<meta property=\"article:modified_time\" content=\"2018-01-23T11:53:45+00:00\" \/>\n<meta name=\"twitter:card\" content=\"summary_large_image\" \/>\n<meta name=\"twitter:label1\" content=\"Est. reading time\" \/>\n\t<meta name=\"twitter:data1\" content=\"1 minute\" \/>\n<script type=\"application\/ld+json\" class=\"yoast-schema-graph\">{\"@context\":\"https:\/\/schema.org\",\"@graph\":[{\"@type\":\"WebPage\",\"@id\":\"https:\/\/www.canjosep.com\/en\/protection-of-personal-data-4\/\",\"url\":\"https:\/\/www.canjosep.com\/en\/protection-of-personal-data-4\/\",\"name\":\"Protection of personal data 4 - Hotel - Restaurant Can Josep\",\"isPartOf\":{\"@id\":\"https:\/\/www.canjosep.com\/#website\"},\"datePublished\":\"2018-01-23T11:52:20+00:00\",\"dateModified\":\"2018-01-23T11:53:45+00:00\",\"breadcrumb\":{\"@id\":\"https:\/\/www.canjosep.com\/en\/protection-of-personal-data-4\/#breadcrumb\"},\"inLanguage\":\"en-US\",\"potentialAction\":[{\"@type\":\"ReadAction\",\"target\":[\"https:\/\/www.canjosep.com\/en\/protection-of-personal-data-4\/\"]}]},{\"@type\":\"BreadcrumbList\",\"@id\":\"https:\/\/www.canjosep.com\/en\/protection-of-personal-data-4\/#breadcrumb\",\"itemListElement\":[{\"@type\":\"ListItem\",\"position\":1,\"name\":\"Inici\",\"item\":\"https:\/\/www.canjosep.com\/en\/\"},{\"@type\":\"ListItem\",\"position\":2,\"name\":\"Protection of personal data 4\"}]},{\"@type\":\"WebSite\",\"@id\":\"https:\/\/www.canjosep.com\/#website\",\"url\":\"https:\/\/www.canjosep.com\/\",\"name\":\"Hotel - Restaurant Can Josep\",\"description\":\"\",\"potentialAction\":[{\"@type\":\"SearchAction\",\"target\":{\"@type\":\"EntryPoint\",\"urlTemplate\":\"https:\/\/www.canjosep.com\/?s={search_term_string}\"},\"query-input\":\"required name=search_term_string\"}],\"inLanguage\":\"en-US\"}]}<\/script>\n<!-- \/ Yoast SEO plugin. -->","yoast_head_json":{"title":"Protection of personal data 4 - Hotel - Restaurant Can Josep","robots":{"index":"index","follow":"follow","max-snippet":"max-snippet:-1","max-image-preview":"max-image-preview:large","max-video-preview":"max-video-preview:-1"},"canonical":"https:\/\/www.canjosep.com\/en\/protection-of-personal-data-4\/","og_locale":"en_US","og_type":"article","og_title":"Protection of personal data 4 - Hotel - Restaurant Can Josep","og_description":"3.4 Formulario 4 \u2013 CONTACTA \/ M\u00c1NDANOS UN MENSAJE Textos Legales Versi\u00f3n\u00a01\u00a0\u00a0 08-2017 PROTECCI\u00d3N DE DATOS PERSONALES (Informaci\u00f3n b\u00e1sica) Responsable CAN JOSEP TERRA ALTA, S.L. Finalidad Recogida de los datos para atender sus consultas y el env\u00edo de informaci\u00f3n peri\u00f3dica de nuestras actividades, productos y servicios, incluso por medios electr\u00f3nicos. Legitimaci\u00f3n Consentimiento del interesado. Destinatarios No se prev\u00e9n cesiones de datos, excepto por previsi\u00f3n legal. Derechos Acceder, rectificar y suprimir los datos, as\u00ed como otros derechos como se explica en la informaci\u00f3n adicional. Informaci\u00f3n adicional Puede consultar la informaci\u00f3n adicional y detallada sobre protecci\u00f3n de datos a nuestra p\u00e1gina web: +info adicional RGPDUE","og_url":"https:\/\/www.canjosep.com\/en\/protection-of-personal-data-4\/","og_site_name":"Hotel - Restaurant Can Josep","article_modified_time":"2018-01-23T11:53:45+00:00","twitter_card":"summary_large_image","twitter_misc":{"Est. reading time":"1 minute"},"schema":{"@context":"https:\/\/schema.org","@graph":[{"@type":"WebPage","@id":"https:\/\/www.canjosep.com\/en\/protection-of-personal-data-4\/","url":"https:\/\/www.canjosep.com\/en\/protection-of-personal-data-4\/","name":"Protection of personal data 4 - Hotel - Restaurant Can Josep","isPartOf":{"@id":"https:\/\/www.canjosep.com\/#website"},"datePublished":"2018-01-23T11:52:20+00:00","dateModified":"2018-01-23T11:53:45+00:00","breadcrumb":{"@id":"https:\/\/www.canjosep.com\/en\/protection-of-personal-data-4\/#breadcrumb"},"inLanguage":"en-US","potentialAction":[{"@type":"ReadAction","target":["https:\/\/www.canjosep.com\/en\/protection-of-personal-data-4\/"]}]},{"@type":"BreadcrumbList","@id":"https:\/\/www.canjosep.com\/en\/protection-of-personal-data-4\/#breadcrumb","itemListElement":[{"@type":"ListItem","position":1,"name":"Inici","item":"https:\/\/www.canjosep.com\/en\/"},{"@type":"ListItem","position":2,"name":"Protection of personal data 4"}]},{"@type":"WebSite","@id":"https:\/\/www.canjosep.com\/#website","url":"https:\/\/www.canjosep.com\/","name":"Hotel - Restaurant Can Josep","description":"","potentialAction":[{"@type":"SearchAction","target":{"@type":"EntryPoint","urlTemplate":"https:\/\/www.canjosep.com\/?s={search_term_string}"},"query-input":"required name=search_term_string"}],"inLanguage":"en-US"}]}},"_links":{"self":[{"href":"https:\/\/www.canjosep.com\/en\/wp-json\/wp\/v2\/pages\/1750"}],"collection":[{"href":"https:\/\/www.canjosep.com\/en\/wp-json\/wp\/v2\/pages"}],"about":[{"href":"https:\/\/www.canjosep.com\/en\/wp-json\/wp\/v2\/types\/page"}],"author":[{"embeddable":true,"href":"https:\/\/www.canjosep.com\/en\/wp-json\/wp\/v2\/users\/1"}],"replies":[{"embeddable":true,"href":"https:\/\/www.canjosep.com\/en\/wp-json\/wp\/v2\/comments?post=1750"}],"version-history":[{"count":1,"href":"https:\/\/www.canjosep.com\/en\/wp-json\/wp\/v2\/pages\/1750\/revisions"}],"predecessor-version":[{"id":1782,"href":"https:\/\/www.canjosep.com\/en\/wp-json\/wp\/v2\/pages\/1750\/revisions\/1782"}],"wp:attachment":[{"href":"https:\/\/www.canjosep.com\/en\/wp-json\/wp\/v2\/media?parent=1750"}],"curies":[{"name":"wp","href":"https:\/\/api.w.org\/{rel}","templated":true}]}}